{"id":94,"date":"2023-04-08T08:02:32","date_gmt":"2023-04-08T08:02:32","guid":{"rendered":"https:\/\/hablemosdepiano.com\/?page_id=94"},"modified":"2023-04-11T22:52:41","modified_gmt":"2023-04-11T22:52:41","slug":"resena-yamaha-p-125b-piano-digital","status":"publish","type":"page","link":"https:\/\/hablemosdepiano.com\/index.php\/resena-yamaha-p-125b-piano-digital\/","title":{"rendered":"Rese\u00f1a Yamaha P-125B Piano Digital"},"content":{"rendered":"\n<figure class=\"wp-block-image aligncenter size-full\"><img decoding=\"async\" loading=\"lazy\" width=\"970\" height=\"300\" src=\"https:\/\/hablemosdepiano.com\/wp-content\/uploads\/2023\/04\/yamaha-p125-cabecera.jpg\" alt=\"\" class=\"wp-image-208\" srcset=\"https:\/\/hablemosdepiano.com\/wp-content\/uploads\/2023\/04\/yamaha-p125-cabecera.jpg 970w, https:\/\/hablemosdepiano.com\/wp-content\/uploads\/2023\/04\/yamaha-p125-cabecera-300x93.jpg 300w, https:\/\/hablemosdepiano.com\/wp-content\/uploads\/2023\/04\/yamaha-p125-cabecera-768x238.jpg 768w\" sizes=\"(max-width: 970px) 100vw, 970px\" \/><\/figure>\n\n\n\n<p>La marca Yamaha es una de la m\u00e1s prestigiosas dentro del mundo de los Instrumentos Musicales. Este piano Yamaha P-125B te servir\u00e1 por muchos a\u00f1os y es una de las principales recomendaciones para acceder a un muy buen producto.<\/p>\n\n\n\n<div style=\"height:31px\" aria-hidden=\"true\" class=\"wp-block-spacer\"><\/div>\n\n\n\n<figure class=\"wp-block-gallery has-nested-images columns-default is-cropped wp-block-gallery-1 is-layout-flex\">\n<figure class=\"wp-block-image size-large\"><img decoding=\"async\" loading=\"lazy\" width=\"1024\" height=\"219\" data-id=\"97\"  src=\"https:\/\/hablemosdepiano.com\/wp-content\/uploads\/2023\/04\/yamaha-p-125B-piano-digital-01-1024x219.jpg\" alt=\"\" class=\"wp-image-97\" srcset=\"https:\/\/hablemosdepiano.com\/wp-content\/uploads\/2023\/04\/yamaha-p-125B-piano-digital-01-1024x219.jpg 1024w, https:\/\/hablemosdepiano.com\/wp-content\/uploads\/2023\/04\/yamaha-p-125B-piano-digital-01-300x64.jpg 300w, https:\/\/hablemosdepiano.com\/wp-content\/uploads\/2023\/04\/yamaha-p-125B-piano-digital-01-768x164.jpg 768w, https:\/\/hablemosdepiano.com\/wp-content\/uploads\/2023\/04\/yamaha-p-125B-piano-digital-01.jpg 1500w\" sizes=\"(max-width: 1024px) 100vw, 1024px\" \/><\/figure>\n\n\n\n<figure class=\"wp-block-image size-large\"><img decoding=\"async\" loading=\"lazy\" width=\"1024\" height=\"169\" data-id=\"98\"  src=\"https:\/\/hablemosdepiano.com\/wp-content\/uploads\/2023\/04\/yamaha-p-125B-piano-digital-02-1024x169.jpg\" alt=\"\" class=\"wp-image-98\" srcset=\"https:\/\/hablemosdepiano.com\/wp-content\/uploads\/2023\/04\/yamaha-p-125B-piano-digital-02-1024x169.jpg 1024w, https:\/\/hablemosdepiano.com\/wp-content\/uploads\/2023\/04\/yamaha-p-125B-piano-digital-02-300x49.jpg 300w, https:\/\/hablemosdepiano.com\/wp-content\/uploads\/2023\/04\/yamaha-p-125B-piano-digital-02-768x126.jpg 768w, https:\/\/hablemosdepiano.com\/wp-content\/uploads\/2023\/04\/yamaha-p-125B-piano-digital-02.jpg 1500w\" sizes=\"(max-width: 1024px) 100vw, 1024px\" \/><\/figure>\n\n\n\n<figure class=\"wp-block-image size-large\"><img decoding=\"async\" loading=\"lazy\" width=\"1024\" height=\"1006\" data-id=\"101\"  src=\"https:\/\/hablemosdepiano.com\/wp-content\/uploads\/2023\/04\/yamaha-p-125B-piano-digital-03-1024x1006.jpg\" alt=\"\" class=\"wp-image-101\" srcset=\"https:\/\/hablemosdepiano.com\/wp-content\/uploads\/2023\/04\/yamaha-p-125B-piano-digital-03-1024x1006.jpg 1024w, https:\/\/hablemosdepiano.com\/wp-content\/uploads\/2023\/04\/yamaha-p-125B-piano-digital-03-300x295.jpg 300w, https:\/\/hablemosdepiano.com\/wp-content\/uploads\/2023\/04\/yamaha-p-125B-piano-digital-03-768x755.jpg 768w, https:\/\/hablemosdepiano.com\/wp-content\/uploads\/2023\/04\/yamaha-p-125B-piano-digital-03.jpg 1106w\" sizes=\"(max-width: 1024px) 100vw, 1024px\" \/><\/figure>\n\n\n\n<figure class=\"wp-block-image size-large\"><img decoding=\"async\" loading=\"lazy\" width=\"1024\" height=\"228\" data-id=\"99\"  src=\"https:\/\/hablemosdepiano.com\/wp-content\/uploads\/2023\/04\/yamaha-p-125B-piano-digital-04-1024x228.jpg\" alt=\"\" class=\"wp-image-99\" srcset=\"https:\/\/hablemosdepiano.com\/wp-content\/uploads\/2023\/04\/yamaha-p-125B-piano-digital-04-1024x228.jpg 1024w, https:\/\/hablemosdepiano.com\/wp-content\/uploads\/2023\/04\/yamaha-p-125B-piano-digital-04-300x67.jpg 300w, https:\/\/hablemosdepiano.com\/wp-content\/uploads\/2023\/04\/yamaha-p-125B-piano-digital-04-768x171.jpg 768w, https:\/\/hablemosdepiano.com\/wp-content\/uploads\/2023\/04\/yamaha-p-125B-piano-digital-04.jpg 1500w\" sizes=\"(max-width: 1024px) 100vw, 1024px\" \/><\/figure>\n\n\n\n<figure class=\"wp-block-image size-large\"><img decoding=\"async\" loading=\"lazy\" width=\"1024\" height=\"675\" data-id=\"103\"  src=\"https:\/\/hablemosdepiano.com\/wp-content\/uploads\/2023\/04\/yamaha-p-125B-piano-digital-05-1024x675.jpg\" alt=\"\" class=\"wp-image-103\" srcset=\"https:\/\/hablemosdepiano.com\/wp-content\/uploads\/2023\/04\/yamaha-p-125B-piano-digital-05-1024x675.jpg 1024w, https:\/\/hablemosdepiano.com\/wp-content\/uploads\/2023\/04\/yamaha-p-125B-piano-digital-05-300x198.jpg 300w, https:\/\/hablemosdepiano.com\/wp-content\/uploads\/2023\/04\/yamaha-p-125B-piano-digital-05-768x506.jpg 768w, https:\/\/hablemosdepiano.com\/wp-content\/uploads\/2023\/04\/yamaha-p-125B-piano-digital-05.jpg 1500w\" sizes=\"(max-width: 1024px) 100vw, 1024px\" \/><\/figure>\n\n\n\n<figure class=\"wp-block-image size-large\"><img decoding=\"async\" loading=\"lazy\" width=\"1024\" height=\"683\" data-id=\"104\"  src=\"https:\/\/hablemosdepiano.com\/wp-content\/uploads\/2023\/04\/yamaha-p-125B-piano-digital-06-1024x683.jpg\" alt=\"\" class=\"wp-image-104\" srcset=\"https:\/\/hablemosdepiano.com\/wp-content\/uploads\/2023\/04\/yamaha-p-125B-piano-digital-06-1024x683.jpg 1024w, https:\/\/hablemosdepiano.com\/wp-content\/uploads\/2023\/04\/yamaha-p-125B-piano-digital-06-300x200.jpg 300w, https:\/\/hablemosdepiano.com\/wp-content\/uploads\/2023\/04\/yamaha-p-125B-piano-digital-06-768x512.jpg 768w, https:\/\/hablemosdepiano.com\/wp-content\/uploads\/2023\/04\/yamaha-p-125B-piano-digital-06.jpg 1500w\" sizes=\"(max-width: 1024px) 100vw, 1024px\" \/><\/figure>\n\n\n\n<figure class=\"wp-block-image size-large\"><img decoding=\"async\" loading=\"lazy\" width=\"1011\" height=\"1024\" data-id=\"102\"  src=\"https:\/\/hablemosdepiano.com\/wp-content\/uploads\/2023\/04\/yamaha-p-125B-piano-digital-07-1011x1024.jpg\" alt=\"\" class=\"wp-image-102\" srcset=\"https:\/\/hablemosdepiano.com\/wp-content\/uploads\/2023\/04\/yamaha-p-125B-piano-digital-07-1011x1024.jpg 1011w, https:\/\/hablemosdepiano.com\/wp-content\/uploads\/2023\/04\/yamaha-p-125B-piano-digital-07-296x300.jpg 296w, https:\/\/hablemosdepiano.com\/wp-content\/uploads\/2023\/04\/yamaha-p-125B-piano-digital-07-768x778.jpg 768w, https:\/\/hablemosdepiano.com\/wp-content\/uploads\/2023\/04\/yamaha-p-125B-piano-digital-07.jpg 1084w\" sizes=\"(max-width: 1011px) 100vw, 1011px\" \/><\/figure>\n\n\n\n<figure class=\"wp-block-image size-large\"><img decoding=\"async\" loading=\"lazy\" width=\"1024\" height=\"640\" data-id=\"100\"  src=\"https:\/\/hablemosdepiano.com\/wp-content\/uploads\/2023\/04\/yamaha-p-125B-piano-digital-08-1024x640.jpg\" alt=\"\" class=\"wp-image-100\" srcset=\"https:\/\/hablemosdepiano.com\/wp-content\/uploads\/2023\/04\/yamaha-p-125B-piano-digital-08-1024x640.jpg 1024w, https:\/\/hablemosdepiano.com\/wp-content\/uploads\/2023\/04\/yamaha-p-125B-piano-digital-08-300x188.jpg 300w, https:\/\/hablemosdepiano.com\/wp-content\/uploads\/2023\/04\/yamaha-p-125B-piano-digital-08-768x480.jpg 768w, https:\/\/hablemosdepiano.com\/wp-content\/uploads\/2023\/04\/yamaha-p-125B-piano-digital-08.jpg 1456w\" sizes=\"(max-width: 1024px) 100vw, 1024px\" \/><\/figure>\n<\/figure>\n\n\n\n<div style=\"height:28px\" aria-hidden=\"true\" class=\"wp-block-spacer\"><\/div>\n\n\n\n<div class=\"wp-block-buttons is-content-justification-center is-layout-flex wp-container-3\">\n<div class=\"wp-block-button has-custom-font-size is-style-fill has-medium-font-size\"><a class=\"wp-block-button__link has-black-color has-luminous-vivid-amber-background-color has-text-color has-background wp-element-button\" href=\"https:\/\/amzn.to\/3UiYslk\" style=\"border-radius:0px\" target=\"_blank\" rel=\"https:\/\/amzn.to\/3MpJ8kX noopener\">Comprar en AMAZON<\/a><\/div>\n<\/div>\n\n\n\n<div style=\"height:45px\" aria-hidden=\"true\" class=\"wp-block-spacer\"><\/div>\n\n\n\n<h2 class=\"wp-block-heading\">Caracter\u00edsticas del Piano Digital Yamaha P-125B<\/h2>\n\n\n\n<figure class=\"wp-block-table\"><table><tbody><tr><td><strong>Marca<\/strong><\/td><td>YAMAHA<\/td><\/tr><tr><td><strong>Color<\/strong><\/td><td>Negro<\/td><\/tr><tr><td><strong>N\u00famero de teclas<\/strong><\/td><td>88<\/td><\/tr><tr><td><strong>Peso del producto<\/strong><\/td><td>11.8 Kilogramos<\/td><\/tr><tr><td><strong>Nombre del modelo<\/strong><\/td><td>NP125B<\/td><\/tr><tr><td><strong>Dimensiones del producto: largo x ancho x alto<\/strong><\/td><td>29.5 x 132.6 x 16.6 cent\u00edmetros<\/td><\/tr><tr><td><strong>Estilo<\/strong><\/td><td>Piano digital<\/td><\/tr><tr><td><strong>Tipo de conector<\/strong><\/td><td>\/<\/td><\/tr><tr><td><strong>Tecnolog\u00eda de conectividad<\/strong><\/td><td>USB to HOST<\/td><\/tr><\/tbody><\/table><\/figure>\n\n\n\n<div style=\"height:31px\" aria-hidden=\"true\" class=\"wp-block-spacer\"><\/div>\n\n\n\n<h2 class=\"wp-block-heading\">M\u00e1s sobre el Piano Digital Yamaha P-125B<\/h2>\n\n\n\n<ul>\n<li>El est\u00e1ndar de los pianos digitales port\u00e1tiles; dise\u00f1o sofisticado con una reflexi\u00f3n m\u00ednima de la luz en la superficie y una est\u00e9tica sobria de los altavoces; acabado bello y elegante<\/li>\n\n\n\n<li>Piano de 88 teclas con el potente y cristalino sonido del piano de cola CFIIIS 9&#8242;.Reproduce el sonido de un piano ac\u00fastico con el teclado de martillos graduados est\u00e1ndar (GHS); con pedal de sustain<\/li>\n\n\n\n<li>El sistema de altavoces de 2 v\u00edas posee un sonido expansivo , con potentes graves y unos agudos definidos; y con \u00abtable EQ\u00bb tendr\u00e1s siempre una ac\u00fastica \u00f3ptima, aun colocado encima de la mesa<\/li>\n\n\n\n<li>Utiliza la Smart Pianist App para crear m\u00fasica m\u00e1s r\u00e1pido: practica con un metr\u00f3nomo, graba tus canciones o escanea tus piezas y tenlas en tu lista de reproducci\u00f3n<\/li>\n\n\n\n<li>Contenido de env\u00edo: piano digital compacto Yamaha P-125 con un dise\u00f1o minimalista pensado para mantener al pianista concentrado en su interpretaci\u00f3n, con pedal, adaptador AC y manual, color negro<\/li>\n<\/ul>\n\n\n\n<div style=\"height:31px\" aria-hidden=\"true\" class=\"wp-block-spacer\"><\/div>\n\n\n\n<h2 class=\"wp-block-heading\">Todas las Ventajas del Piano Digital Yamaha P-125B<\/h2>\n\n\n\n<h4 class=\"wp-block-heading\">Compacto, din\u00e1mico y potente<\/h4>\n\n\n\n<p>El piano digital Yamaha P-125B es el piano para los m\u00fasicos con poco espacio: sus dimensiones compactas y su dise\u00f1o minimalista hacen que encaje en cualquier hogar. Adem\u00e1s, este instrumento te sorprender\u00e1 por su potencia y calidad de sonido: \u00a1Desc\u00fabrelo, no te dejar\u00e1 indiferente!<\/p>\n\n\n\n<p>\u00bfPara un gran sonido necesitas un piano enorme? \u00a1El P-125B te demuestra lo contrario! Aqu\u00ed la calidad del sonido se esconde en un piano digital compacto que tambi\u00e9n es f\u00e1cil de transportar.<\/p>\n\n\n\n<h4 class=\"wp-block-heading\">Funcionamiento intuitivo<\/h4>\n\n\n\n<p>Este piano digital es f\u00e1cil de usar gracias a su dise\u00f1o sencillo y compacto. Es adecuado para principiantes, pero tambi\u00e9n es una gran herramienta para m\u00fasicos con niveles m\u00e1s avanzados.<\/p>\n\n\n\n<h3 class=\"wp-block-heading\">Funcionamiento sencillo<\/h3>\n\n\n\n<p>Tocar el piano, simplificado: con un solo bot\u00f3n del panel de control, se puede acceder a una amplia gama de ajustes, desde el tono hasta el metr\u00f3nomo. Esto es especialmente \u00fatil para principiantes o m\u00fasicos ocasionales.<\/p>\n\n\n\n<h3 class=\"wp-block-heading\">Disfruta tocando<\/h3>\n\n\n\n<p>Sus 88 teclas graduadas hacen que tocar el piano sea toda una experiencia. El sistema de altavoces de dos v\u00edas o el Optimizador Estereof\u00f3nico al tocar con auriculares permiten que el sonido sea claro, potente y definido; \u00a1para que simplemente te dejes llevar por la m\u00fasica!<\/p>\n\n\n\n<h3 class=\"wp-block-heading\">Un mundo de posibilidades<\/h3>\n\n\n\n<p>Para m\u00fasicos apasionados: 24 voces, 20 ritmos y 4 tipos de reverberaci\u00f3n te brindan posibilidades casi ilimitadas para crear tus propias canciones. Con la funci\u00f3n de grabaci\u00f3n, las podr\u00e1s guardar directamente.<\/p>\n\n\n\n<h3 class=\"wp-block-heading\">M\u00fasica para el tiempo muerto<\/h3>\n\n\n\n<p>La m\u00fasica hace la vida m\u00e1s bella: \u00a1El P-125B trae alegr\u00eda a tu d\u00eda a d\u00eda! Puedes completar el equipo con el soporte de piano y la unidad de 3 pedales, disponibles de manera adicional. La aplicaci\u00f3n \u00abSmart Pianist\u00bb es tambi\u00e9n el complemento adecuado para el P-125B: podr\u00e1s conectar el piano digital a un iPhone, iPad o a determinados dispositivos Android &#8211; \u00a1para que disfrutes creando gracias a sus posibilidades adicionales!<\/p>\n\n\n\n<h3 class=\"wp-block-heading\">Acceso por 3 meses a Flowkey<\/h3>\n\n\n\n<p>Flowkey es una de las aplicaciones m\u00e1s populares para aprender a tocar el piano de forma intuitiva. Aunque nosotros no somos partidarios de aprender a tocar el piano con ninguna aplicaci\u00f3n, te pueden servir para \u00abjugar\u00bb con el instrumento.<\/p>\n\n\n\n<p>Al comprar un teclado o un piano digital Yamaha, recibir\u00e1s acceso a la aplicaci\u00f3n Flowkey con todas las canciones y tutoriales durante tres meses. Todo lo que tienes que hacer es registrar tu instrumento en el sitio web de Yamaha.<\/p>\n\n\n\n<h2 class=\"wp-block-heading\">Comparativa con otros Pianos Digitales de Yamaha<\/h2>\n\n\n\n<figure class=\"wp-block-table\"><table><tbody><tr><th><\/th><th>Yamaha P-125<br><img decoding=\"async\" loading=\"lazy\" width=\"150\" height=\"300\" class=\"wp-image-181\" style=\"width: 150px;\" src=\"https:\/\/hablemosdepiano.com\/wp-content\/uploads\/2023\/04\/yamaha-p125.jpg\" alt=\"\"><\/th><th><a href=\"https:\/\/hablemosdepiano.com\/index.php\/resena-yamaha-p-45-piano-digital\/\">Yamaha P-45<\/a><br><a href=\"https:\/\/hablemosdepiano.com\/index.php\/resena-yamaha-p-45-piano-digital\/\"><img decoding=\"async\" loading=\"lazy\" width=\"150\" height=\"300\" class=\"wp-image-179\" style=\"width: 150px;\" src=\"https:\/\/hablemosdepiano.com\/wp-content\/uploads\/2023\/04\/yamaha-p45.jpg\" alt=\"\"><\/a><\/th><th><a href=\"https:\/\/hablemosdepiano.com\/index.php\/resena-yamaha-p-121b-piano-digital\/\">Yamaha P-121<\/a><br><a href=\"https:\/\/hablemosdepiano.com\/index.php\/resena-yamaha-p-121b-piano-digital\/\"><img decoding=\"async\" loading=\"lazy\" width=\"150\" height=\"300\" class=\"wp-image-180\" style=\"width: 150px;\" src=\"https:\/\/hablemosdepiano.com\/wp-content\/uploads\/2023\/04\/yamaha-p121.jpg\" alt=\"\"><\/a><\/th><th><a href=\"https:\/\/hablemosdepiano.com\/index.php\/resena-yamaha-arius-ydp-s34-piano-digital\/\">Yamaha YDP-S34<\/a><br><a href=\"https:\/\/hablemosdepiano.com\/index.php\/resena-yamaha-arius-ydp-s34-piano-digital\/\"><img decoding=\"async\" loading=\"lazy\" width=\"150\" height=\"300\" class=\"wp-image-183\" style=\"width: 150px;\" src=\"https:\/\/hablemosdepiano.com\/wp-content\/uploads\/2023\/04\/Yamaha-YDP-S34B.png\" alt=\"\"><\/a><\/th><th><a href=\"https:\/\/hablemosdepiano.com\/index.php\/resena-yamaha-arius-ydp-144-piano-digital\/\">Yamaha YDP-144<\/a><br><a href=\"https:\/\/hablemosdepiano.com\/index.php\/resena-yamaha-arius-ydp-144-piano-digital\/\"><img decoding=\"async\" loading=\"lazy\" width=\"150\" height=\"300\" class=\"wp-image-182\" style=\"width: 150px;\" src=\"https:\/\/hablemosdepiano.com\/wp-content\/uploads\/2023\/04\/Yamaha-YDP-144B.jpg\" alt=\"\"><\/a><\/th><\/tr><tr><th>Teclado<\/th><td>88 Teclas GHS 88 Teclas GHS (Graded Hammer Standard); Sensible a la Pulsaci\u00f3n<\/td><td>88 Teclas GHS 88 Teclas GHS (Graded Hammer Standard); Sensible a la Pulsaci\u00f3n<\/td><td>73 Teclas GHS (Graded Hammer Standard); Sensible a la Pulsaci\u00f3n<\/td><td>88 Teclas GHS 88 Teclas GHS (Graded Hammer Standard); Sensible a la Pulsaci\u00f3n<\/td><td>88 Teclas GHS 88 Teclas GHS (Graded Hammer Standard); Sensible a la Pulsaci\u00f3n<\/td><\/tr><tr><th>Voces<\/th><td>24; Dual, Divisi\u00f3n, D\u00fao<\/td><td>10; Dual, D\u00fao<\/td><td>24; Dual, Divisi\u00f3n, D\u00fao<\/td><td>10 incl. Yamaha CFX; Dual, D\u00fao<\/td><td>24; Dual, Divisi\u00f3n, D\u00fao<\/td><\/tr><tr><th>Estilos de Acompa\u00f1amiento<\/th><td>20 ritmos<\/td><td>&#8211;<\/td><td>20 ritmos<\/td><td>&#8211;<\/td><td>20 ritmos<\/td><\/tr><tr><th>Canciones y funci\u00f3n de grabaci\u00f3n<\/th><td>50 Canciones Cl\u00e1sicas + 21 Demostraciones de Voces; Grabaci\u00f3n: 2 Pistas (MIDI; 1 Canci\u00f3n)<\/td><td>10 Canciones de Piano + 10 Demostraciones de Voces<\/td><td>50 Canciones Cl\u00e1sicas + 21 Demostraciones de Voces; Grabaci\u00f3n: 2 Pistas (MIDI; 1 Canci\u00f3n)<\/td><td>50 Canciones Cl\u00e1sicas + 10 Demostraciones de Voces; Grabaci\u00f3n: 2 Pistas (MIDI; 1 Canci\u00f3n)<\/td><td>&#8211;<\/td><\/tr><tr><th>Efectos<\/th><td>Control Ac\u00fastico Inteligente (IAC)<\/td><td>Reverb<\/td><td>Control Ac\u00fastico Inteligente (IAC)<\/td><td>Reverb, Control Ac\u00fastico Inteligente (IAC), Optimizador Estereof\u00f3nico<\/td><td>50 Canciones Cl\u00e1sicas + 10 Demostraciones de Voces; Grabaci\u00f3n: 2 Pistas (MIDI; 1 Canci\u00f3n)<\/td><\/tr><tr><th>Otras funciones<\/th><td>Resonancia de apagadores, resonancia de cuerdas, Muestras de Liberaci\u00f3n de Tecla; Conexi\u00f3n a la App \u00abSmart Pianist\u00bb<\/td><td>&#8211;<\/td><td>Resonancia de apagadores, resonancia de cuerdas, Muestras de Liberaci\u00f3n de Tecla; Conexi\u00f3n a la App \u00abSmart Pianist\u00bb<\/td><td>Pedal con funci\u00f3n de medio pedal, resonancia de apagadores, resonancia de cuerdas, Muestras de Liberaci\u00f3n de Tecla; Conexi\u00f3n a la App \u00abSmart Pianist\u00bb<\/td><td>Reverb, Control Ac\u00fastico Inteligente (IAC), Optimizador Estereof\u00f3nico<\/td><\/tr><tr><th>Altavoces y amplificaci\u00f3n<\/th><td>7W x 2; 12cm x 2 + 4cm x 2<\/td><td>6W x 2; 12cm x 2<\/td><td>7W x 2; 12cm x 2 + 4cm x 2<\/td><td>8W x 2; 12cm x 2<\/td><td>Pedal con funci\u00f3n de medio pedal, resonancia de apagadores, resonancia de cuerdas, Muestras de Liberaci\u00f3n de Tecla; Conexi\u00f3n a la App \u00abSmart Pianist\u00bb<\/td><\/tr><tr><th>Conexiones<\/th><td>2 auriculares, Salida Auxiliar, Pedalera (opcional), USB-to-Host<\/td><td>Auriculares, USB-to-Host<\/td><td>2 auriculares, Salida Auxiliar, Pedalera (opcional), USB-to-Host<\/td><td>2 auriculares, Pedalera, USB-to-Host<\/td><td>2 auriculares, Pedalera, USB-to-Host<\/td><\/tr><tr><th>Dimensiones y peso<\/th><td>1.326 x 295 x 166 mm; 11,8 kg<\/td><td>1.326 x 295 x 166 mm; 11,5 kg<\/td><td>1.114 x 295 x 166 mm; 10,0 kg<\/td><td>1.353 x 296 x 792 mm (con la tapa abierta: 976 mm); 35,9 kg<\/td><td>1.357 x 422 x 815 mm; 38 kg<\/td><\/tr><\/tbody><\/table><\/figure>\n\n\n\n<p><\/p>\n\n\n\n<div class=\"wp-block-buttons is-content-justification-center is-layout-flex wp-container-4\">\n<div class=\"wp-block-button has-custom-font-size is-style-fill has-medium-font-size\"><a class=\"wp-block-button__link has-black-color has-luminous-vivid-amber-background-color has-text-color has-background wp-element-button\" href=\"https:\/\/amzn.to\/3UiYslk\" style=\"border-radius:0px\" target=\"_blank\" rel=\"https:\/\/amzn.to\/3MpJ8kX noopener\">Comprar en AMAZON<\/a><\/div>\n<\/div>\n","protected":false},"excerpt":{"rendered":"<p>La marca Yamaha es una de la m\u00e1s prestigiosas dentro del mundo de los Instrumentos Musicales. Este piano Yamaha P-125B te servir\u00e1 por muchos a\u00f1os y es una de las principales recomendaciones para acceder a un muy buen producto. Caracter\u00edsticas del Piano Digital Yamaha P-125B Marca YAMAHA Color Negro N\u00famero de teclas 88 Peso del &hellip;<\/p>\n<p class=\"read-more\"> <a class=\"\" href=\"https:\/\/hablemosdepiano.com\/index.php\/resena-yamaha-p-125b-piano-digital\/\"> <span class=\"screen-reader-text\">Rese\u00f1a Yamaha P-125B Piano Digital<\/span> Leer m\u00e1s &raquo;<\/a><\/p>\n","protected":false},"author":1,"featured_media":0,"parent":0,"menu_order":0,"comment_status":"closed","ping_status":"closed","template":"","meta":{"site-sidebar-layout":"default","site-content-layout":"default","ast-global-header-display":"","ast-main-header-display":"","ast-hfb-above-header-display":"","ast-hfb-below-header-display":"","ast-hfb-mobile-header-display":"","site-post-title":"","ast-breadcrumbs-content":"","ast-featured-img":"","footer-sml-layout":"","theme-transparent-header-meta":"","adv-header-id-meta":"","stick-header-meta":"","header-above-stick-meta":"","header-main-stick-meta":"","header-below-stick-meta":""},"_links":{"self":[{"href":"https:\/\/hablemosdepiano.com\/index.php\/wp-json\/wp\/v2\/pages\/94"}],"collection":[{"href":"https:\/\/hablemosdepiano.com\/index.php\/wp-json\/wp\/v2\/pages"}],"about":[{"href":"https:\/\/hablemosdepiano.com\/index.php\/wp-json\/wp\/v2\/types\/page"}],"author":[{"embeddable":true,"href":"https:\/\/hablemosdepiano.com\/index.php\/wp-json\/wp\/v2\/users\/1"}],"replies":[{"embeddable":true,"href":"https:\/\/hablemosdepiano.com\/index.php\/wp-json\/wp\/v2\/comments?post=94"}],"version-history":[{"count":9,"href":"https:\/\/hablemosdepiano.com\/index.php\/wp-json\/wp\/v2\/pages\/94\/revisions"}],"predecessor-version":[{"id":249,"href":"https:\/\/hablemosdepiano.com\/index.php\/wp-json\/wp\/v2\/pages\/94\/revisions\/249"}],"wp:attachment":[{"href":"https:\/\/hablemosdepiano.com\/index.php\/wp-json\/wp\/v2\/media?parent=94"}],"curies":[{"name":"wp","href":"https:\/\/api.w.org\/{rel}","templated":true}]}}