{"id":52,"date":"2023-04-07T15:22:58","date_gmt":"2023-04-07T15:22:58","guid":{"rendered":"https:\/\/hablemosdepiano.com\/?page_id=52"},"modified":"2023-04-11T22:52:10","modified_gmt":"2023-04-11T22:52:10","slug":"resena-yamaha-p-45-piano-digital","status":"publish","type":"page","link":"https:\/\/hablemosdepiano.com\/index.php\/resena-yamaha-p-45-piano-digital\/","title":{"rendered":"Rese\u00f1a Yamaha P-45 Piano Digital"},"content":{"rendered":"\n<figure class=\"wp-block-image aligncenter size-full\"><img decoding=\"async\" loading=\"lazy\" width=\"970\" height=\"300\" src=\"https:\/\/hablemosdepiano.com\/wp-content\/uploads\/2023\/04\/yamaha-p45-cabecera.jpg\" alt=\"\" class=\"wp-image-206\" srcset=\"https:\/\/hablemosdepiano.com\/wp-content\/uploads\/2023\/04\/yamaha-p45-cabecera.jpg 970w, https:\/\/hablemosdepiano.com\/wp-content\/uploads\/2023\/04\/yamaha-p45-cabecera-300x93.jpg 300w, https:\/\/hablemosdepiano.com\/wp-content\/uploads\/2023\/04\/yamaha-p45-cabecera-768x238.jpg 768w\" sizes=\"(max-width: 970px) 100vw, 970px\" \/><\/figure>\n\n\n\n<p>La marca Yamaha es una de la m\u00e1s prestigiosas dentro del mundo de los Instrumentos Musicales. A nadie le sorprende que su Piano Digital Yamaha P-45 sea el n\u00famero 1 en las recomendaciones para comenzar a aprender a tocar el piano.<\/p>\n\n\n\n<div class=\"wp-block-buttons is-content-justification-center is-layout-flex wp-container-1\">\n<div class=\"wp-block-button has-custom-font-size is-style-fill has-medium-font-size\"><a class=\"wp-block-button__link has-black-color has-luminous-vivid-amber-background-color has-text-color has-background wp-element-button\" href=\"https:\/\/amzn.to\/3MpJ8kX\" style=\"border-radius:0px\" target=\"_blank\" rel=\"https:\/\/amzn.to\/3MpJ8kX noopener\">Comprar en AMAZON<\/a><\/div>\n<\/div>\n\n\n\n<div style=\"height:31px\" aria-hidden=\"true\" class=\"wp-block-spacer\"><\/div>\n\n\n\n<figure class=\"wp-block-gallery has-nested-images columns-default is-cropped wp-block-gallery-2 is-layout-flex\">\n<figure class=\"wp-block-image size-large\"><img decoding=\"async\" loading=\"lazy\" width=\"1024\" height=\"214\" data-id=\"56\"  src=\"https:\/\/hablemosdepiano.com\/wp-content\/uploads\/2023\/04\/yamaha-p-45-piano-digital-01-1024x214.jpg\" alt=\"\" class=\"wp-image-56\" srcset=\"https:\/\/hablemosdepiano.com\/wp-content\/uploads\/2023\/04\/yamaha-p-45-piano-digital-01-1024x214.jpg 1024w, https:\/\/hablemosdepiano.com\/wp-content\/uploads\/2023\/04\/yamaha-p-45-piano-digital-01-300x63.jpg 300w, https:\/\/hablemosdepiano.com\/wp-content\/uploads\/2023\/04\/yamaha-p-45-piano-digital-01-768x161.jpg 768w, https:\/\/hablemosdepiano.com\/wp-content\/uploads\/2023\/04\/yamaha-p-45-piano-digital-01.jpg 1500w\" sizes=\"(max-width: 1024px) 100vw, 1024px\" \/><\/figure>\n\n\n\n<figure class=\"wp-block-image size-large\"><img decoding=\"async\" loading=\"lazy\" width=\"1024\" height=\"167\" data-id=\"57\"  src=\"https:\/\/hablemosdepiano.com\/wp-content\/uploads\/2023\/04\/yamaha-p-45-piano-digital-02-1024x167.jpg\" alt=\"\" class=\"wp-image-57\" srcset=\"https:\/\/hablemosdepiano.com\/wp-content\/uploads\/2023\/04\/yamaha-p-45-piano-digital-02-1024x167.jpg 1024w, https:\/\/hablemosdepiano.com\/wp-content\/uploads\/2023\/04\/yamaha-p-45-piano-digital-02-300x49.jpg 300w, https:\/\/hablemosdepiano.com\/wp-content\/uploads\/2023\/04\/yamaha-p-45-piano-digital-02-768x125.jpg 768w, https:\/\/hablemosdepiano.com\/wp-content\/uploads\/2023\/04\/yamaha-p-45-piano-digital-02.jpg 1500w\" sizes=\"(max-width: 1024px) 100vw, 1024px\" \/><\/figure>\n\n\n\n<figure class=\"wp-block-image size-large\"><img decoding=\"async\" loading=\"lazy\" width=\"1024\" height=\"1007\" data-id=\"65\"  src=\"https:\/\/hablemosdepiano.com\/wp-content\/uploads\/2023\/04\/yamaha-p-45-piano-digital-03-1-1024x1007.jpg\" alt=\"\" class=\"wp-image-65\" srcset=\"https:\/\/hablemosdepiano.com\/wp-content\/uploads\/2023\/04\/yamaha-p-45-piano-digital-03-1-1024x1007.jpg 1024w, https:\/\/hablemosdepiano.com\/wp-content\/uploads\/2023\/04\/yamaha-p-45-piano-digital-03-1-300x295.jpg 300w, https:\/\/hablemosdepiano.com\/wp-content\/uploads\/2023\/04\/yamaha-p-45-piano-digital-03-1-768x756.jpg 768w, https:\/\/hablemosdepiano.com\/wp-content\/uploads\/2023\/04\/yamaha-p-45-piano-digital-03-1.jpg 1106w\" sizes=\"(max-width: 1024px) 100vw, 1024px\" \/><\/figure>\n\n\n\n<figure class=\"wp-block-image size-large\"><img decoding=\"async\" loading=\"lazy\" width=\"1024\" height=\"221\" data-id=\"58\"  src=\"https:\/\/hablemosdepiano.com\/wp-content\/uploads\/2023\/04\/yamaha-p-45-piano-digital-04-1024x221.jpg\" alt=\"\" class=\"wp-image-58\" srcset=\"https:\/\/hablemosdepiano.com\/wp-content\/uploads\/2023\/04\/yamaha-p-45-piano-digital-04-1024x221.jpg 1024w, https:\/\/hablemosdepiano.com\/wp-content\/uploads\/2023\/04\/yamaha-p-45-piano-digital-04-300x65.jpg 300w, https:\/\/hablemosdepiano.com\/wp-content\/uploads\/2023\/04\/yamaha-p-45-piano-digital-04-768x166.jpg 768w, https:\/\/hablemosdepiano.com\/wp-content\/uploads\/2023\/04\/yamaha-p-45-piano-digital-04.jpg 1500w\" sizes=\"(max-width: 1024px) 100vw, 1024px\" \/><\/figure>\n\n\n\n<figure class=\"wp-block-image size-large\"><img decoding=\"async\" loading=\"lazy\" width=\"1024\" height=\"1024\" data-id=\"64\"  src=\"https:\/\/hablemosdepiano.com\/wp-content\/uploads\/2023\/04\/yamaha-p-45-piano-digital-06-1024x1024.jpg\" alt=\"\" class=\"wp-image-64\" srcset=\"https:\/\/hablemosdepiano.com\/wp-content\/uploads\/2023\/04\/yamaha-p-45-piano-digital-06-1024x1024.jpg 1024w, https:\/\/hablemosdepiano.com\/wp-content\/uploads\/2023\/04\/yamaha-p-45-piano-digital-06-300x300.jpg 300w, https:\/\/hablemosdepiano.com\/wp-content\/uploads\/2023\/04\/yamaha-p-45-piano-digital-06-150x150.jpg 150w, https:\/\/hablemosdepiano.com\/wp-content\/uploads\/2023\/04\/yamaha-p-45-piano-digital-06-768x767.jpg 768w, https:\/\/hablemosdepiano.com\/wp-content\/uploads\/2023\/04\/yamaha-p-45-piano-digital-06.jpg 1500w\" sizes=\"(max-width: 1024px) 100vw, 1024px\" \/><\/figure>\n\n\n\n<figure class=\"wp-block-image size-large\"><img decoding=\"async\" loading=\"lazy\" width=\"1004\" height=\"1024\" data-id=\"59\"  src=\"https:\/\/hablemosdepiano.com\/wp-content\/uploads\/2023\/04\/yamaha-p-45-piano-digital-07-1004x1024.jpg\" alt=\"\" class=\"wp-image-59\" srcset=\"https:\/\/hablemosdepiano.com\/wp-content\/uploads\/2023\/04\/yamaha-p-45-piano-digital-07-1004x1024.jpg 1004w, https:\/\/hablemosdepiano.com\/wp-content\/uploads\/2023\/04\/yamaha-p-45-piano-digital-07-294x300.jpg 294w, https:\/\/hablemosdepiano.com\/wp-content\/uploads\/2023\/04\/yamaha-p-45-piano-digital-07-768x784.jpg 768w, https:\/\/hablemosdepiano.com\/wp-content\/uploads\/2023\/04\/yamaha-p-45-piano-digital-07.jpg 1033w\" sizes=\"(max-width: 1004px) 100vw, 1004px\" \/><\/figure>\n\n\n\n<figure class=\"wp-block-image size-large\"><img decoding=\"async\" loading=\"lazy\" width=\"1024\" height=\"792\" data-id=\"62\"  src=\"https:\/\/hablemosdepiano.com\/wp-content\/uploads\/2023\/04\/yamaha-p-45-piano-digital-08-1024x792.jpg\" alt=\"\" class=\"wp-image-62\" srcset=\"https:\/\/hablemosdepiano.com\/wp-content\/uploads\/2023\/04\/yamaha-p-45-piano-digital-08-1024x792.jpg 1024w, https:\/\/hablemosdepiano.com\/wp-content\/uploads\/2023\/04\/yamaha-p-45-piano-digital-08-300x232.jpg 300w, https:\/\/hablemosdepiano.com\/wp-content\/uploads\/2023\/04\/yamaha-p-45-piano-digital-08-768x594.jpg 768w, https:\/\/hablemosdepiano.com\/wp-content\/uploads\/2023\/04\/yamaha-p-45-piano-digital-08.jpg 1500w\" sizes=\"(max-width: 1024px) 100vw, 1024px\" \/><\/figure>\n\n\n\n<figure class=\"wp-block-image size-large\"><img decoding=\"async\" loading=\"lazy\" width=\"1024\" height=\"853\" data-id=\"63\"  src=\"https:\/\/hablemosdepiano.com\/wp-content\/uploads\/2023\/04\/yamaha-p-45-piano-digital-09-1024x853.jpg\" alt=\"\" class=\"wp-image-63\" srcset=\"https:\/\/hablemosdepiano.com\/wp-content\/uploads\/2023\/04\/yamaha-p-45-piano-digital-09-1024x853.jpg 1024w, https:\/\/hablemosdepiano.com\/wp-content\/uploads\/2023\/04\/yamaha-p-45-piano-digital-09-300x250.jpg 300w, https:\/\/hablemosdepiano.com\/wp-content\/uploads\/2023\/04\/yamaha-p-45-piano-digital-09-768x640.jpg 768w, https:\/\/hablemosdepiano.com\/wp-content\/uploads\/2023\/04\/yamaha-p-45-piano-digital-09.jpg 1500w\" sizes=\"(max-width: 1024px) 100vw, 1024px\" \/><\/figure>\n<\/figure>\n\n\n\n<div style=\"height:37px\" aria-hidden=\"true\" class=\"wp-block-spacer\"><\/div>\n\n\n\n<h2 class=\"wp-block-heading\">Caracter\u00edsticas del Piano Digital Yamaha P-45<\/h2>\n\n\n\n<figure class=\"wp-block-table\"><table><tbody><tr><td><strong>Marca<\/strong><\/td><td>YAMAHA<\/td><\/tr><tr><td><strong>Color<\/strong><\/td><td>Negro<\/td><\/tr><tr><td><strong>N\u00famero de teclas<\/strong><\/td><td>88<\/td><\/tr><tr><td><strong>Peso del producto<\/strong><\/td><td>11.5 Kilogramos<\/td><\/tr><tr><td><strong>Nombre del modelo<\/strong><\/td><td>P-45B<\/td><\/tr><tr><td><strong>Dimensiones del producto: largo x ancho x alto<\/strong><\/td><td>132.6 x 29.5 x 15.4 cent\u00edmetros<\/td><\/tr><tr><td><strong>Estilo<\/strong><\/td><td>Piano digital<\/td><\/tr><tr><td><strong>Tipo de conector<\/strong><\/td><td>MIDI USB<\/td><\/tr><tr><td><strong>Tecnolog\u00eda de conectividad<\/strong><\/td><td>USB<\/td><\/tr><\/tbody><\/table><\/figure>\n\n\n\n<div style=\"height:31px\" aria-hidden=\"true\" class=\"wp-block-spacer\"><\/div>\n\n\n\n<h2 class=\"wp-block-heading\">M\u00e1s sobre el Piano Digital Yamaha P-45<\/h2>\n\n\n\n<ul>\n<li>Autenticidad y portabilidad en uno: disfruta de un piano digital compacto con aut\u00e9ntico sonido de piano ac\u00fastico; P-45 te ofrece calidad de sonido en un instrumento ligero y port\u00e1til<\/li>\n\n\n\n<li>Este piano te ofrece 88 teclas de martillos graduados est\u00e1ndar (GHS) y incorpora 10 voces de instrumentos diferentes para que toques como en un piano de cola o como en un teclado el\u00e9ctrico<\/li>\n\n\n\n<li>Su dise\u00f1o estilizado y ligero le da una gran portabilidad y lo hace el acompa\u00f1ante musical vayas donde vayas; controla con 1 solo bot\u00f3n tu piano, los sonidos, las demos o el metr\u00f3nomo<\/li>\n\n\n\n<li>Incluye la tecnolog\u00eda AWM, que utiliza muestras de grabaciones originales para poder disfrutar de la reverberaci\u00f3n de un piano de cola est\u00e9s donde est\u00e9s<\/li>\n\n\n\n<li>Contenido de env\u00edo: piano digital Yamaha P-45, piano port\u00e1til con pedal y conexi\u00f3n USB TO HOST, adaptador AC y manual de instrucciones, color negro<\/li>\n<\/ul>\n\n\n\n<div style=\"height:31px\" aria-hidden=\"true\" class=\"wp-block-spacer\"><\/div>\n\n\n\n<h2 class=\"wp-block-heading\">Todas las Ventajas del Piano Digital Yamaha P-45<\/h2>\n\n\n\n<h5 class=\"wp-block-heading\">La sensaci\u00f3n de tocar un piano &#8211; donde quieras<\/h5>\n\n\n\n<p>Piano digital para principiantes: el Yamaha P-45 proporciona un sonido de piano aut\u00e9ntico y natural. Para todos los principiantes que quieren m\u00e1s de su piano.<\/p>\n\n\n\n<p>Con sus teclas negras mate, el teclado Est\u00e1ndar de Macillos Graduados (GHS) proporciona una sensaci\u00f3n natural y te lleva el sonido de un piano ac\u00fastico directamente a tu casa. Con un dise\u00f1o compacto y moderno, este piano digital encajar\u00e1 en cualquier parte de tu hogar.<\/p>\n\n\n\n<h3 class=\"wp-block-heading\">Aut\u00e9ntico realismo en su categor\u00eda<\/h3>\n\n\n\n<p>Su teclado contrapesado ofrece una verdadera experiencia pian\u00edstica al tocarlo: las teclas m\u00e1s graves tienen un peso mayor mientras que las agudas se sienten m\u00e1s ligeras.<\/p>\n\n\n\n<h3 class=\"wp-block-heading\">Funcionamiento sencillo<\/h3>\n\n\n\n<p>Tocar el piano, simplificado: con un solo bot\u00f3n del panel de control, se puede acceder a una amplia gama de ajustes, desde el tono hasta el metr\u00f3nomo. Esto es especialmente \u00fatil para principiantes o m\u00fasicos ocasionales.<\/p>\n\n\n\n<h3 class=\"wp-block-heading\">Imponente sonido de piano de cola<\/h3>\n\n\n\n<p>\u00bfSe puede disfrutar delsonido de un piano de cola en un piano digital para principiantes? \u00a1Claro! El P-45 utiliza la tecnolog\u00eda de s\u00edntesis AWM para muestrear instrumentos ac\u00fasticos como un piano de cola.<\/p>\n\n\n\n<h3 class=\"wp-block-heading\">Conexi\u00f3n de auriculares<\/h3>\n\n\n\n<p>Se pueden conectar auriculares para esos momentos de tranquilidad. Y con la conexi\u00f3n USB-to-host, el P-45 puede conectarse f\u00e1cilmente a un ordenador o Tablet para utilizarlo con programas de m\u00fasica y otras aplicaciones.<\/p>\n\n\n\n<h3 class=\"wp-block-heading\">Dise\u00f1o delgado y moderno<\/h3>\n\n\n\n<p>\u00bfUn piano digital es grande, voluminoso y poco pr\u00e1ctico? \u00a1No es cierto! El Yamaha P-45 tiene un dise\u00f1o delgado y moderno, pesa s\u00f3lo 11,5 kg y no s\u00f3lo es adecuado para una habitaci\u00f3n peque\u00f1a, sino que tambi\u00e9n es genial para llev\u00e1rtelo contigo a todas partes.<\/p>\n\n\n\n<h3 class=\"wp-block-heading\">Acceso por 3 meses a Flowkey<\/h3>\n\n\n\n<p>Flowkey es una de las aplicaciones m\u00e1s populares para aprender a tocar el piano de forma intuitiva. Aunque nosotros no somos partidarios de aprender a tocar el piano con ninguna aplicaci\u00f3n, te pueden servir para \u00abjugar\u00bb con el instrumento.<\/p>\n\n\n\n<p>Al comprar un teclado o un piano digital Yamaha, recibir\u00e1s acceso a la aplicaci\u00f3n Flowkey con todas las canciones y tutoriales durante tres meses. Todo lo que tienes que hacer es registrar tu instrumento en el sitio web de Yamaha.<\/p>\n\n\n\n<p>Comparativa con otros Pianos Digitales de Yamaha<\/p>\n\n\n\n<figure class=\"wp-block-table\"><table><tbody><tr><th><\/th><th>Yamaha P-45<br><img decoding=\"async\" loading=\"lazy\" width=\"150\" height=\"300\" class=\"wp-image-179\" style=\"width: 150px;\" src=\"https:\/\/hablemosdepiano.com\/wp-content\/uploads\/2023\/04\/yamaha-p45.jpg\" alt=\"\"><\/th><th><a href=\"https:\/\/hablemosdepiano.com\/index.php\/resena-yamaha-p-121b-piano-digital\/\">Yamaha P-121<\/a><br><a href=\"https:\/\/hablemosdepiano.com\/index.php\/resena-yamaha-p-121b-piano-digital\/\"><img decoding=\"async\" loading=\"lazy\" width=\"150\" height=\"300\" class=\"wp-image-180\" style=\"width: 150px;\" src=\"https:\/\/hablemosdepiano.com\/wp-content\/uploads\/2023\/04\/yamaha-p121.jpg\" alt=\"\"><\/a><\/th><th><a href=\"https:\/\/hablemosdepiano.com\/index.php\/resena-yamaha-p-125b-piano-digital\/\">Yamaha P-125<\/a><br><a href=\"https:\/\/hablemosdepiano.com\/index.php\/resena-yamaha-p-125b-piano-digital\/\"><img decoding=\"async\" loading=\"lazy\" width=\"150\" height=\"300\" class=\"wp-image-181\" style=\"width: 150px;\" src=\"https:\/\/hablemosdepiano.com\/wp-content\/uploads\/2023\/04\/yamaha-p125.jpg\" alt=\"\"><\/a><\/th><th><a href=\"https:\/\/hablemosdepiano.com\/index.php\/resena-yamaha-arius-ydp-s34-piano-digital\/\">Yamaha YDP-S34<\/a><br><a href=\"https:\/\/hablemosdepiano.com\/index.php\/resena-yamaha-arius-ydp-s34-piano-digital\/\"><img decoding=\"async\" loading=\"lazy\" width=\"150\" height=\"300\" class=\"wp-image-183\" style=\"width: 150px;\" src=\"https:\/\/hablemosdepiano.com\/wp-content\/uploads\/2023\/04\/Yamaha-YDP-S34B.png\" alt=\"\"><\/a><\/th><th><a href=\"https:\/\/hablemosdepiano.com\/index.php\/resena-yamaha-arius-ydp-144-piano-digital\/\">Yamaha YDP-144<\/a><br><a href=\"https:\/\/hablemosdepiano.com\/index.php\/resena-yamaha-arius-ydp-144-piano-digital\/\"><img decoding=\"async\" loading=\"lazy\" width=\"150\" height=\"300\" class=\"wp-image-182\" style=\"width: 150px;\" src=\"https:\/\/hablemosdepiano.com\/wp-content\/uploads\/2023\/04\/Yamaha-YDP-144B.jpg\" alt=\"\"><\/a><\/th><\/tr><tr><th>Teclado<\/th><td>88 Teclas GHS 88 Teclas GHS (Graded Hammer Standard); Sensible a la Pulsaci\u00f3n<\/td><td>73 Teclas GHS 88 Teclas GHS (Graded Hammer Standard); Sensible a la Pulsaci\u00f3n<\/td><td>88 Teclas GHS 88 Teclas GHS (Graded Hammer Standard); Sensible a la Pulsaci\u00f3n<\/td><td>88 Teclas GHS 88 Teclas GHS (Graded Hammer Standard); Sensible a la Pulsaci\u00f3n<\/td><td>88 Teclas GHS 88 Teclas GHS (Graded Hammer Standard); Sensible a la Pulsaci\u00f3n<\/td><\/tr><tr><th>Voces<\/th><td>10; Dual, D\u00fao<\/td><td>24; Dual, Divisi\u00f3n, D\u00fao<\/td><td>24; Dual, Divisi\u00f3n, D\u00fao<\/td><td>10 incl. Yamaha CFX; Dual, D\u00fao<\/td><td>10 incl. Yamaha CFX; Dual, D\u00fao<\/td><\/tr><tr><th>Estilos de Acompa\u00f1amiento<\/th><td>&#8211;<\/td><td>20 ritmos<\/td><td>20 ritmos<\/td><td>&#8211;<\/td><td>&#8211;<\/td><\/tr><tr><th>Pantalla<\/th><td>10 Canciones de Piano + 10 Demostraciones de Voces<\/td><td>50 Canciones Cl\u00e1sicas + 21 Demostraciones de Voces; Grabaci\u00f3n: 2 Pistas (MIDI; 1 Canci\u00f3n)<\/td><td>50 Canciones Cl\u00e1sicas + 21 Demostraciones de Voces; Grabaci\u00f3n: 2 Pistas (MIDI; 1 Canci\u00f3n)<\/td><td>50 Canciones Cl\u00e1sicas + 21 Demostraciones de Voces; Grabaci\u00f3n: 2 Pistas (MIDI; 1 Canci\u00f3n)<\/td><td>50 Canciones Cl\u00e1sicas + 21 Demostraciones de Voces; Grabaci\u00f3n: 2 Pistas (MIDI; 1 Canci\u00f3n)<\/td><\/tr><tr><th>Canciones y funci\u00f3n de grabaci\u00f3n<\/th><td>Reverb<\/td><td>Control Ac\u00fastico Inteligente (IAC)<\/td><td>Control Ac\u00fastico Inteligente (IAC)<\/td><td>Reverb, Control Ac\u00fastico Inteligente (IAC), Optimizador Estereof\u00f3nico<\/td><td>Reverb, Control Ac\u00fastico Inteligente (IAC), Optimizador Estereof\u00f3nico<\/td><\/tr><tr><th>Efectos<\/th><td>&#8211;<\/td><td>Resonancia de apagadores, resonancia de cuerdas, Muestras de Liberaci\u00f3n de Tecla; Conexi\u00f3n a la App \u00abSmart Pianist\u00bb<\/td><td>Resonancia de apagadores, resonancia de cuerdas, Muestras de Liberaci\u00f3n de Tecla; Conexi\u00f3n a la App \u00abSmart Pianist\u00bb<\/td><td>Pedal con funci\u00f3n de medio pedal, resonancia de apagadores, resonancia de cuerdas, Muestras de Liberaci\u00f3n de Tecla; Conexi\u00f3n a la App \u00abSmart Pianist\u00bb<\/td><td>Pedal con funci\u00f3n de medio pedal, resonancia de apagadores, resonancia de cuerdas, Muestras de Liberaci\u00f3n de Tecla; Conexi\u00f3n a la App \u00abSmart Pianist\u00bb<\/td><\/tr><tr><th>Otras funciones<\/th><td>6W x 2; 12cm x 2<\/td><td>7W x 2; 12cm x 2 + 4cm x 2<\/td><td>7W x 2; 12cm x 2 + 4cm x 2<\/td><td>8W x 2; 12cm x 2<\/td><td>8W x 2; 12cm x 2<\/td><\/tr><tr><th>Altavoces y amplificaci\u00f3n<\/th><td>Auriculares, USB-to-Host<\/td><td>2 auriculares, Salida Auxiliar, Pedalera (opcional), USB-to-Host<\/td><td>2 auriculares, Salida Auxiliar, Pedalera (opcional), USB-to-Host<\/td><td>2 auriculares, Pedalera, USB-to-Host<\/td><td>2 auriculares, Pedalera, USB-to-Host<\/td><\/tr><tr><th>Conexiones<\/th><td>1.326 x 295 x 166 mm; 11,5 kg<\/td><td>1.114 x 295 x 166 mm; 10,0 kg<\/td><td>1.326 x 295 x 166 mm; 11,8 kg<\/td><td>1.353 x 296 x 792 mm (con la tapa abierta: 976 mm); 35,9 kg<\/td><td>1.357 x 422 x 815 mm; 38 kg<\/td><\/tr><\/tbody><\/table><\/figure>\n\n\n\n<div class=\"wp-block-buttons is-content-justification-center is-layout-flex wp-container-4\">\n<div class=\"wp-block-button has-custom-font-size is-style-fill has-medium-font-size\"><a class=\"wp-block-button__link has-black-color has-luminous-vivid-amber-background-color has-text-color has-background wp-element-button\" href=\"https:\/\/amzn.to\/3MpJ8kX\" style=\"border-radius:0px\" target=\"_blank\" rel=\"https:\/\/amzn.to\/3MpJ8kX noopener\">Comprar en AMAZON<\/a><\/div>\n<\/div>\n","protected":false},"excerpt":{"rendered":"<p>La marca Yamaha es una de la m\u00e1s prestigiosas dentro del mundo de los Instrumentos Musicales. A nadie le sorprende que su Piano Digital Yamaha P-45 sea el n\u00famero 1 en las recomendaciones para comenzar a aprender a tocar el piano. Caracter\u00edsticas del Piano Digital Yamaha P-45 Marca YAMAHA Color Negro N\u00famero de teclas 88 &hellip;<\/p>\n<p class=\"read-more\"> <a class=\"\" href=\"https:\/\/hablemosdepiano.com\/index.php\/resena-yamaha-p-45-piano-digital\/\"> <span class=\"screen-reader-text\">Rese\u00f1a Yamaha P-45 Piano Digital<\/span> Leer m\u00e1s &raquo;<\/a><\/p>\n","protected":false},"author":1,"featured_media":0,"parent":0,"menu_order":0,"comment_status":"closed","ping_status":"closed","template":"","meta":{"site-sidebar-layout":"default","site-content-layout":"default","ast-global-header-display":"","ast-main-header-display":"","ast-hfb-above-header-display":"","ast-hfb-below-header-display":"","ast-hfb-mobile-header-display":"","site-post-title":"","ast-breadcrumbs-content":"","ast-featured-img":"","footer-sml-layout":"","theme-transparent-header-meta":"","adv-header-id-meta":"","stick-header-meta":"","header-above-stick-meta":"","header-main-stick-meta":"","header-below-stick-meta":""},"_links":{"self":[{"href":"https:\/\/hablemosdepiano.com\/index.php\/wp-json\/wp\/v2\/pages\/52"}],"collection":[{"href":"https:\/\/hablemosdepiano.com\/index.php\/wp-json\/wp\/v2\/pages"}],"about":[{"href":"https:\/\/hablemosdepiano.com\/index.php\/wp-json\/wp\/v2\/types\/page"}],"author":[{"embeddable":true,"href":"https:\/\/hablemosdepiano.com\/index.php\/wp-json\/wp\/v2\/users\/1"}],"replies":[{"embeddable":true,"href":"https:\/\/hablemosdepiano.com\/index.php\/wp-json\/wp\/v2\/comments?post=52"}],"version-history":[{"count":19,"href":"https:\/\/hablemosdepiano.com\/index.php\/wp-json\/wp\/v2\/pages\/52\/revisions"}],"predecessor-version":[{"id":248,"href":"https:\/\/hablemosdepiano.com\/index.php\/wp-json\/wp\/v2\/pages\/52\/revisions\/248"}],"wp:attachment":[{"href":"https:\/\/hablemosdepiano.com\/index.php\/wp-json\/wp\/v2\/media?parent=52"}],"curies":[{"name":"wp","href":"https:\/\/api.w.org\/{rel}","templated":true}]}}