{"id":383,"date":"2023-04-13T09:12:30","date_gmt":"2023-04-13T09:12:30","guid":{"rendered":"https:\/\/hablemosdepiano.com\/?page_id=383"},"modified":"2023-04-13T09:21:55","modified_gmt":"2023-04-13T09:21:55","slug":"resena-roland-fp-90x-piano-digital","status":"publish","type":"page","link":"https:\/\/hablemosdepiano.com\/index.php\/resena-roland-fp-90x-piano-digital\/","title":{"rendered":"Rese\u00f1a Roland FP-90X Piano Digital"},"content":{"rendered":"\n<figure class=\"wp-block-image aligncenter size-full\"><img decoding=\"async\" loading=\"lazy\" width=\"970\" height=\"259\" src=\"https:\/\/hablemosdepiano.com\/wp-content\/uploads\/2023\/04\/Piano-Digital-Roland-FP90X-08-e1681377460874.png\" alt=\"\" class=\"wp-image-389\" srcset=\"https:\/\/hablemosdepiano.com\/wp-content\/uploads\/2023\/04\/Piano-Digital-Roland-FP90X-08-e1681377460874.png 970w, https:\/\/hablemosdepiano.com\/wp-content\/uploads\/2023\/04\/Piano-Digital-Roland-FP90X-08-e1681377460874-300x80.png 300w, https:\/\/hablemosdepiano.com\/wp-content\/uploads\/2023\/04\/Piano-Digital-Roland-FP90X-08-e1681377460874-768x205.png 768w\" sizes=\"(max-width: 970px) 100vw, 970px\" \/><\/figure>\n\n\n\n<p>Roland FP-90X Piano Digital, es el piano port\u00e1til estrella de Roland, con todo tipo de caracter\u00edsticas, que te paso a describir a continuaci\u00f3n.<\/p>\n\n\n\n<div class=\"wp-block-buttons is-content-justification-center is-layout-flex wp-container-1\">\n<div class=\"wp-block-button has-custom-font-size is-style-fill has-medium-font-size\"><a class=\"wp-block-button__link has-black-color has-luminous-vivid-amber-background-color has-text-color has-background wp-element-button\" href=\"https:\/\/amzn.to\/3odD3ht\" style=\"border-radius:0px\" target=\"_blank\" rel=\"https:\/\/amzn.to\/3MpJ8kX noopener\">Comprar en AMAZON<\/a><\/div>\n<\/div>\n\n\n\n<div style=\"height:31px\" aria-hidden=\"true\" class=\"wp-block-spacer\"><\/div>\n\n\n\n<figure class=\"wp-block-image aligncenter size-large\"><img decoding=\"async\" loading=\"lazy\" width=\"1024\" height=\"296\" src=\"https:\/\/hablemosdepiano.com\/wp-content\/uploads\/2023\/04\/Piano-Digital-Roland-FP90X-01-1024x296.jpg\" alt=\"\" class=\"wp-image-388\" srcset=\"https:\/\/hablemosdepiano.com\/wp-content\/uploads\/2023\/04\/Piano-Digital-Roland-FP90X-01-1024x296.jpg 1024w, https:\/\/hablemosdepiano.com\/wp-content\/uploads\/2023\/04\/Piano-Digital-Roland-FP90X-01-300x87.jpg 300w, https:\/\/hablemosdepiano.com\/wp-content\/uploads\/2023\/04\/Piano-Digital-Roland-FP90X-01-768x222.jpg 768w, https:\/\/hablemosdepiano.com\/wp-content\/uploads\/2023\/04\/Piano-Digital-Roland-FP90X-01.jpg 1500w\" sizes=\"(max-width: 1024px) 100vw, 1024px\" \/><\/figure>\n\n\n\n<figure class=\"wp-block-image aligncenter size-large\"><img decoding=\"async\" loading=\"lazy\" width=\"1024\" height=\"104\" src=\"https:\/\/hablemosdepiano.com\/wp-content\/uploads\/2023\/04\/Piano-Digital-Roland-FP90X-05-1024x104.jpg\" alt=\"\" class=\"wp-image-390\" srcset=\"https:\/\/hablemosdepiano.com\/wp-content\/uploads\/2023\/04\/Piano-Digital-Roland-FP90X-05-1024x104.jpg 1024w, https:\/\/hablemosdepiano.com\/wp-content\/uploads\/2023\/04\/Piano-Digital-Roland-FP90X-05-300x30.jpg 300w, https:\/\/hablemosdepiano.com\/wp-content\/uploads\/2023\/04\/Piano-Digital-Roland-FP90X-05-768x78.jpg 768w, https:\/\/hablemosdepiano.com\/wp-content\/uploads\/2023\/04\/Piano-Digital-Roland-FP90X-05.jpg 1500w\" sizes=\"(max-width: 1024px) 100vw, 1024px\" \/><\/figure>\n\n\n\n<div style=\"height:37px\" aria-hidden=\"true\" class=\"wp-block-spacer\"><\/div>\n\n\n\n<h2 class=\"wp-block-heading\">Caracter\u00edsticas del Piano Digital Roland FP-90X<\/h2>\n\n\n\n<figure class=\"wp-block-table\"><table><tbody><tr><td><strong>Marca<\/strong><\/td><td>Roland<\/td><\/tr><tr><td><strong>Color<\/strong><\/td><td>FP-90x negro<\/td><\/tr><tr><td><strong>N\u00famero de teclas<\/strong><\/td><td>88<\/td><\/tr><tr><td><strong>Peso del producto<\/strong><\/td><td>23.6 Kilogramos<\/td><\/tr><tr><td><strong>Nombre del modelo<\/strong><\/td><td>FP-90X-BK<\/td><\/tr><tr><td><strong>Dimensiones del producto: largo x ancho x alto<\/strong><\/td><td>146 x 52.3 x 27.3 cent\u00edmetros<\/td><\/tr><tr><td><strong>Estilo<\/strong><\/td><td>FP-90X<\/td><\/tr><\/tbody><\/table><\/figure>\n\n\n\n<figure class=\"wp-block-image aligncenter size-large\"><img decoding=\"async\" loading=\"lazy\" width=\"1024\" height=\"509\" src=\"https:\/\/hablemosdepiano.com\/wp-content\/uploads\/2023\/04\/Piano-Digital-Roland-FP90X-03-1024x509.jpg\" alt=\"\" class=\"wp-image-391\" srcset=\"https:\/\/hablemosdepiano.com\/wp-content\/uploads\/2023\/04\/Piano-Digital-Roland-FP90X-03-1024x509.jpg 1024w, https:\/\/hablemosdepiano.com\/wp-content\/uploads\/2023\/04\/Piano-Digital-Roland-FP90X-03-300x149.jpg 300w, https:\/\/hablemosdepiano.com\/wp-content\/uploads\/2023\/04\/Piano-Digital-Roland-FP90X-03-768x381.jpg 768w, https:\/\/hablemosdepiano.com\/wp-content\/uploads\/2023\/04\/Piano-Digital-Roland-FP90X-03.jpg 1500w\" sizes=\"(max-width: 1024px) 100vw, 1024px\" \/><\/figure>\n\n\n\n<div style=\"height:31px\" aria-hidden=\"true\" class=\"wp-block-spacer\"><\/div>\n\n\n\n<h2 class=\"wp-block-heading\">M\u00e1s sobre el Piano Digital Roland FP-90X<\/h2>\n\n\n\n<ul>\n<li>Si buscas prestaciones de piano de gama alta en un instrumento port\u00e1til, nada como el Roland FP-90X. Al igual que el resto de la serie FP-X, tiene un mueble estilizado y elegante que se transporta con facilidad.<\/li>\n\n\n\n<li>Pero cuando inviertes en este modelo, el m\u00e1s alto de la gama, consigues un instrumento que representa la aclamada tecnolog\u00eda de piano de Roland en su m\u00e1xima expresi\u00f3n.<\/li>\n\n\n\n<li>Desde el adictivo teclado h\u00edbrido PHA-50 y PureAcoustic Piano Modeling de nuestros pianos pr\u00e9mium hasta el modelado personalizado y la inmersi\u00f3n sonora profunda del sistema de altavoces integrado, el FP-90X ofrece la experiencia FP-X definitiva.<\/li>\n\n\n\n<li>Todos los pianos de la serie FP-X ofrecen un sonido muy aut\u00e9ntico, pero el FP-90X va m\u00e1s all\u00e1.<\/li>\n\n\n\n<li>El generador PureAcoustic Piano Modeling de Roland reproduce con una precisi\u00f3n asombrosa todos los aspectos de la creaci\u00f3n del sonido rico y resonante de un piano de cola ac\u00fastico.<\/li>\n<\/ul>\n\n\n\n<div style=\"height:31px\" aria-hidden=\"true\" class=\"wp-block-spacer\"><\/div>\n\n\n\n<figure class=\"wp-block-image aligncenter size-full\"><img decoding=\"async\" loading=\"lazy\" width=\"970\" height=\"600\" src=\"https:\/\/hablemosdepiano.com\/wp-content\/uploads\/2023\/04\/Piano-Digital-Roland-FP90X-07.png\" alt=\"\" class=\"wp-image-387\" srcset=\"https:\/\/hablemosdepiano.com\/wp-content\/uploads\/2023\/04\/Piano-Digital-Roland-FP90X-07.png 970w, https:\/\/hablemosdepiano.com\/wp-content\/uploads\/2023\/04\/Piano-Digital-Roland-FP90X-07-300x186.png 300w, https:\/\/hablemosdepiano.com\/wp-content\/uploads\/2023\/04\/Piano-Digital-Roland-FP90X-07-768x475.png 768w\" sizes=\"(max-width: 970px) 100vw, 970px\" \/><\/figure>\n\n\n\n<h2 class=\"wp-block-heading\">Todas las Ventajas del Piano Digital Roland FP-90X<\/h2>\n\n\n\n<h5 class=\"wp-block-heading\">Todo tipo de caracter\u00edsticas premium.<\/h5>\n\n\n\n<p>Si buscas prestaciones de piano de gama alta en un instrumento port\u00e1til, nada como el Roland FP-90X. Al igual que el resto de la serie FP-X, tiene un mueble estilizado y elegante que se transporta con facilidad. Pero cuando inviertes en este modelo, el m\u00e1s alto de la gama, consigues un instrumento que representa la aclamada tecnolog\u00eda de piano de Roland en su m\u00e1xima expresi\u00f3n. Desde el adictivo teclado h\u00edbrido PHA-50 y PureAcoustic Piano Modeling de nuestros pianos pr\u00e9mium hasta el modelado personalizado y la inmersi\u00f3n sonora profunda del sistema de altavoces integrado, el FP-90X ofrece la experiencia FP-X definitiva.<\/p>\n\n\n\n<p>Todos los pianos de la serie FP-X ofrecen un sonido muy aut\u00e9ntico, pero el FP-90X va m\u00e1s all\u00e1. El generador PureAcoustic Piano Modeling de Roland reproduce con una precisi\u00f3n asombrosa todos los aspectos de la creaci\u00f3n del sonido rico y resonante de un piano de cola ac\u00fastico. Elige entre elegantes pianos Concert y din\u00e1micos modelos Stage gracias a las ocho variaciones preconfiguradas.<\/p>\n\n\n\n<p>Despu\u00e9s, utiliza los sencillos par\u00e1metros de Piano Designer para personalizar el sonido como har\u00eda un t\u00e9cnico especializado.<\/p>\n\n\n\n<p>Y con My Stage y PureAcoustic Ambience, puedes sumergirte al instante en diversos entornos realistas, desde estudios hasta auditorios. Los sonidos de piano del FP-90X son casi infinitos, y cada uno de ellos es el mejor en su categor\u00eda.<\/p>\n\n\n\n<figure class=\"wp-block-image aligncenter size-large\"><img decoding=\"async\" loading=\"lazy\" width=\"1024\" height=\"673\" src=\"https:\/\/hablemosdepiano.com\/wp-content\/uploads\/2023\/04\/Piano-Digital-Roland-FP90X-02-1024x673.jpg\" alt=\"\" class=\"wp-image-392\" srcset=\"https:\/\/hablemosdepiano.com\/wp-content\/uploads\/2023\/04\/Piano-Digital-Roland-FP90X-02-1024x673.jpg 1024w, https:\/\/hablemosdepiano.com\/wp-content\/uploads\/2023\/04\/Piano-Digital-Roland-FP90X-02-300x197.jpg 300w, https:\/\/hablemosdepiano.com\/wp-content\/uploads\/2023\/04\/Piano-Digital-Roland-FP90X-02-768x505.jpg 768w, https:\/\/hablemosdepiano.com\/wp-content\/uploads\/2023\/04\/Piano-Digital-Roland-FP90X-02.jpg 1500w\" sizes=\"(max-width: 1024px) 100vw, 1024px\" \/><\/figure>\n\n\n\n<h3 class=\"wp-block-heading\">Sum\u00e9rgete en un sonido inmersivo con el potente sistema de cuatro altavoces.<\/h3>\n\n\n\n<p>Gracias al sistema de sonido integrado de alta fidelidad, que proyecta tu m\u00fasica desde cualquier \u00e1ngulo, el FP-90X ofrece una profunidad sonora y un amplio rango din\u00e1mico que no encontrar\u00e1s en los otros pianos de la serie FP-X. Un par de potentes woofers y dos tweeters de c\u00fapula se compaginan con los orificios especiales de la trasera del mueble y producen un profundo campo sonoro que envuelve de forma \u00edntegra la posici\u00f3n del int\u00e9rprete. Adem\u00e1s de para tocar en casa, este sistema de rango completo convierte al FP-90X en una opci\u00f3n potente y flexible para conciertos intimistas. Y si hablamos de practicar en privado, la funci\u00f3n Headphones Acoustic Projection te ofrece esa sensaci\u00f3n de inmersi\u00f3n gracias a un sonido que parece llenar la habitaci\u00f3n, aunque nadie m\u00e1s pueda o\u00edrlo.<\/p>\n\n\n\n<h3 class=\"wp-block-heading\">Todas las sensaciones de un piano de cola ac\u00fastico, sin el mantenimiento.<\/h3>\n\n\n\n<p>El teclado PHA-50 del FP-90X, usado tambi\u00e9n en los mejores pianos para el hogar de Roland, es un innovador h\u00edbrido que te ofrece lo mejor de cada mundo, combinando las sensaciones y la textura de las teclas de un piano ac\u00fastico con una longevidad insuperable. Los m\u00fasicos m\u00e1s experimentados reconocer\u00e1n al instante el c\u00e1lido tacto de los laterales de madera, mientras que la estructura central de composite se extiende desde el frente hasta la trasera de las teclas para ofrecer un contacto estable y fiable. Un excelente mecanismo de acci\u00f3n martillo garantiza una respuesta aut\u00e9ntica, mientras que el aspecto y las sensaciones del marfil y el \u00e9bano se reproducen hasta el m\u00ednimo detalle. Es como tocar un piano de cola ac\u00fastico tradicional. Pero sin el mantenimiento.<\/p>\n\n\n\n<figure class=\"wp-block-image aligncenter size-large\"><img decoding=\"async\" loading=\"lazy\" width=\"1024\" height=\"637\" src=\"https:\/\/hablemosdepiano.com\/wp-content\/uploads\/2023\/04\/Piano-Digital-Roland-FP90X-04-1024x637.jpg\" alt=\"\" class=\"wp-image-393\" srcset=\"https:\/\/hablemosdepiano.com\/wp-content\/uploads\/2023\/04\/Piano-Digital-Roland-FP90X-04-1024x637.jpg 1024w, https:\/\/hablemosdepiano.com\/wp-content\/uploads\/2023\/04\/Piano-Digital-Roland-FP90X-04-300x187.jpg 300w, https:\/\/hablemosdepiano.com\/wp-content\/uploads\/2023\/04\/Piano-Digital-Roland-FP90X-04-768x478.jpg 768w, https:\/\/hablemosdepiano.com\/wp-content\/uploads\/2023\/04\/Piano-Digital-Roland-FP90X-04.jpg 1500w\" sizes=\"(max-width: 1024px) 100vw, 1024px\" \/><\/figure>\n\n\n\n<h3 class=\"wp-block-heading\">Prestaciones de peso pesado en formato port\u00e1til.<\/h3>\n\n\n\n<p>El FP-90X combina sus potentes funciones en un formato elegante que satisface a los m\u00fasicos modernos en casa y fuera de ella. Con dimensiones compactas y un peso incre\u00edblemente ligero para un instrumento con acci\u00f3n martillo, se mueve de forma sencilla por tu vivienda y lo puedes guardar sin problemas en un armario o veh\u00edculo. Puedes complementar el FP-90X a\u00f1adiendo un soporte KSC-90 y una pedalera triple KPD-90 para disfrutar de un piano vertical tradicional, o bien puedes emplear el soporte port\u00e1til KS-20X y una pedalera RPU-3 para actuar en directo.<\/p>\n\n\n\n<h3 class=\"wp-block-heading\">Potencia tu creaci\u00f3n musical con Bluetooth y USB.<\/h3>\n\n\n\n<p>Las fant\u00e1sticas funciones de piano del FP-90X son solo el principio. Mediante audio Bluetooth, puedes emitir m\u00fasica desde un tel\u00e9fono o tableta a trav\u00e9s del sistema de sonido del piano y tocar encima. Y con MIDI Bluetooth, puedes conectar con entretenidas apps de composici\u00f3n musical, como Zenbeats de Roland o GarageBand de Apple. Si te gusta cantar, conecta un micr\u00f3fono, a\u00f1ade efectos y amplifica tu voz por los altavoces, y reg\u00edstralo junto con el piano en la grabadora integrada. Por si fuera poco, el FP-90X incluye conexi\u00f3n de audio\/MIDI USB, as\u00ed que puedes conectar con ordenadores y grabar pistas en software de producci\u00f3n musical profesional.<\/p>\n\n\n\n<figure class=\"wp-block-image aligncenter size-large\"><img decoding=\"async\" loading=\"lazy\" width=\"1024\" height=\"477\" src=\"https:\/\/hablemosdepiano.com\/wp-content\/uploads\/2023\/04\/Piano-Digital-Roland-FP90X-06-1024x477.jpg\" alt=\"\" class=\"wp-image-394\" srcset=\"https:\/\/hablemosdepiano.com\/wp-content\/uploads\/2023\/04\/Piano-Digital-Roland-FP90X-06-1024x477.jpg 1024w, https:\/\/hablemosdepiano.com\/wp-content\/uploads\/2023\/04\/Piano-Digital-Roland-FP90X-06-300x140.jpg 300w, https:\/\/hablemosdepiano.com\/wp-content\/uploads\/2023\/04\/Piano-Digital-Roland-FP90X-06-768x358.jpg 768w, https:\/\/hablemosdepiano.com\/wp-content\/uploads\/2023\/04\/Piano-Digital-Roland-FP90X-06.jpg 1500w\" sizes=\"(max-width: 1024px) 100vw, 1024px\" \/><\/figure>\n\n\n\n<div style=\"height:30px\" aria-hidden=\"true\" class=\"wp-block-spacer\"><\/div>\n\n\n\n<div class=\"wp-block-buttons is-content-justification-center is-layout-flex wp-container-2\">\n<div class=\"wp-block-button has-custom-font-size is-style-fill has-medium-font-size\"><a class=\"wp-block-button__link has-black-color has-luminous-vivid-amber-background-color has-text-color has-background wp-element-button\" href=\"https:\/\/amzn.to\/3odD3ht\" style=\"border-radius:0px\" target=\"_blank\" rel=\"https:\/\/amzn.to\/3MpJ8kX noopener\">Comprar en AMAZON<\/a><\/div>\n<\/div>\n","protected":false},"excerpt":{"rendered":"<p>Roland FP-90X Piano Digital, es el piano port\u00e1til estrella de Roland, con todo tipo de caracter\u00edsticas, que te paso a describir a continuaci\u00f3n. Caracter\u00edsticas del Piano Digital Roland FP-90X Marca Roland Color FP-90x negro N\u00famero de teclas 88 Peso del producto 23.6 Kilogramos Nombre del modelo FP-90X-BK Dimensiones del producto: largo x ancho x alto &hellip;<\/p>\n<p class=\"read-more\"> <a class=\"\" href=\"https:\/\/hablemosdepiano.com\/index.php\/resena-roland-fp-90x-piano-digital\/\"> <span class=\"screen-reader-text\">Rese\u00f1a Roland FP-90X Piano Digital<\/span> Leer m\u00e1s &raquo;<\/a><\/p>\n","protected":false},"author":1,"featured_media":0,"parent":0,"menu_order":0,"comment_status":"closed","ping_status":"closed","template":"","meta":{"site-sidebar-layout":"default","site-content-layout":"default","ast-global-header-display":"","ast-main-header-display":"","ast-hfb-above-header-display":"","ast-hfb-below-header-display":"","ast-hfb-mobile-header-display":"","site-post-title":"","ast-breadcrumbs-content":"","ast-featured-img":"","footer-sml-layout":"","theme-transparent-header-meta":"","adv-header-id-meta":"","stick-header-meta":"","header-above-stick-meta":"","header-main-stick-meta":"","header-below-stick-meta":""},"_links":{"self":[{"href":"https:\/\/hablemosdepiano.com\/index.php\/wp-json\/wp\/v2\/pages\/383"}],"collection":[{"href":"https:\/\/hablemosdepiano.com\/index.php\/wp-json\/wp\/v2\/pages"}],"about":[{"href":"https:\/\/hablemosdepiano.com\/index.php\/wp-json\/wp\/v2\/types\/page"}],"author":[{"embeddable":true,"href":"https:\/\/hablemosdepiano.com\/index.php\/wp-json\/wp\/v2\/users\/1"}],"replies":[{"embeddable":true,"href":"https:\/\/hablemosdepiano.com\/index.php\/wp-json\/wp\/v2\/comments?post=383"}],"version-history":[{"count":4,"href":"https:\/\/hablemosdepiano.com\/index.php\/wp-json\/wp\/v2\/pages\/383\/revisions"}],"predecessor-version":[{"id":395,"href":"https:\/\/hablemosdepiano.com\/index.php\/wp-json\/wp\/v2\/pages\/383\/revisions\/395"}],"wp:attachment":[{"href":"https:\/\/hablemosdepiano.com\/index.php\/wp-json\/wp\/v2\/media?parent=383"}],"curies":[{"name":"wp","href":"https:\/\/api.w.org\/{rel}","templated":true}]}}