{"id":354,"date":"2023-04-13T08:50:56","date_gmt":"2023-04-13T08:50:56","guid":{"rendered":"https:\/\/hablemosdepiano.com\/?page_id=354"},"modified":"2023-04-13T08:59:51","modified_gmt":"2023-04-13T08:59:51","slug":"resena-roland-fp-30x-piano-digital","status":"publish","type":"page","link":"https:\/\/hablemosdepiano.com\/index.php\/resena-roland-fp-30x-piano-digital\/","title":{"rendered":"Rese\u00f1a Roland FP-30X Piano Digital"},"content":{"rendered":"\n<figure class=\"wp-block-image aligncenter size-full\"><img decoding=\"async\" loading=\"lazy\" width=\"970\" height=\"259\" src=\"https:\/\/hablemosdepiano.com\/wp-content\/uploads\/2023\/04\/Piano-Digital-Roland-FP30X-cabecera-e1681376353118.png\" alt=\"\" class=\"wp-image-366\" srcset=\"https:\/\/hablemosdepiano.com\/wp-content\/uploads\/2023\/04\/Piano-Digital-Roland-FP30X-cabecera-e1681376353118.png 970w, https:\/\/hablemosdepiano.com\/wp-content\/uploads\/2023\/04\/Piano-Digital-Roland-FP30X-cabecera-e1681376353118-300x80.png 300w, https:\/\/hablemosdepiano.com\/wp-content\/uploads\/2023\/04\/Piano-Digital-Roland-FP30X-cabecera-e1681376353118-768x205.png 768w\" sizes=\"(max-width: 970px) 100vw, 970px\" \/><\/figure>\n\n\n\n<p>Piano digital Roland FP-30X \u2014 El piano port\u00e1til superpopular, mejorado.<\/p>\n\n\n\n<div class=\"wp-block-buttons is-content-justification-center is-layout-flex wp-container-1\">\n<div class=\"wp-block-button has-custom-font-size is-style-fill has-medium-font-size\"><a class=\"wp-block-button__link has-black-color has-luminous-vivid-amber-background-color has-text-color has-background wp-element-button\" href=\"https:\/\/amzn.to\/3o7z0mY\" style=\"border-radius:0px\" target=\"_blank\" rel=\"https:\/\/amzn.to\/3MpJ8kX noopener\">Comprar en AMAZON<\/a><\/div>\n<\/div>\n\n\n\n<div style=\"height:31px\" aria-hidden=\"true\" class=\"wp-block-spacer\"><\/div>\n\n\n\n<figure class=\"wp-block-gallery has-nested-images columns-default is-cropped wp-block-gallery-2 is-layout-flex\">\n<figure class=\"wp-block-image size-large\"><img decoding=\"async\" loading=\"lazy\" width=\"1024\" height=\"736\" data-id=\"358\"  src=\"https:\/\/hablemosdepiano.com\/wp-content\/uploads\/2023\/04\/Piano-Digital-Roland-FP30X-02-1024x736.jpg\" alt=\"\" class=\"wp-image-358\" srcset=\"https:\/\/hablemosdepiano.com\/wp-content\/uploads\/2023\/04\/Piano-Digital-Roland-FP30X-02-1024x736.jpg 1024w, https:\/\/hablemosdepiano.com\/wp-content\/uploads\/2023\/04\/Piano-Digital-Roland-FP30X-02-300x216.jpg 300w, https:\/\/hablemosdepiano.com\/wp-content\/uploads\/2023\/04\/Piano-Digital-Roland-FP30X-02-768x552.jpg 768w, https:\/\/hablemosdepiano.com\/wp-content\/uploads\/2023\/04\/Piano-Digital-Roland-FP30X-02.jpg 1500w\" sizes=\"(max-width: 1024px) 100vw, 1024px\" \/><\/figure>\n\n\n\n<figure class=\"wp-block-image size-large\"><img decoding=\"async\" loading=\"lazy\" width=\"1024\" height=\"1024\" data-id=\"363\"  src=\"https:\/\/hablemosdepiano.com\/wp-content\/uploads\/2023\/04\/Piano-Digital-Roland-FP30X-03-1024x1024.jpg\" alt=\"\" class=\"wp-image-363\" srcset=\"https:\/\/hablemosdepiano.com\/wp-content\/uploads\/2023\/04\/Piano-Digital-Roland-FP30X-03-1024x1024.jpg 1024w, https:\/\/hablemosdepiano.com\/wp-content\/uploads\/2023\/04\/Piano-Digital-Roland-FP30X-03-300x300.jpg 300w, https:\/\/hablemosdepiano.com\/wp-content\/uploads\/2023\/04\/Piano-Digital-Roland-FP30X-03-150x150.jpg 150w, https:\/\/hablemosdepiano.com\/wp-content\/uploads\/2023\/04\/Piano-Digital-Roland-FP30X-03-768x768.jpg 768w, https:\/\/hablemosdepiano.com\/wp-content\/uploads\/2023\/04\/Piano-Digital-Roland-FP30X-03.jpg 1500w\" sizes=\"(max-width: 1024px) 100vw, 1024px\" \/><\/figure>\n\n\n\n<figure class=\"wp-block-image size-large\"><img decoding=\"async\" loading=\"lazy\" width=\"1024\" height=\"1024\" data-id=\"362\"  src=\"https:\/\/hablemosdepiano.com\/wp-content\/uploads\/2023\/04\/Piano-Digital-Roland-FP30X-04-1024x1024.jpg\" alt=\"\" class=\"wp-image-362\" srcset=\"https:\/\/hablemosdepiano.com\/wp-content\/uploads\/2023\/04\/Piano-Digital-Roland-FP30X-04-1024x1024.jpg 1024w, https:\/\/hablemosdepiano.com\/wp-content\/uploads\/2023\/04\/Piano-Digital-Roland-FP30X-04-300x300.jpg 300w, https:\/\/hablemosdepiano.com\/wp-content\/uploads\/2023\/04\/Piano-Digital-Roland-FP30X-04-150x150.jpg 150w, https:\/\/hablemosdepiano.com\/wp-content\/uploads\/2023\/04\/Piano-Digital-Roland-FP30X-04-768x768.jpg 768w, https:\/\/hablemosdepiano.com\/wp-content\/uploads\/2023\/04\/Piano-Digital-Roland-FP30X-04.jpg 1500w\" sizes=\"(max-width: 1024px) 100vw, 1024px\" \/><\/figure>\n\n\n\n<figure class=\"wp-block-image size-large\"><img decoding=\"async\" loading=\"lazy\" width=\"1024\" height=\"1024\" data-id=\"361\"  src=\"https:\/\/hablemosdepiano.com\/wp-content\/uploads\/2023\/04\/Piano-Digital-Roland-FP30X-05-1024x1024.jpg\" alt=\"\" class=\"wp-image-361\" srcset=\"https:\/\/hablemosdepiano.com\/wp-content\/uploads\/2023\/04\/Piano-Digital-Roland-FP30X-05-1024x1024.jpg 1024w, https:\/\/hablemosdepiano.com\/wp-content\/uploads\/2023\/04\/Piano-Digital-Roland-FP30X-05-300x300.jpg 300w, https:\/\/hablemosdepiano.com\/wp-content\/uploads\/2023\/04\/Piano-Digital-Roland-FP30X-05-150x150.jpg 150w, https:\/\/hablemosdepiano.com\/wp-content\/uploads\/2023\/04\/Piano-Digital-Roland-FP30X-05-768x768.jpg 768w, https:\/\/hablemosdepiano.com\/wp-content\/uploads\/2023\/04\/Piano-Digital-Roland-FP30X-05.jpg 1500w\" sizes=\"(max-width: 1024px) 100vw, 1024px\" \/><\/figure>\n\n\n\n<figure class=\"wp-block-image size-large\"><img decoding=\"async\" loading=\"lazy\" width=\"1024\" height=\"950\" data-id=\"360\"  src=\"https:\/\/hablemosdepiano.com\/wp-content\/uploads\/2023\/04\/Piano-Digital-Roland-FP30X-06-1024x950.jpg\" alt=\"\" class=\"wp-image-360\" srcset=\"https:\/\/hablemosdepiano.com\/wp-content\/uploads\/2023\/04\/Piano-Digital-Roland-FP30X-06-1024x950.jpg 1024w, https:\/\/hablemosdepiano.com\/wp-content\/uploads\/2023\/04\/Piano-Digital-Roland-FP30X-06-300x278.jpg 300w, https:\/\/hablemosdepiano.com\/wp-content\/uploads\/2023\/04\/Piano-Digital-Roland-FP30X-06-768x713.jpg 768w, https:\/\/hablemosdepiano.com\/wp-content\/uploads\/2023\/04\/Piano-Digital-Roland-FP30X-06.jpg 1500w\" sizes=\"(max-width: 1024px) 100vw, 1024px\" \/><\/figure>\n\n\n\n<figure class=\"wp-block-image size-large\"><img decoding=\"async\" loading=\"lazy\" width=\"1024\" height=\"950\" data-id=\"359\"  src=\"https:\/\/hablemosdepiano.com\/wp-content\/uploads\/2023\/04\/Piano-Digital-Roland-FP30X-07-1024x950.jpg\" alt=\"\" class=\"wp-image-359\" srcset=\"https:\/\/hablemosdepiano.com\/wp-content\/uploads\/2023\/04\/Piano-Digital-Roland-FP30X-07-1024x950.jpg 1024w, https:\/\/hablemosdepiano.com\/wp-content\/uploads\/2023\/04\/Piano-Digital-Roland-FP30X-07-300x278.jpg 300w, https:\/\/hablemosdepiano.com\/wp-content\/uploads\/2023\/04\/Piano-Digital-Roland-FP30X-07-768x713.jpg 768w, https:\/\/hablemosdepiano.com\/wp-content\/uploads\/2023\/04\/Piano-Digital-Roland-FP30X-07.jpg 1500w\" sizes=\"(max-width: 1024px) 100vw, 1024px\" \/><\/figure>\n<\/figure>\n\n\n\n<div style=\"height:37px\" aria-hidden=\"true\" class=\"wp-block-spacer\"><\/div>\n\n\n\n<h2 class=\"wp-block-heading\">Caracter\u00edsticas del Piano Digital Roland FP-30X<\/h2>\n\n\n\n<figure class=\"wp-block-table\"><table><tbody><tr><td><strong>Marca<\/strong><\/td><td>Roland<\/td><\/tr><tr><td><strong>Color<\/strong><\/td><td>FP-30X negro<\/td><\/tr><tr><td><strong>N\u00famero de teclas<\/strong><\/td><td>88<\/td><\/tr><tr><td><strong>Peso del producto<\/strong><\/td><td>1.49 Kilogramos<\/td><\/tr><tr><td><strong>Nombre del modelo<\/strong><\/td><td>FP-30X-BK<\/td><\/tr><tr><td><strong>Dimensiones del producto: largo x ancho x alto<\/strong><\/td><td>143 x 42.5 x 32.3 cent\u00edmetros<\/td><\/tr><tr><td><strong>Estilo<\/strong><\/td><td>FP-30X<\/td><\/tr><tr><td><strong>Tecnolog\u00eda de conectividad<\/strong><\/td><td>Bluetooth<\/td><\/tr><\/tbody><\/table><\/figure>\n\n\n\n<div style=\"height:31px\" aria-hidden=\"true\" class=\"wp-block-spacer\"><\/div>\n\n\n\n<h2 class=\"wp-block-heading\">M\u00e1s sobre el Piano Digital Roland FP-30X<\/h2>\n\n\n\n<ul>\n<li>Si buscas calidad pero quieres vigilar el presupuesto, el FP-30X te ofrece el modelo m\u00e1s equilibrado de la serie FP-X de Roland. Este estilizado y elegante piano port\u00e1til, que combina un precio asequible con un rendimiento superior, toma como punto de partida el modelo b\u00e1sico FP-10 y le a\u00f1ade un generador de sonido mejorado, altavoces integrados m\u00e1s potentes y mayor polifon\u00eda.<\/li>\n\n\n\n<li>Equipado con la tecnolog\u00eda SuperNATURAL Piano de Roland y el expresivo teclado PHA-4 Standard de 88 teclas del FP-60X pr\u00e9mium, el FP-30X es el instrumento para el hogar ideal para los m\u00fasicos m\u00e1s experimentados.<\/li>\n\n\n\n<li>Y gracias a su peso f\u00e1cilmente transportable y conexi\u00f3n Bluetooth para seguir lecciones y tocar con audio, es perfecto para los pianistas que quieran seguir progresando y actuar en salas peque\u00f1as.<\/li>\n\n\n\n<li>Olv\u00eddate de los ligeros teclados que vienen en muchos pianos port\u00e1tiles de gama media. Solo tendr\u00e1s que pulsar una nota en el teclado PHA-4 Standard para ver que el FP-30X est\u00e1 a otro nivel.<\/li>\n\n\n\n<li>Este piano, que tiene 88 teclas de tama\u00f1o est\u00e1ndar, ofrece un completo rango de expresi\u00f3n a medida que progresa su capacidad t\u00e9cnica y de composici\u00f3n.<\/li>\n<\/ul>\n\n\n\n<div style=\"height:31px\" aria-hidden=\"true\" class=\"wp-block-spacer\"><\/div>\n\n\n\n<figure class=\"wp-block-image aligncenter size-full\"><img decoding=\"async\" loading=\"lazy\" width=\"970\" height=\"600\" src=\"https:\/\/hablemosdepiano.com\/wp-content\/uploads\/2023\/04\/Piano-Digital-Roland-FP30X-08.png\" alt=\"\" class=\"wp-image-365\" srcset=\"https:\/\/hablemosdepiano.com\/wp-content\/uploads\/2023\/04\/Piano-Digital-Roland-FP30X-08.png 970w, https:\/\/hablemosdepiano.com\/wp-content\/uploads\/2023\/04\/Piano-Digital-Roland-FP30X-08-300x186.png 300w, https:\/\/hablemosdepiano.com\/wp-content\/uploads\/2023\/04\/Piano-Digital-Roland-FP30X-08-768x475.png 768w\" sizes=\"(max-width: 970px) 100vw, 970px\" \/><\/figure>\n\n\n\n<h2 class=\"wp-block-heading\">Todas las Ventajas del Piano Digital Roland FP-30X<\/h2>\n\n\n\n<h5 class=\"wp-block-heading\">El piano port\u00e1til m\u00e1s popular, mejorado<\/h5>\n\n\n\n<p>Si buscas calidad pero quieres vigilar el presupuesto, el FP-30X te ofrece el modelo m\u00e1s equilibrado de la serie FP-X de Roland. Este estilizado y elegante piano port\u00e1til, con un rendimiento superior, toma como punto de partida el modelo b\u00e1sico FP-10 y le a\u00f1ade un generador de sonido mejorado, altavoces integrados m\u00e1s potentes y mayor polifon\u00eda. Equipado con la tecnolog\u00eda SuperNATURAL Piano de Roland y el expresivo teclado PHA-4 Standard de 88 teclas del FP-60X pr\u00e9mium, el FP-30X es el instrumento para el hogar ideal para los m\u00fasicos m\u00e1s experimentados. Y gracias a su peso f\u00e1cilmente transportable y conexi\u00f3n Bluetooth para seguir lecciones y tocar con audio, es perfecto para los pianistas que quieran seguir progresando y actuar en salas peque\u00f1as.<\/p>\n\n\n\n<h3 class=\"wp-block-heading\">El tacto y el sonido de un aut\u00e9ntico piano ac\u00fastico.<\/h3>\n\n\n\n<p>Olv\u00eddate de los ligeros teclados que vienen en muchos pianos port\u00e1tiles de gama media. Solo tendr\u00e1s que pulsar una nota en el teclado PHA-4 Standard para ver que el FP-30X est\u00e1 a otro nivel. Este piano, que tiene 88 teclas de tama\u00f1o est\u00e1ndar, ofrece un completo rango de expresi\u00f3n a medida que progresa su capacidad t\u00e9cnica y de composici\u00f3n. Y con acci\u00f3n martillo, escape y Ivory Feel, disfrutar\u00e1s del mismo tacto bajo los dedos que en un gran instrumento ac\u00fastico, incluido ese sutil \u00abchasquido\u00bb que notas al presionar una tecla. Detr\u00e1s del realismo de las sensaciones y la ejecuci\u00f3n se encuentra el potente generador de sonido SuperNATURAL de Roland, que captura todos los matices de los pianistas consumados y ayuda a los principiantes a desarrollar el car\u00e1cter y la din\u00e1mica.<\/p>\n\n\n\n<h3 class=\"wp-block-heading\">Un sonido impresionante en todas partes.<\/h3>\n\n\n\n<p>Los potentes altavoces est\u00e9reo integrados del FP-30X sorprenden por su volumen y car\u00e1cter en directo, y complementan al generador de sonido para reforzar tu expresividad. Y si necesitas m\u00e1s madera, puedes conectar altavoces autoamplificados externos mediante los jacks de salida. Para practicar en casa, un modo especial optimiza el sonido cuando el FP-30X est\u00e1 colocado sobre una mesa, y tambi\u00e9n puedes conectar auriculares a las salidas dobles para practicar en silencio de d\u00eda o de noche, tanto en solitario como con tu profesor.<\/p>\n\n\n\n<figure class=\"wp-block-image aligncenter size-large\"><img decoding=\"async\" loading=\"lazy\" width=\"1024\" height=\"515\" src=\"https:\/\/hablemosdepiano.com\/wp-content\/uploads\/2023\/04\/Piano-Digital-Roland-FP30X-01-1024x515.jpg\" alt=\"\" class=\"wp-image-356\" srcset=\"https:\/\/hablemosdepiano.com\/wp-content\/uploads\/2023\/04\/Piano-Digital-Roland-FP30X-01-1024x515.jpg 1024w, https:\/\/hablemosdepiano.com\/wp-content\/uploads\/2023\/04\/Piano-Digital-Roland-FP30X-01-300x151.jpg 300w, https:\/\/hablemosdepiano.com\/wp-content\/uploads\/2023\/04\/Piano-Digital-Roland-FP30X-01-768x386.jpg 768w, https:\/\/hablemosdepiano.com\/wp-content\/uploads\/2023\/04\/Piano-Digital-Roland-FP30X-01.jpg 1500w\" sizes=\"(max-width: 1024px) 100vw, 1024px\" \/><\/figure>\n\n\n\n<h3 class=\"wp-block-heading\">El piano compacto con un potencial enorme.<\/h3>\n\n\n\n<p>El FP-30X es port\u00e1til, pero tambi\u00e9n profesional. Con unas dimensiones incre\u00edblemente compactas y un peso muy manejable, este instrumento se puede mover sin esfuerzo a los espacios m\u00e1s pr\u00e1cticos e inspiradores de tu casa, y se guarda f\u00e1cilmente cuando no se va a usar. Adem\u00e1s, el FP-30X se adapta a medida que progresa tu t\u00e9cnica, tanto si lo colocas sobre un soporte KSC-70 para configurarlo en vertical como si a\u00f1ades expresi\u00f3n a tu interpretaci\u00f3n conectando f\u00e1cilmente una pedalera triple KPD-70 o un pedal de resonancia DP-10.<\/p>\n\n\n\n<h3 class=\"wp-block-heading\">Toca con pistas musicales y aprende m\u00e1s r\u00e1pido con Bluetooth y USB.<\/h3>\n\n\n\n<p>El FP-30X te mantiene centrado en el aprendizaje a largo plazo gracias a su conectividad avanzada. Usa audio Bluetooth y tu dispositivo iOS o Android para emitir m\u00fasica por los altavoces del piano o por auriculares, toca con tus artistas favoritos y perfecciona tu t\u00e9cnica con lecciones de piano online. Tambi\u00e9n puedes ir m\u00e1s lejos con MIDI Bluetooth, que te permite conectar con entretenidas apps de composici\u00f3n musical, como Zenbeats de Roland o GarageBand de Apple. Y para disfrutar de mayor variedad, utiliza la app Piano Every Day de Roland para grabar y reproducir autom\u00e1ticamente tu pr\u00e1ctica diaria con el sonido de piano de tu elecci\u00f3n. Por si fuera poco, el FP-30X incluye conexi\u00f3n de audio\/MIDI USB, as\u00ed que puedes conectar con ordenadores y grabar pistas en software de producci\u00f3n musical profesional.<\/p>\n\n\n\n<div class=\"wp-block-buttons is-content-justification-center is-layout-flex wp-container-4\">\n<div class=\"wp-block-button has-custom-font-size is-style-fill has-medium-font-size\"><a class=\"wp-block-button__link has-black-color has-luminous-vivid-amber-background-color has-text-color has-background wp-element-button\" href=\"https:\/\/amzn.to\/3o7z0mY\" style=\"border-radius:0px\" target=\"_blank\" rel=\"https:\/\/amzn.to\/3MpJ8kX noopener\">Comprar en AMAZON<\/a><\/div>\n<\/div>\n","protected":false},"excerpt":{"rendered":"<p>Piano digital Roland FP-30X \u2014 El piano port\u00e1til superpopular, mejorado. Caracter\u00edsticas del Piano Digital Roland FP-30X Marca Roland Color FP-30X negro N\u00famero de teclas 88 Peso del producto 1.49 Kilogramos Nombre del modelo FP-30X-BK Dimensiones del producto: largo x ancho x alto 143 x 42.5 x 32.3 cent\u00edmetros Estilo FP-30X Tecnolog\u00eda de conectividad Bluetooth M\u00e1s &hellip;<\/p>\n<p class=\"read-more\"> <a class=\"\" href=\"https:\/\/hablemosdepiano.com\/index.php\/resena-roland-fp-30x-piano-digital\/\"> <span class=\"screen-reader-text\">Rese\u00f1a Roland FP-30X Piano Digital<\/span> Leer m\u00e1s &raquo;<\/a><\/p>\n","protected":false},"author":1,"featured_media":0,"parent":0,"menu_order":0,"comment_status":"closed","ping_status":"closed","template":"","meta":{"site-sidebar-layout":"default","site-content-layout":"default","ast-global-header-display":"","ast-main-header-display":"","ast-hfb-above-header-display":"","ast-hfb-below-header-display":"","ast-hfb-mobile-header-display":"","site-post-title":"","ast-breadcrumbs-content":"","ast-featured-img":"","footer-sml-layout":"","theme-transparent-header-meta":"","adv-header-id-meta":"","stick-header-meta":"","header-above-stick-meta":"","header-main-stick-meta":"","header-below-stick-meta":""},"_links":{"self":[{"href":"https:\/\/hablemosdepiano.com\/index.php\/wp-json\/wp\/v2\/pages\/354"}],"collection":[{"href":"https:\/\/hablemosdepiano.com\/index.php\/wp-json\/wp\/v2\/pages"}],"about":[{"href":"https:\/\/hablemosdepiano.com\/index.php\/wp-json\/wp\/v2\/types\/page"}],"author":[{"embeddable":true,"href":"https:\/\/hablemosdepiano.com\/index.php\/wp-json\/wp\/v2\/users\/1"}],"replies":[{"embeddable":true,"href":"https:\/\/hablemosdepiano.com\/index.php\/wp-json\/wp\/v2\/comments?post=354"}],"version-history":[{"count":4,"href":"https:\/\/hablemosdepiano.com\/index.php\/wp-json\/wp\/v2\/pages\/354\/revisions"}],"predecessor-version":[{"id":367,"href":"https:\/\/hablemosdepiano.com\/index.php\/wp-json\/wp\/v2\/pages\/354\/revisions\/367"}],"wp:attachment":[{"href":"https:\/\/hablemosdepiano.com\/index.php\/wp-json\/wp\/v2\/media?parent=354"}],"curies":[{"name":"wp","href":"https:\/\/api.w.org\/{rel}","templated":true}]}}