{"id":338,"date":"2023-04-13T08:41:30","date_gmt":"2023-04-13T08:41:30","guid":{"rendered":"https:\/\/hablemosdepiano.com\/?page_id=338"},"modified":"2023-04-13T08:47:41","modified_gmt":"2023-04-13T08:47:41","slug":"resena-roland-fp-10-piano-digital","status":"publish","type":"page","link":"https:\/\/hablemosdepiano.com\/index.php\/resena-roland-fp-10-piano-digital\/","title":{"rendered":"Rese\u00f1a Roland FP-10 Piano Digital"},"content":{"rendered":"\n<figure class=\"wp-block-image aligncenter size-full\"><img decoding=\"async\" loading=\"lazy\" width=\"970\" height=\"300\" src=\"https:\/\/hablemosdepiano.com\/wp-content\/uploads\/2023\/04\/Piano-Digital-Roland-FP10-cabecera.png\" alt=\"\" class=\"wp-image-340\" srcset=\"https:\/\/hablemosdepiano.com\/wp-content\/uploads\/2023\/04\/Piano-Digital-Roland-FP10-cabecera.png 970w, https:\/\/hablemosdepiano.com\/wp-content\/uploads\/2023\/04\/Piano-Digital-Roland-FP10-cabecera-300x93.png 300w, https:\/\/hablemosdepiano.com\/wp-content\/uploads\/2023\/04\/Piano-Digital-Roland-FP10-cabecera-768x238.png 768w\" sizes=\"(max-width: 970px) 100vw, 970px\" \/><\/figure>\n\n\n\n<p>Piano digital Roland FP-10 es un Piano Digital de 88 teclas port\u00e1til, ideal para tocar en casa y practicar.<\/p>\n\n\n\n<div class=\"wp-block-buttons is-content-justification-center is-layout-flex wp-container-1\">\n<div class=\"wp-block-button has-custom-font-size is-style-fill has-medium-font-size\"><a class=\"wp-block-button__link has-black-color has-luminous-vivid-amber-background-color has-text-color has-background wp-element-button\" href=\"https:\/\/amzn.to\/3KzslJP\" style=\"border-radius:0px\" target=\"_blank\" rel=\"https:\/\/amzn.to\/3MpJ8kX noopener\">Comprar en AMAZON<\/a><\/div>\n<\/div>\n\n\n\n<div style=\"height:31px\" aria-hidden=\"true\" class=\"wp-block-spacer\"><\/div>\n\n\n\n<figure class=\"wp-block-gallery has-nested-images columns-default is-cropped wp-block-gallery-2 is-layout-flex\">\n<figure class=\"wp-block-image size-large\"><img decoding=\"async\" loading=\"lazy\" width=\"500\" height=\"405\" data-id=\"346\"  src=\"https:\/\/hablemosdepiano.com\/wp-content\/uploads\/2023\/04\/Piano-Digital-Roland-FP10-02.jpg\" alt=\"\" class=\"wp-image-346\" srcset=\"https:\/\/hablemosdepiano.com\/wp-content\/uploads\/2023\/04\/Piano-Digital-Roland-FP10-02.jpg 500w, https:\/\/hablemosdepiano.com\/wp-content\/uploads\/2023\/04\/Piano-Digital-Roland-FP10-02-300x243.jpg 300w\" sizes=\"(max-width: 500px) 100vw, 500px\" \/><\/figure>\n\n\n\n<figure class=\"wp-block-image size-large\"><img decoding=\"async\" loading=\"lazy\" width=\"220\" height=\"220\" data-id=\"343\"  src=\"https:\/\/hablemosdepiano.com\/wp-content\/uploads\/2023\/04\/Piano-Digital-Roland-FP10-03.jpeg\" alt=\"\" class=\"wp-image-343\" srcset=\"https:\/\/hablemosdepiano.com\/wp-content\/uploads\/2023\/04\/Piano-Digital-Roland-FP10-03.jpeg 220w, https:\/\/hablemosdepiano.com\/wp-content\/uploads\/2023\/04\/Piano-Digital-Roland-FP10-03-150x150.jpeg 150w\" sizes=\"(max-width: 220px) 100vw, 220px\" \/><\/figure>\n\n\n\n<figure class=\"wp-block-image size-large\"><img decoding=\"async\" loading=\"lazy\" width=\"220\" height=\"220\" data-id=\"342\"  src=\"https:\/\/hablemosdepiano.com\/wp-content\/uploads\/2023\/04\/Piano-Digital-Roland-FP10-04.jpeg\" alt=\"\" class=\"wp-image-342\" srcset=\"https:\/\/hablemosdepiano.com\/wp-content\/uploads\/2023\/04\/Piano-Digital-Roland-FP10-04.jpeg 220w, https:\/\/hablemosdepiano.com\/wp-content\/uploads\/2023\/04\/Piano-Digital-Roland-FP10-04-150x150.jpeg 150w\" sizes=\"(max-width: 220px) 100vw, 220px\" \/><\/figure>\n\n\n\n<figure class=\"wp-block-image size-large\"><img decoding=\"async\" loading=\"lazy\" width=\"220\" height=\"220\" data-id=\"345\"  src=\"https:\/\/hablemosdepiano.com\/wp-content\/uploads\/2023\/04\/Piano-Digital-Roland-FP10-05.jpeg\" alt=\"\" class=\"wp-image-345\" srcset=\"https:\/\/hablemosdepiano.com\/wp-content\/uploads\/2023\/04\/Piano-Digital-Roland-FP10-05.jpeg 220w, https:\/\/hablemosdepiano.com\/wp-content\/uploads\/2023\/04\/Piano-Digital-Roland-FP10-05-150x150.jpeg 150w\" sizes=\"(max-width: 220px) 100vw, 220px\" \/><\/figure>\n\n\n\n<figure class=\"wp-block-image size-large\"><img decoding=\"async\" loading=\"lazy\" width=\"220\" height=\"220\" data-id=\"344\"  src=\"https:\/\/hablemosdepiano.com\/wp-content\/uploads\/2023\/04\/Piano-Digital-Roland-FP10-06.jpeg\" alt=\"\" class=\"wp-image-344\" srcset=\"https:\/\/hablemosdepiano.com\/wp-content\/uploads\/2023\/04\/Piano-Digital-Roland-FP10-06.jpeg 220w, https:\/\/hablemosdepiano.com\/wp-content\/uploads\/2023\/04\/Piano-Digital-Roland-FP10-06-150x150.jpeg 150w\" sizes=\"(max-width: 220px) 100vw, 220px\" \/><\/figure>\n<\/figure>\n\n\n\n<div style=\"height:37px\" aria-hidden=\"true\" class=\"wp-block-spacer\"><\/div>\n\n\n\n<h2 class=\"wp-block-heading\">Caracter\u00edsticas del Piano Digital Roland FP-10<\/h2>\n\n\n\n<figure class=\"wp-block-table\"><table><tbody><tr><td><strong>Marca<\/strong><\/td><td>Roland<\/td><\/tr><tr><td><strong>Color<\/strong><\/td><td>FP-10 negro<\/td><\/tr><tr><td><strong>N\u00famero de teclas<\/strong><\/td><td>88<\/td><\/tr><tr><td><strong>Tama\u00f1o<\/strong><\/td><td>Piano<\/td><\/tr><tr><td><strong>Peso del producto<\/strong><\/td><td>27 Libras<\/td><\/tr><tr><td><strong>Nombre del modelo<\/strong><\/td><td>FP-10<\/td><\/tr><tr><td><strong>Dimensiones del producto: largo x ancho x alto<\/strong><\/td><td>40.5 x 28.2 x 138.3 cent\u00edmetros<\/td><\/tr><tr><td><strong>Estilo<\/strong><\/td><td>FP-10<\/td><\/tr><tr><td><strong>Tipo de conector<\/strong><\/td><td>MIDI USB<\/td><\/tr><tr><td><strong>Tecnolog\u00eda de conectividad<\/strong><\/td><td>Bluetooth, USB<\/td><\/tr><\/tbody><\/table><\/figure>\n\n\n\n<div style=\"height:31px\" aria-hidden=\"true\" class=\"wp-block-spacer\"><\/div>\n\n\n\n<h2 class=\"wp-block-heading\">M\u00e1s sobre el Piano Digital Roland FP-10<\/h2>\n\n\n\n<ul>\n<li>Te presentamos el FP-10, el modelo inicial de la prestigiosa serie FP de Roland, que se ha convertido en el referente de los pianos digitales por su sonido y sensaciones.<\/li>\n\n\n\n<li>Sonido rico y expresivo del famoso generador SuperNATURAL Piano de Roland.<\/li>\n\n\n\n<li>Es como tocar un piano ac\u00fastico, con teclas de tacto expresivo y sensaciones de marfil.<\/li>\n\n\n\n<li>La salida de auriculares y el teclado silencioso te permiten tocar a cualquier hora sin molestar a nadie.<\/li>\n\n\n\n<li>Potentes altavoces integrados para reproducir tu interpretaci\u00f3n a la perfecci\u00f3n.<\/li>\n\n\n\n<li>Interfaz MIDI Bluetooth\/MIDI USB integrada para conexi\u00f3n con GarageBand, ordenadores y software DAW.<\/li>\n\n\n\n<li>La app Piano Partner 2 de Roland te lo pone f\u00e1cil para seleccionar sonidos, configurar el metr\u00f3nomo y m\u00e1s desde tu smartphone.<\/li>\n\n\n\n<li>El modo Twin Piano es perfecto para las clases, ya que alumno y profesor pueden tocar juntos en el mismo registro.<\/li>\n\n\n\n<li>Conmutador de pedal DP-2 y atril INCLUIDOS.<\/li>\n\n\n\n<li>El soporte a juego opcional (KSCFP10) te ofrece la est\u00e9tica de un piano cl\u00e1sico.<\/li>\n<\/ul>\n\n\n\n<div style=\"height:31px\" aria-hidden=\"true\" class=\"wp-block-spacer\"><\/div>\n\n\n\n<h2 class=\"wp-block-heading\">Todas las Ventajas del Piano Digital Roland FP-10<\/h2>\n\n\n\n<h5 class=\"wp-block-heading\">Un piano para iniciarse<\/h5>\n\n\n\n<p>La serie Roland FP se convirti\u00f3 en el referente en t\u00e9rminos de ejecuci\u00f3n, sensaciones y sonido.<\/p>\n\n\n\n<p>Cuando te visiten las musas, si\u00e9ntate delante del FP-10, el modelo b\u00e1sico de la famosa serie de pianos FP de Roland. Este asequible piano digital siempre est\u00e1 listo para tocar, con un teclado PHA-4 Standard de 88 notas que transmite unas sensaciones maravillosamente aut\u00e9nticas, adem\u00e1s de los evocadores sonidos de piano SuperNATURAL de Roland que puedes disfrutar en los altavoces integrados o por auriculares. Gracias a su dise\u00f1o port\u00e1til y compacto, el FP-10 es ideal para tocar en casa, ya sea para practicar en la habitaci\u00f3n libre o para deleitar a los dem\u00e1s en el sal\u00f3n.<\/p>\n\n\n\n<ul>\n<li>M\u00e1xima expresividad con tacto de piano aut\u00e9ntico<\/li>\n\n\n\n<li>Salida de auriculares y acci\u00f3n de teclado silenciosa<\/li>\n\n\n\n<li>Interfaz MIDI\/MIDI USB Bluetooth integrada<\/li>\n\n\n\n<li>Opci\u00f3n de tocar a cuatro manos en el mismo registro<\/li>\n\n\n\n<li>Altavoces integrados<\/li>\n\n\n\n<li>Sonido rico y expresivo<\/li>\n\n\n\n<li>Pedal DP-2 incluido<\/li>\n<\/ul>\n\n\n\n<figure class=\"wp-block-image aligncenter size-large\"><img decoding=\"async\" loading=\"lazy\" width=\"1024\" height=\"418\" src=\"https:\/\/hablemosdepiano.com\/wp-content\/uploads\/2023\/04\/Piano-Digital-Roland-FP10-01-1024x418.jpg\" alt=\"\" class=\"wp-image-348\" srcset=\"https:\/\/hablemosdepiano.com\/wp-content\/uploads\/2023\/04\/Piano-Digital-Roland-FP10-01-1024x418.jpg 1024w, https:\/\/hablemosdepiano.com\/wp-content\/uploads\/2023\/04\/Piano-Digital-Roland-FP10-01-300x122.jpg 300w, https:\/\/hablemosdepiano.com\/wp-content\/uploads\/2023\/04\/Piano-Digital-Roland-FP10-01-768x313.jpg 768w, https:\/\/hablemosdepiano.com\/wp-content\/uploads\/2023\/04\/Piano-Digital-Roland-FP10-01.jpg 1500w\" sizes=\"(max-width: 1024px) 100vw, 1024px\" \/><\/figure>\n\n\n\n<h3 class=\"wp-block-heading\">Conecta con la m\u00fasica mediante un teclado expresivo y realista<\/h3>\n\n\n\n<p>Al tocar el piano, lo m\u00e1s importante es la expresi\u00f3n. El teclado PHA-4 Standard del FP-10 ofrece la respuesta sensible de un buen piano ac\u00fastico gracias a la tecnolog\u00eda de detecci\u00f3n t\u00e1ctil de Roland, que captura hasta el \u00faltimo matiz de tu din\u00e1mica interpretativa. Con detecci\u00f3n y escape de alta resoluci\u00f3n para admitir la repetici\u00f3n r\u00e1pida de teclas, el teclado PHA-4 plasma fielmente las diferencias m\u00e1s sutiles de din\u00e1mica y sonido. El mimo por el detalle tambi\u00e9n se aprecia en el peso del martillo, que es m\u00e1s pronunciado en los registros graves y m\u00e1s ligero en los agudos. Toca las teclas blancas y quedar\u00e1s convencido por un revolucionario material que absorbe la humedad y recrea la textura natural y el tacto del marfil aut\u00e9ntico. Y para disfrutar con t\u00e9cnicas de pedal expresivas, como el pedal a medio recorrido, solo tienes que conectar el pedal DP-10 opcional. Se incluye de serie un pedal DP-2.<\/p>\n\n\n\n<h3 class=\"wp-block-heading\">Sonido aut\u00e9ntico para motivar a los principiantes e inspirar a los profesionales<\/h3>\n\n\n\n<p>El motor SuperNATURAL de Roland ofrece un sonido de piano aut\u00e9ntico y vivo, ya seas un principiante que empieza a aprender las t\u00e9cnicas b\u00e1sicas o un int\u00e9rprete consumado que necesita una articulaci\u00f3n y una respuesta detalladas. El din\u00e1mico sonido de piano inunda la habitaci\u00f3n desde los potentes altavoces integrados, o bien por auriculares para disfrutar tocando a cualquier hora.<\/p>\n\n\n\n<h3 class=\"wp-block-heading\">Estimula tu creatividad con sonidos integrados, funciones para practicar y apps<\/h3>\n\n\n\n<p>El FP-10 viene repleto de modernas funciones digitales para que tus sesiones sean tan divertidas como productivas. Puedes explorar tu creatividad en cualquier g\u00e9nero musical con sonidos integrados, como \u00f3rgano, pianos el\u00e9ctricos y cuerdas. Mejorar\u00e1s el tempo con el metr\u00f3nomo incorporado y aprender\u00e1s m\u00e1s r\u00e1pido con el modo Twin Piano, que permite que profesor y alumno toquen juntos a cuatro manos en el mismo registro. Adem\u00e1s, con conectividad Bluetooth y MIDI, puedes conectar con todo un universo de estaciones de audio digital (DAW) y apps, como GarageBand de Apple y Piano Partner 2* de Roland.<\/p>\n\n\n\n<p>* La funci\u00f3n de ritmos no est\u00e1 disponible en Piano Partner 2.<\/p>\n\n\n\n<h3 class=\"wp-block-heading\">El piano digital de 88 teclas m\u00e1s compacto de su categor\u00eda<\/h3>\n\n\n\n<p>Te gustar\u00eda tener un piano de 88 notas de tama\u00f1o est\u00e1ndar, pero no te cabe un mueble est\u00e1ndar en casa. El Roland FP-10 es la soluci\u00f3n. Como el piano digital de 88 teclas m\u00e1s compacto de su categor\u00eda, el FP-10 tiene unas discretas dimensiones de 1.284 por 258 mm, as\u00ed que puedes colocarlo en cualquier sitio, y moverlo f\u00e1cilmente cuando haga falta. Si quieres a\u00fan m\u00e1s flexibilidad m\u00f3vil, usa el soporte de teclado port\u00e1til KS-12. Y si prefieres una est\u00e9tica aut\u00e9ntica y una configuraci\u00f3n m\u00e1s s\u00f3lida, elige el soporte KSCFP-10.<\/p>\n\n\n\n<figure class=\"wp-block-image aligncenter size-full\"><img decoding=\"async\" loading=\"lazy\" width=\"970\" height=\"300\" src=\"https:\/\/hablemosdepiano.com\/wp-content\/uploads\/2023\/04\/Piano-Digital-Roland-FP10-07.jpg\" alt=\"\" class=\"wp-image-347\" srcset=\"https:\/\/hablemosdepiano.com\/wp-content\/uploads\/2023\/04\/Piano-Digital-Roland-FP10-07.jpg 970w, https:\/\/hablemosdepiano.com\/wp-content\/uploads\/2023\/04\/Piano-Digital-Roland-FP10-07-300x93.jpg 300w, https:\/\/hablemosdepiano.com\/wp-content\/uploads\/2023\/04\/Piano-Digital-Roland-FP10-07-768x238.jpg 768w\" sizes=\"(max-width: 970px) 100vw, 970px\" \/><\/figure>\n\n\n\n<div class=\"wp-block-buttons is-content-justification-center is-layout-flex wp-container-4\">\n<div class=\"wp-block-button has-custom-font-size is-style-fill has-medium-font-size\"><a class=\"wp-block-button__link has-black-color has-luminous-vivid-amber-background-color has-text-color has-background wp-element-button\" href=\"https:\/\/amzn.to\/3KzslJP\" style=\"border-radius:0px\" target=\"_blank\" rel=\"https:\/\/amzn.to\/3MpJ8kX noopener\">Comprar en AMAZON<\/a><\/div>\n<\/div>\n","protected":false},"excerpt":{"rendered":"<p>Piano digital Roland FP-10 es un Piano Digital de 88 teclas port\u00e1til, ideal para tocar en casa y practicar. Caracter\u00edsticas del Piano Digital Roland FP-10 Marca Roland Color FP-10 negro N\u00famero de teclas 88 Tama\u00f1o Piano Peso del producto 27 Libras Nombre del modelo FP-10 Dimensiones del producto: largo x ancho x alto 40.5 x &hellip;<\/p>\n<p class=\"read-more\"> <a class=\"\" href=\"https:\/\/hablemosdepiano.com\/index.php\/resena-roland-fp-10-piano-digital\/\"> <span class=\"screen-reader-text\">Rese\u00f1a Roland FP-10 Piano Digital<\/span> Leer m\u00e1s &raquo;<\/a><\/p>\n","protected":false},"author":1,"featured_media":0,"parent":0,"menu_order":0,"comment_status":"closed","ping_status":"closed","template":"","meta":{"site-sidebar-layout":"default","site-content-layout":"default","ast-global-header-display":"","ast-main-header-display":"","ast-hfb-above-header-display":"","ast-hfb-below-header-display":"","ast-hfb-mobile-header-display":"","site-post-title":"","ast-breadcrumbs-content":"","ast-featured-img":"","footer-sml-layout":"","theme-transparent-header-meta":"","adv-header-id-meta":"","stick-header-meta":"","header-above-stick-meta":"","header-main-stick-meta":"","header-below-stick-meta":""},"_links":{"self":[{"href":"https:\/\/hablemosdepiano.com\/index.php\/wp-json\/wp\/v2\/pages\/338"}],"collection":[{"href":"https:\/\/hablemosdepiano.com\/index.php\/wp-json\/wp\/v2\/pages"}],"about":[{"href":"https:\/\/hablemosdepiano.com\/index.php\/wp-json\/wp\/v2\/types\/page"}],"author":[{"embeddable":true,"href":"https:\/\/hablemosdepiano.com\/index.php\/wp-json\/wp\/v2\/users\/1"}],"replies":[{"embeddable":true,"href":"https:\/\/hablemosdepiano.com\/index.php\/wp-json\/wp\/v2\/comments?post=338"}],"version-history":[{"count":3,"href":"https:\/\/hablemosdepiano.com\/index.php\/wp-json\/wp\/v2\/pages\/338\/revisions"}],"predecessor-version":[{"id":349,"href":"https:\/\/hablemosdepiano.com\/index.php\/wp-json\/wp\/v2\/pages\/338\/revisions\/349"}],"wp:attachment":[{"href":"https:\/\/hablemosdepiano.com\/index.php\/wp-json\/wp\/v2\/media?parent=338"}],"curies":[{"name":"wp","href":"https:\/\/api.w.org\/{rel}","templated":true}]}}