{"id":312,"date":"2023-04-12T09:39:36","date_gmt":"2023-04-12T09:39:36","guid":{"rendered":"https:\/\/hablemosdepiano.com\/?page_id=312"},"modified":"2023-04-12T09:57:02","modified_gmt":"2023-04-12T09:57:02","slug":"resena-korg-xe20-piano-digital","status":"publish","type":"page","link":"https:\/\/hablemosdepiano.com\/index.php\/resena-korg-xe20-piano-digital\/","title":{"rendered":"Rese\u00f1a Korg XE20 Piano Digital"},"content":{"rendered":"\n<figure class=\"wp-block-image aligncenter size-large\"><img decoding=\"async\" loading=\"lazy\" width=\"1024\" height=\"503\" src=\"https:\/\/hablemosdepiano.com\/wp-content\/uploads\/2023\/04\/Piano-Digital-Korg-XE20-cabecera-1024x503.jpg\" alt=\"\" class=\"wp-image-316\" srcset=\"https:\/\/hablemosdepiano.com\/wp-content\/uploads\/2023\/04\/Piano-Digital-Korg-XE20-cabecera-1024x503.jpg 1024w, https:\/\/hablemosdepiano.com\/wp-content\/uploads\/2023\/04\/Piano-Digital-Korg-XE20-cabecera-300x147.jpg 300w, https:\/\/hablemosdepiano.com\/wp-content\/uploads\/2023\/04\/Piano-Digital-Korg-XE20-cabecera-768x377.jpg 768w, https:\/\/hablemosdepiano.com\/wp-content\/uploads\/2023\/04\/Piano-Digital-Korg-XE20-cabecera-1536x754.jpg 1536w, https:\/\/hablemosdepiano.com\/wp-content\/uploads\/2023\/04\/Piano-Digital-Korg-XE20-cabecera.jpg 1540w\" sizes=\"(max-width: 1024px) 100vw, 1024px\" \/><\/figure>\n\n\n\n<p>Un piano digital con acompa\u00f1amiento autom\u00e1tico; una experiencia total de interpretaci\u00f3n de concierto en casa.<\/p>\n\n\n\n<p>El XE20 es un nuevo piano digital que cuenta con un teclado de toque natural de 88 notas e incluye dos pianos de cola completos. Tambi\u00e9n incluye acompa\u00f1amiento autom\u00e1tico para que puedas pasar de practicar tus canciones favoritas a interpretarlas con solo tocar un bot\u00f3n.<br><br>Podr\u00e1s acceder con la mano izquierda a una completa gama de estilos de acompa\u00f1amiento autom\u00e1tico, poniendo a tu disposici\u00f3n una banda completa que puedes controlar totalmente. Toca acordes y XE20 seguir\u00e1 tus cambios en cualquier estilo que selecciones. Cambia las variaciones con un solo toque. Agrega rellenos donde quieras. A\u00f1ade una melod\u00eda con la mano derecha.<\/p>\n\n\n\n<p>\u00a1Es una forma de tocar completamente en vivo y en tiempo real!<\/p>\n\n\n\n<p>El soporte se vende por separado.<\/p>\n\n\n\n<div class=\"wp-block-buttons is-content-justification-center is-layout-flex wp-container-1\">\n<div class=\"wp-block-button has-custom-font-size is-style-fill has-medium-font-size\"><a class=\"wp-block-button__link has-black-color has-luminous-vivid-amber-background-color has-text-color has-background wp-element-button\" href=\"https:\/\/amzn.to\/3zSpo27\" style=\"border-radius:0px\" target=\"_blank\" rel=\"https:\/\/amzn.to\/3MpJ8kX noopener\">Comprar en AMAZON<\/a><\/div>\n<\/div>\n\n\n\n<div style=\"height:31px\" aria-hidden=\"true\" class=\"wp-block-spacer\"><\/div>\n\n\n\n<figure class=\"wp-block-image aligncenter size-large\"><img decoding=\"async\" loading=\"lazy\" width=\"1024\" height=\"261\" src=\"https:\/\/hablemosdepiano.com\/wp-content\/uploads\/2023\/04\/Piano-Digital-Korg-XE20-01-1-1024x261.jpg\" alt=\"\" class=\"wp-image-317\" srcset=\"https:\/\/hablemosdepiano.com\/wp-content\/uploads\/2023\/04\/Piano-Digital-Korg-XE20-01-1-1024x261.jpg 1024w, https:\/\/hablemosdepiano.com\/wp-content\/uploads\/2023\/04\/Piano-Digital-Korg-XE20-01-1-300x76.jpg 300w, https:\/\/hablemosdepiano.com\/wp-content\/uploads\/2023\/04\/Piano-Digital-Korg-XE20-01-1-768x196.jpg 768w, https:\/\/hablemosdepiano.com\/wp-content\/uploads\/2023\/04\/Piano-Digital-Korg-XE20-01-1.jpg 1500w\" sizes=\"(max-width: 1024px) 100vw, 1024px\" \/><\/figure>\n\n\n\n<p><a href=\"javascript:void(0);\"><\/a><\/p>\n\n\n\n<h2 class=\"wp-block-heading\">Caracter\u00edsticas del Piano Digital Korg XE20<\/h2>\n\n\n\n<figure class=\"wp-block-table\"><table><tbody><tr><th class=\"has-text-align-left\" data-align=\"left\">Dimensiones del paquete<\/th><td>\u200e145.5 x 43 x 19.6 cm; 15.12 kilogramos<\/td><\/tr><tr><th class=\"has-text-align-left\" data-align=\"left\">Referencia del fabricante<\/th><td>\u200eKRXE20<\/td><\/tr><tr><th class=\"has-text-align-left\" data-align=\"left\">Color<\/th><td>\u200eNegro<\/td><\/tr><tr><th class=\"has-text-align-left\" data-align=\"left\">Fuente de alimentaci\u00f3n<\/th><td>\u200eFunciona con bater\u00eda<\/td><\/tr><tr><th class=\"has-text-align-left\" data-align=\"left\">Peso del producto<\/th><td>\u200e15.1 kg<\/td><\/tr><\/tbody><\/table><\/figure>\n\n\n\n<div style=\"height:31px\" aria-hidden=\"true\" class=\"wp-block-spacer\"><\/div>\n\n\n\n<figure class=\"wp-block-image aligncenter size-large\"><img decoding=\"async\" loading=\"lazy\" width=\"1024\" height=\"375\" src=\"https:\/\/hablemosdepiano.com\/wp-content\/uploads\/2023\/04\/korg-xe20-06-1024x375.png\" alt=\"\" class=\"wp-image-318\" srcset=\"https:\/\/hablemosdepiano.com\/wp-content\/uploads\/2023\/04\/korg-xe20-06-1024x375.png 1024w, https:\/\/hablemosdepiano.com\/wp-content\/uploads\/2023\/04\/korg-xe20-06-300x110.png 300w, https:\/\/hablemosdepiano.com\/wp-content\/uploads\/2023\/04\/korg-xe20-06-768x281.png 768w, https:\/\/hablemosdepiano.com\/wp-content\/uploads\/2023\/04\/korg-xe20-06.png 1200w\" sizes=\"(max-width: 1024px) 100vw, 1024px\" \/><\/figure>\n\n\n\n<div style=\"height:36px\" aria-hidden=\"true\" class=\"wp-block-spacer\"><\/div>\n\n\n\n<h2 class=\"wp-block-heading\">Todas las Ventajas del Piano Digital Korg XE20<\/h2>\n\n\n\n<h3 class=\"wp-block-heading\">Dos sonidos distintos de piano de cola<\/h3>\n\n\n\n<p>El piano alem\u00e1n del XE20 proviene de uno de los fabricantes de pianos m\u00e1s famosos del mundo; muy apreciado por multitud de pianistas por su vers\u00e1til poder expresivo. Es distintivo por su tonalidad audaz junto con un brillante registro alto y una gama baja matizada. El piano italiano tambi\u00e9n es famoso en todo el mundo por sus ricas resonancias y sensibilidad a los estilos de los int\u00e9rpretes. Estos dos sonidos te ofrecen las opciones necesarias para ayudarte a sacar el m\u00e1ximo provecho de tu experiencia interpretativa.<\/p>\n\n\n\n<h3 class=\"wp-block-heading\">Toca con una amplia variedad de sonidos<\/h3>\n\n\n\n<p>Adem\u00e1s de sus impresionantes pianos, el XE20 ofrece una colecci\u00f3n vers\u00e1til de m\u00e1s de 700 sonidos expresivos y aut\u00e9nticos, incluyendo pianos el\u00e9ctricos, \u00f3rganos, pads de sintetizador, metales, cuerdas, kits de bater\u00eda y mucho m\u00e1s, todos muestreados a partir de sonidos de instrumentos reales ac\u00fasticos y digitales. Cada uno de estos sonidos realistas se puede tocar en directo o utilizar como parte de los acompa\u00f1amientos autom\u00e1ticos de XE20.<\/p>\n\n\n\n<h3 class=\"wp-block-heading\">Los acompa\u00f1amientos autom\u00e1ticos llevan tus interpretaciones m\u00e1s all\u00e1<\/h3>\n\n\n\n<p>XE20 est\u00e1 equipado con una funci\u00f3n de acompa\u00f1amiento autom\u00e1tico llamada \u00abEstilos\u00bb, que te permite disponer autom\u00e1ticamente de una banda de acompa\u00f1amiento completa, simplemente tocando una nota o un acorde en la mano izquierda. Este acompa\u00f1amiento cambiar\u00e1 de acuerdo a la ubicaci\u00f3n en el teclado o acorde que toques, por lo que es f\u00e1cil crear improvisaciones, simplemente usando tu mano derecha para tocar una melod\u00eda junto con el acompa\u00f1amiento.<\/p>\n\n\n\n<p>M\u00e1s de 280 estilos diferentes se proporcionan para g\u00e9neros musicales de todo el mundo, y cada estilo incluye cuatro variaciones que van desde simples a complejas, adem\u00e1s de una introducci\u00f3n y un final para el principio y el final de la canci\u00f3n. Puedes utilizar estos botones para cambiar entre estas variaciones a tiempo con el ritmo, para a\u00f1adir variedad a tus interpretaciones.<\/p>\n\n\n\n<p>Y, como el XE20 tiene el mismo teclado de 88 notas que un piano de cola, puedes disfrutar de duetos con un familiar o amigo.<\/p>\n\n\n\n<figure class=\"wp-block-image aligncenter size-large\"><img decoding=\"async\" loading=\"lazy\" width=\"1024\" height=\"683\" src=\"https:\/\/hablemosdepiano.com\/wp-content\/uploads\/2023\/04\/Piano-Digital-Korg-XE20-02-1024x683.jpg\" alt=\"\" class=\"wp-image-319\" srcset=\"https:\/\/hablemosdepiano.com\/wp-content\/uploads\/2023\/04\/Piano-Digital-Korg-XE20-02-1024x683.jpg 1024w, https:\/\/hablemosdepiano.com\/wp-content\/uploads\/2023\/04\/Piano-Digital-Korg-XE20-02-300x200.jpg 300w, https:\/\/hablemosdepiano.com\/wp-content\/uploads\/2023\/04\/Piano-Digital-Korg-XE20-02-768x512.jpg 768w, https:\/\/hablemosdepiano.com\/wp-content\/uploads\/2023\/04\/Piano-Digital-Korg-XE20-02.jpg 1500w\" sizes=\"(max-width: 1024px) 100vw, 1024px\" \/><\/figure>\n\n\n\n<div style=\"height:26px\" aria-hidden=\"true\" class=\"wp-block-spacer\"><\/div>\n\n\n\n<h3 class=\"wp-block-heading\">Interpreta tus canciones favoritas con el XE20<\/h3>\n\n\n\n<p>Una vez que te sientas c\u00f3modo tocando una canci\u00f3n, puedes grabar tu propia interpretaci\u00f3n en el XE20 y guardarla para m\u00e1s tarde. Adem\u00e1s de tus propias canciones, puedes utilizar el modo de canci\u00f3n para reproducir canciones de demostraci\u00f3n incorporadas, datos de audio MP3 o WAV, o archivos MIDI est\u00e1ndar, desde cualquier unidad flash USB disponible comercialmente, mientras tocas junto con la reproducci\u00f3n.<\/p>\n\n\n\n<h3 class=\"wp-block-heading\">Dise\u00f1o estilizado que cabe en cualquier lugar<\/h3>\n\n\n\n<p>El XE20 tiene solo 34 cm de profundidad y pesa s\u00f3lo 11,4 kg (*sin incluir el atril musical y el soporte que se vende por separado). Sus funciones vers\u00e1tiles se encuentran en el centro de un c\u00f3modo panel frontal, ofreciendo el mismo estilo compacto que un piano digital t\u00edpico, con acompa\u00f1amiento y personalizaci\u00f3n adicionales. El cuerpo estilizado y ligero va muy bien en cualquier habitaci\u00f3n con su soporte dedicado (*STB1 que se vende por separado), o puedes llevarlo f\u00e1cilmente y colocarlo en una mesa, d\u00e1ndote m\u00e1s opciones para disfrutar de tu XE20.<\/p>\n\n\n\n<h3 class=\"wp-block-heading\">Altavoces activos para un sonido potente<\/h3>\n\n\n\n<p>Los altavoces del XE20 tambi\u00e9n han sido redise\u00f1ados para proporcionar gran potencia y claridad. Este nuevo sistema de reproducci\u00f3n tambi\u00e9n mejora el equilibrio general, de modo que incluso cuando se activa el acompa\u00f1amiento autom\u00e1tico, los graves de las bater\u00edas y bajos estar\u00e1n presentes, al tiempo que permite que el piano brille perfectamente.<\/p>\n\n\n\n<h3 class=\"wp-block-heading\">Un teclado con el toque de un piano ac\u00fastico<\/h3>\n\n\n\n<p>El XE20 cuenta con un teclado de acci\u00f3n gradual de martillo contrapesado para proporcionar una verdadera sensaci\u00f3n de piano ac\u00fastico; las teclas del los registros inferiores resultan m\u00e1s pesadas, y van siendo m\u00e1s ligeras a medida que tocas en rangos superiores. El teclado est\u00e1 finamente equilibrado, proporcionando una experiencia de interpretaci\u00f3n natural y sin esfuerzo.<\/p>\n\n\n\n<figure class=\"wp-block-image aligncenter size-large\"><img decoding=\"async\" loading=\"lazy\" width=\"1024\" height=\"683\" src=\"https:\/\/hablemosdepiano.com\/wp-content\/uploads\/2023\/04\/Piano-Digital-Korg-XE20-03-1024x683.jpg\" alt=\"\" class=\"wp-image-320\" srcset=\"https:\/\/hablemosdepiano.com\/wp-content\/uploads\/2023\/04\/Piano-Digital-Korg-XE20-03-1024x683.jpg 1024w, https:\/\/hablemosdepiano.com\/wp-content\/uploads\/2023\/04\/Piano-Digital-Korg-XE20-03-300x200.jpg 300w, https:\/\/hablemosdepiano.com\/wp-content\/uploads\/2023\/04\/Piano-Digital-Korg-XE20-03-768x512.jpg 768w, https:\/\/hablemosdepiano.com\/wp-content\/uploads\/2023\/04\/Piano-Digital-Korg-XE20-03.jpg 1500w\" sizes=\"(max-width: 1024px) 100vw, 1024px\" \/><\/figure>\n\n\n\n<div style=\"height:24px\" aria-hidden=\"true\" class=\"wp-block-spacer\"><\/div>\n\n\n\n<h3 class=\"wp-block-heading\">Estupendo paquete de software para la pr\u00e1ctica y creatividad<\/h3>\n\n\n\n<p>El XE20 se suministra con software que incluye el galardonado software de ense\u00f1anza de piano Skoove para ayudarte a mejorar tu interpretaci\u00f3n, junto con la aplicaci\u00f3n Module de Korg, que proporciona acceso a m\u00e1s sonidos, y finalmente la aplicaci\u00f3n de producci\u00f3n musical Gadget 2 Le DAW de Korg.<\/p>\n\n\n\n<h5 class=\"wp-block-heading\">3 meses de prueba premium para lecciones de piano online con \u00abSkoove\u00bb<\/h5>\n\n\n\n<p>Skoove es la plataforma m\u00e1s r\u00e1pida y f\u00e1cil para el aprendizaje de la interpretaci\u00f3n de piano. A trav\u00e9s de los tres pasos \u201cescuchar, aprender, interpretar\u201d Skove te permite disfrutar mientras aprendes. Cuenta con m\u00e1s de diez cursos y m\u00e1s de 300 canciones, con nuevas adiciones de forma constante. Tanto si est\u00e1s empezando como si ya puedes tocar, Skoove ofrece clases que son apropiadas para tus necesidades y niveles de habilidad. Se incluyen tres meses.<\/p>\n\n\n\n<h5 class=\"wp-block-heading\">Aplicaci\u00f3n de sonidos de piano \u00abKORG Module\u00bb<\/h5>\n\n\n\n<p>Module es una aplicaci\u00f3n port\u00e1til de m\u00f3dulo de sonido de alta calidad para iOS, con una biblioteca de sonido de nivel profesional que es ideal tanto para la interpretaci\u00f3n como para la producci\u00f3n musical. Module incluye a\u00fan m\u00e1s sonidos de piano de cola y sonidos de teclado cl\u00e1sicos con calidad de estudio.<\/p>\n\n\n\n<h5 class=\"wp-block-heading\">DAW de producci\u00f3n musical con m\u00f3dulo de sonidos incoporado \u00abKORG Gadget 2 Le\u00bb<\/h5>\n\n\n\n<p>Gadget 2 Le es una aplicaci\u00f3n port\u00e1til de producci\u00f3n de m\u00fasica para iPad\/iPhone que proporciona una vasta colecci\u00f3n de sintetizadores y cajas de ritmos llamadas \u00abgadgets\u00bb, y te permite combinarlos libremente para producir m\u00fasica a trav\u00e9s de una interfaz de usuario intuitiva.<\/p>\n\n\n\n<p><em>* \u201cKORG Module\u201d y \u201cKORG Gadget 2 Le\u201d pueden utilizarse para ampliar la funcionalidad y sonidos cuando est\u00e1n conectados al XE20. La conexi\u00f3n a tu PC requiere un cable USB (se vende por separado), y la conexi\u00f3n a tu iPhone o iPad requiere un cable USB + adaptador USB Lightning (ambos se venden por separado).<\/em><\/p>\n\n\n\n<h2 class=\"wp-block-heading\">Especificaciones del Korg XE20<\/h2>\n\n\n\n<ul>\n<li>Teclado: Teclado NH (Natural Weighted Hammer Action), 88 teclas (A0\u2013C8)<\/li>\n\n\n\n<li>Control de Toque: Cuatro tipos, Soft (ligero), medium (est\u00e1ndar), hard (fuerte), fijo<\/li>\n\n\n\n<li>Tono: Transposici\u00f3n, Afinaci\u00f3n<\/li>\n\n\n\n<li>Generaci\u00f3n de Sonido: PCM Est\u00e9reo<\/li>\n\n\n\n<li>Polifon\u00eda m\u00e1xima: 184 voces.<\/li>\n\n\n\n<li>Otros sonidos: total m\u00e1ximo 64 voces.<\/li>\n\n\n\n<li>Sonidos: M\u00e1s de 705 sonidos, 41 kits de bater\u00eda (incluyendo un conjunto de sonidos compatible GM)<\/li>\n\n\n\n<li>Efectos\n<ul>\n<li>Parte de Acompa\u00f1amiento: 2 multi-efectos est\u00e9reo digitales<\/li>\n\n\n\n<li>Parte de Teclado: 2 multi-efectos est\u00e9reo digitales<\/li>\n<\/ul>\n<\/li>\n\n\n\n<li>Estilos\n<ul>\n<li>280 presets<\/li>\n\n\n\n<li>2 intro, 4 variaciones, 2 Fills, 1 cuenta atr\u00e1s \/break, 2 finales, syncro start\/stop, tap tempo<\/li>\n<\/ul>\n<\/li>\n\n\n\n<li>Estilos musicales: M\u00e1s de 64 estilos<\/li>\n\n\n\n<li>Canciones Demo: 21 canciones<\/li>\n\n\n\n<li>Reproductor de Audio: MP3, WAV\uff0844.1kHz, 16bit\uff09<\/li>\n\n\n\n<li>Secuenciador\n<ul>\n<li>Grabaci\u00f3n: Grabaci\u00f3n en tiempo Real (Modo Estilo), m\u00e1ximo 999 canciones (aprox. 100.000 notas), 12 pistas (4 partes de teclado + 8 partes de acompa\u00f1amiento autom\u00e1tico), formato original (se puede convertir a SMF0)<\/li>\n\n\n\n<li>Reproducci\u00f3n: Soporta reproducci\u00f3n de canci\u00f3n (tocar el teclado durante la reproducci\u00f3n de canci\u00f3n), SMF (Archivo MIDI est\u00e1ndar) formato 0 o 1<\/li>\n<\/ul>\n<\/li>\n\n\n\n<li>Listas Set: 10 bancos x 4<\/li>\n\n\n\n<li>Metr\u00f3nomo: Tempo, beat, volumen<\/li>\n\n\n\n<li>Tempo: 30\u2013240<\/li>\n\n\n\n<li>Transposici\u00f3n: C (-12) a C (0) a C (+12)<\/li>\n\n\n\n<li>Afinaci\u00f3n: 427.5\u2013452.9 Hz<\/li>\n\n\n\n<li>Entrada\/Salida\n<ul>\n<li>Controlador de pedal jack: 6.3 mm (1\/4&#8243;) jack<\/li>\n\n\n\n<li>AUDIO IN jack: 3.5 (1\/8&#8243;) mm est\u00e9reo mini-jack<\/li>\n\n\n\n<li>OUTPUT L\/MONO, R jack: 6.3 mm (1\/4&#8243;) jack (no balanceado)<\/li>\n\n\n\n<li>Auriculares: 3.5 mm (1\/8&#8243;) mini-jack est\u00e9reo<\/li>\n\n\n\n<li>Puerto USB A: puerto TO DEVICE para conectar memoria USB flash y controladores<\/li>\n\n\n\n<li>Puerto USB B: TO HOST para conectar ordenador personal<\/li>\n\n\n\n<li>PEDAL jack: Damper pedal (incluido), PU-2 pedal (se vende por separado)<\/li>\n<\/ul>\n<\/li>\n\n\n\n<li>Sistema de Altavoces\n<ul>\n<li>Amplificaci\u00f3n18 W \u00d7 2<\/li>\n\n\n\n<li>Altavoces: 57 mm (2.24\u201d) \u00d7 126 mm (4.96\u201d) altavoces El\u00edpticos \u00d7 2 (en recinto bass reflex)<\/li>\n\n\n\n<li>EQ de altavoz: 8 tipos<\/li>\n<\/ul>\n<\/li>\n\n\n\n<li>MIDI: USB MIDI<\/li>\n\n\n\n<li>Pantalla: LCD con retroiluminaci\u00f3n<\/li>\n\n\n\n<li>Alimentaci\u00f3n el\u00e9ctrica: AC adaptador (incluido)<\/li>\n\n\n\n<li>Consumo el\u00e9ctrico: 13 W<\/li>\n\n\n\n<li>Dimensiones\n<ul>\n<li>(W x D x H)1,312 x 336 x 118 mm \/ 51.65&#8243; x 13.23&#8243; x 4.65&#8243; (sin incluir atril de partituras)<\/li>\n\n\n\n<li>1,312 x 336 x 751 mm\/51.65&#8243; x 13.23&#8243; x 29.57&#8243; (Altura con atril de partituras montado)<\/li>\n<\/ul>\n<\/li>\n\n\n\n<li>Peso: 11.4 kg\/25.13 lbs.<\/li>\n\n\n\n<li>Elementos incluidos: AC adaptador, atril de partituras, damper pedal<\/li>\n\n\n\n<li>Accesorios (se venden por separado): STB1 soporte dedicado, PU-2 unidad de tres pedales (*1), DS-1H damper pedal (*2), EXP-2 controlador de pedal, PS-1 conmutador de pedal, PS-3 conmutador de pedal.\n<ul>\n<li>* 1: El medio pedal y sostenuto s\u00f3lo soportado por los sonidos de piano Alem\u00e1n y piano Italiano.<\/li>\n\n\n\n<li>* 2: El medio pedal s\u00f3lo soportado por los sonidos de piano Alem\u00e1n y piano Italiano<\/li>\n<\/ul>\n<\/li>\n<\/ul>\n\n\n\n<div style=\"height:31px\" aria-hidden=\"true\" class=\"wp-block-spacer\"><\/div>\n\n\n\n<div class=\"wp-block-buttons is-content-justification-center is-layout-flex wp-container-2\">\n<div class=\"wp-block-button has-custom-font-size is-style-fill has-medium-font-size\"><a class=\"wp-block-button__link has-black-color has-luminous-vivid-amber-background-color has-text-color has-background wp-element-button\" href=\"https:\/\/amzn.to\/3zSpo27\" style=\"border-radius:0px\" target=\"_blank\" rel=\"https:\/\/amzn.to\/3MpJ8kX noopener\">Comprar en AMAZON<\/a><\/div>\n<\/div>\n","protected":false},"excerpt":{"rendered":"<p>Un piano digital con acompa\u00f1amiento autom\u00e1tico; una experiencia total de interpretaci\u00f3n de concierto en casa. El XE20 es un nuevo piano digital que cuenta con un teclado de toque natural de 88 notas e incluye dos pianos de cola completos. Tambi\u00e9n incluye acompa\u00f1amiento autom\u00e1tico para que puedas pasar de practicar tus canciones favoritas a interpretarlas &hellip;<\/p>\n<p class=\"read-more\"> <a class=\"\" href=\"https:\/\/hablemosdepiano.com\/index.php\/resena-korg-xe20-piano-digital\/\"> <span class=\"screen-reader-text\">Rese\u00f1a Korg XE20 Piano Digital<\/span> Leer m\u00e1s &raquo;<\/a><\/p>\n","protected":false},"author":1,"featured_media":0,"parent":0,"menu_order":0,"comment_status":"closed","ping_status":"closed","template":"","meta":{"site-sidebar-layout":"default","site-content-layout":"default","ast-global-header-display":"","ast-main-header-display":"","ast-hfb-above-header-display":"","ast-hfb-below-header-display":"","ast-hfb-mobile-header-display":"","site-post-title":"","ast-breadcrumbs-content":"","ast-featured-img":"","footer-sml-layout":"","theme-transparent-header-meta":"","adv-header-id-meta":"","stick-header-meta":"","header-above-stick-meta":"","header-main-stick-meta":"","header-below-stick-meta":""},"_links":{"self":[{"href":"https:\/\/hablemosdepiano.com\/index.php\/wp-json\/wp\/v2\/pages\/312"}],"collection":[{"href":"https:\/\/hablemosdepiano.com\/index.php\/wp-json\/wp\/v2\/pages"}],"about":[{"href":"https:\/\/hablemosdepiano.com\/index.php\/wp-json\/wp\/v2\/types\/page"}],"author":[{"embeddable":true,"href":"https:\/\/hablemosdepiano.com\/index.php\/wp-json\/wp\/v2\/users\/1"}],"replies":[{"embeddable":true,"href":"https:\/\/hablemosdepiano.com\/index.php\/wp-json\/wp\/v2\/comments?post=312"}],"version-history":[{"count":4,"href":"https:\/\/hablemosdepiano.com\/index.php\/wp-json\/wp\/v2\/pages\/312\/revisions"}],"predecessor-version":[{"id":322,"href":"https:\/\/hablemosdepiano.com\/index.php\/wp-json\/wp\/v2\/pages\/312\/revisions\/322"}],"wp:attachment":[{"href":"https:\/\/hablemosdepiano.com\/index.php\/wp-json\/wp\/v2\/media?parent=312"}],"curies":[{"name":"wp","href":"https:\/\/api.w.org\/{rel}","templated":true}]}}