{"id":297,"date":"2023-04-12T08:57:23","date_gmt":"2023-04-12T08:57:23","guid":{"rendered":"https:\/\/hablemosdepiano.com\/?page_id=297"},"modified":"2023-04-12T09:18:46","modified_gmt":"2023-04-12T09:18:46","slug":"resena-korg-liano-l1-piano-digital","status":"publish","type":"page","link":"https:\/\/hablemosdepiano.com\/index.php\/resena-korg-liano-l1-piano-digital\/","title":{"rendered":"Rese\u00f1a Korg Liano Piano Digital"},"content":{"rendered":"\n<figure class=\"wp-block-image aligncenter size-large\"><img decoding=\"async\" loading=\"lazy\" width=\"1024\" height=\"496\" src=\"https:\/\/hablemosdepiano.com\/wp-content\/uploads\/2023\/04\/Korg-Liano-L1-Piano-Digital-cabecera-1024x496.jpg\" alt=\"\" class=\"wp-image-299\" srcset=\"https:\/\/hablemosdepiano.com\/wp-content\/uploads\/2023\/04\/Korg-Liano-L1-Piano-Digital-cabecera-1024x496.jpg 1024w, https:\/\/hablemosdepiano.com\/wp-content\/uploads\/2023\/04\/Korg-Liano-L1-Piano-Digital-cabecera-300x145.jpg 300w, https:\/\/hablemosdepiano.com\/wp-content\/uploads\/2023\/04\/Korg-Liano-L1-Piano-Digital-cabecera-768x372.jpg 768w, https:\/\/hablemosdepiano.com\/wp-content\/uploads\/2023\/04\/Korg-Liano-L1-Piano-Digital-cabecera.jpg 1500w\" sizes=\"(max-width: 1024px) 100vw, 1024px\" \/><\/figure>\n\n\n\n<p>Aporta m\u00e1s diversi\u00f3n al piano con cinco nuevos y llamativos colores, cada uno con su encanto especial. <\/p>\n\n\n\n<p>KORG se complace en anunciar cinco nuevos colores para la gama de pianos Liano, un piano digital ligero y compacto con el que es muy f\u00e1cil empezar a tocar.<\/p>\n\n\n\n<p>Adem\u00e1s del Liano Negro est\u00e1ndar, \u00a1estos 5 nuevos colores ser\u00e1n el complemento ideal para cualquier hogar o escenario!<\/p>\n\n\n\n<figure class=\"wp-block-image aligncenter size-large\"><img decoding=\"async\" loading=\"lazy\" width=\"1024\" height=\"665\" src=\"https:\/\/hablemosdepiano.com\/wp-content\/uploads\/2023\/04\/liano-colores-1024x665.jpg\" alt=\"\" class=\"wp-image-303\" srcset=\"https:\/\/hablemosdepiano.com\/wp-content\/uploads\/2023\/04\/liano-colores-1024x665.jpg 1024w, https:\/\/hablemosdepiano.com\/wp-content\/uploads\/2023\/04\/liano-colores-300x195.jpg 300w, https:\/\/hablemosdepiano.com\/wp-content\/uploads\/2023\/04\/liano-colores-768x499.jpg 768w, https:\/\/hablemosdepiano.com\/wp-content\/uploads\/2023\/04\/liano-colores-1536x997.jpg 1536w, https:\/\/hablemosdepiano.com\/wp-content\/uploads\/2023\/04\/liano-colores.jpg 1540w\" sizes=\"(max-width: 1024px) 100vw, 1024px\" \/><\/figure>\n\n\n\n<p>Los sofisticados dise\u00f1os plata metalizado y gris metalizado har\u00e1n que los int\u00e9rpretes destaquen en cualquier concierto. Y si quieres a\u00f1adir una nota de color a tu espacio vital, \u00a1los llamativos colores rojo metalizado y azul metalizado aportar\u00e1n energ\u00eda y dinamismo a tu hogar! El Liano blanco perla te invita a relajarte con un dise\u00f1o sencillo pero elegante.<\/p>\n\n\n\n<p>Con su gran selecci\u00f3n de sonidos de piano, sus altavoces integrados y potentes, su teclado de gran comodidad y su dise\u00f1o delgado y compacto, Liano es la forma ideal de aportar diversi\u00f3n musical sin fin a tu vida.<\/p>\n\n\n\n<p>\u00a1Elige tu Liano favorito y muestra tus verdaderos colores!<\/p>\n\n\n\n<p>Imag\u00ednate cu\u00e1nto mejor puede ser la vida con un piano. M\u00fasica, expresi\u00f3n, entretenimiento, satisfacci\u00f3n: un piano puede hacer que cada d\u00eda sea m\u00e1s agradable. Pero un piano ocupa espacio, es pesado, necesita afinarse y puede ser demasiado ruidoso para algunos hogares, as\u00ed que \u00bfqu\u00e9 podemos hacer al respecto?<\/p>\n\n\n\n<p>KORG se enorgullece de anunciar un nuevo piano delgado y ligero que resuelve estos problemas, a la vez que ofrece una gran sensaci\u00f3n y un sonido de piano excepcional.<\/p>\n\n\n\n<p>Ama la m\u00fasica y el piano a\u00fan m\u00e1s. \u00a1Comienza tu nueva vida musical con el Korg Liano!<\/p>\n\n\n\n<div class=\"wp-block-buttons is-content-justification-center is-layout-flex wp-container-1\">\n<div class=\"wp-block-button has-custom-font-size is-style-fill has-medium-font-size\"><a class=\"wp-block-button__link has-black-color has-luminous-vivid-amber-background-color has-text-color has-background wp-element-button\" href=\"https:\/\/amzn.to\/3MyrrzN\" style=\"border-radius:0px\" target=\"_blank\" rel=\"https:\/\/amzn.to\/3MpJ8kX noopener\">Comprar en AMAZON<\/a><\/div>\n<\/div>\n\n\n\n<div style=\"height:31px\" aria-hidden=\"true\" class=\"wp-block-spacer\"><\/div>\n\n\n\n<figure class=\"wp-block-image aligncenter size-large\"><img decoding=\"async\" loading=\"lazy\" width=\"1024\" height=\"519\" src=\"https:\/\/hablemosdepiano.com\/wp-content\/uploads\/2023\/04\/Korg-Liano-L1-Piano-Digital-02-1024x519.jpg\" alt=\"\" class=\"wp-image-304\" srcset=\"https:\/\/hablemosdepiano.com\/wp-content\/uploads\/2023\/04\/Korg-Liano-L1-Piano-Digital-02-1024x519.jpg 1024w, https:\/\/hablemosdepiano.com\/wp-content\/uploads\/2023\/04\/Korg-Liano-L1-Piano-Digital-02-300x152.jpg 300w, https:\/\/hablemosdepiano.com\/wp-content\/uploads\/2023\/04\/Korg-Liano-L1-Piano-Digital-02-768x389.jpg 768w, https:\/\/hablemosdepiano.com\/wp-content\/uploads\/2023\/04\/Korg-Liano-L1-Piano-Digital-02.jpg 1500w\" sizes=\"(max-width: 1024px) 100vw, 1024px\" \/><\/figure>\n\n\n\n<div style=\"height:37px\" aria-hidden=\"true\" class=\"wp-block-spacer\"><\/div>\n\n\n\n<p>El Liano s\u00f3lo ocupa 130 cm de profundidad y 7 cm de grosor, \u00a1incluidos los altavoces! &#8211; sin dejar de ofrecer un teclado de tama\u00f1o completo de 88 teclas. Te beneficias de un dise\u00f1o delgado y ligero, al tiempo que mantienes la importante funcionalidad y el rendimiento de un piano.<\/p>\n\n\n\n<p><a href=\"javascript:void(0);\"><\/a><\/p>\n\n\n\n<h2 class=\"wp-block-heading\">Caracter\u00edsticas del Piano Digital Korg Liano<\/h2>\n\n\n\n<figure class=\"wp-block-table\"><table><tbody><tr><td><strong>Marca<\/strong><\/td><td>KORG<\/td><\/tr><tr><td><strong>Color<\/strong><\/td><td>Negro<\/td><\/tr><tr><td><strong>N\u00famero de teclas<\/strong><\/td><td>88<\/td><\/tr><tr><td><strong>Funci\u00f3n especial<\/strong><\/td><td>Port\u00e1til, Teclas sensibles al tacto, Salida de auriculares, Teclas t\u00e1ctiles, Efectos digitales<\/td><\/tr><tr><td><strong>Rango de edad (descripci\u00f3n)<\/strong><\/td><td>Todos<\/td><\/tr><tr><td><strong>Peso del producto<\/strong><\/td><td>6.2 Kilogramos<\/td><\/tr><tr><td><strong>Nombre del modelo<\/strong><\/td><td>Liano<\/td><\/tr><tr><td><strong>Dimensiones del producto: largo x ancho x alto<\/strong><\/td><td>128.2 x 29 x 7.3 cent\u00edmetros<\/td><\/tr><\/tbody><\/table><\/figure>\n\n\n\n<div style=\"height:31px\" aria-hidden=\"true\" class=\"wp-block-spacer\"><\/div>\n\n\n\n<figure class=\"wp-block-image aligncenter size-large\"><img decoding=\"async\" loading=\"lazy\" width=\"1024\" height=\"61\" src=\"https:\/\/hablemosdepiano.com\/wp-content\/uploads\/2023\/04\/Korg-Liano-L1-Piano-Digital-05-1024x61.jpg\" alt=\"\" class=\"wp-image-305\" srcset=\"https:\/\/hablemosdepiano.com\/wp-content\/uploads\/2023\/04\/Korg-Liano-L1-Piano-Digital-05-1024x61.jpg 1024w, https:\/\/hablemosdepiano.com\/wp-content\/uploads\/2023\/04\/Korg-Liano-L1-Piano-Digital-05-300x18.jpg 300w, https:\/\/hablemosdepiano.com\/wp-content\/uploads\/2023\/04\/Korg-Liano-L1-Piano-Digital-05-768x46.jpg 768w, https:\/\/hablemosdepiano.com\/wp-content\/uploads\/2023\/04\/Korg-Liano-L1-Piano-Digital-05.jpg 1500w\" sizes=\"(max-width: 1024px) 100vw, 1024px\" \/><\/figure>\n\n\n\n<div style=\"height:36px\" aria-hidden=\"true\" class=\"wp-block-spacer\"><\/div>\n\n\n\n<h2 class=\"wp-block-heading\">Todas las Ventajas del Piano Digital Korg Liano<\/h2>\n\n\n\n<h3 class=\"wp-block-heading\">8 sonidos y efectos de coro y reberveraci\u00f3n<\/h3>\n\n\n\n<p>Las principales funciones del Liano son muy f\u00e1ciles de entender. Gira el dial del panel frontal para cambiar r\u00e1pidamente entre uno de los ocho sonidos, que incluyen piano, piano el\u00e9ctrico, \u00f3rgano, cuerdas y m\u00e1s: as\u00ed de sencillo. La estrella entre los sonidos es un renombrado piano de cola italiano con un hermoso tono, un piano que aparece en conciertos de todo el mundo. El Liano incorpora dos efectos, una reverberaci\u00f3n y un coro, que a\u00f1aden riqueza al sonido.<\/p>\n\n\n\n<h3 class=\"wp-block-heading\">Los altavoces con Bass Reflex ofrecen un sonido rico en graves<\/h3>\n\n\n\n<p>Los altavoces est\u00e1n situados en el panel frontal para diriger el sonido directamente hacia ti. El altavoz Bass Reflex cuenta con puertos especialmente dise\u00f1ados para proporcionar un sonido din\u00e1mico en bajas frecuencias que, de otro modo, ser\u00eda dif\u00edcil de producir. Y para practicar en silencio, tambi\u00e9n hay una pr\u00e1ctica toma de auriculares.<\/p>\n\n\n\n<figure class=\"wp-block-image aligncenter size-full\"><img decoding=\"async\" loading=\"lazy\" width=\"600\" height=\"318\" src=\"https:\/\/hablemosdepiano.com\/wp-content\/uploads\/2023\/04\/altavoces.png\" alt=\"\" class=\"wp-image-306\" srcset=\"https:\/\/hablemosdepiano.com\/wp-content\/uploads\/2023\/04\/altavoces.png 600w, https:\/\/hablemosdepiano.com\/wp-content\/uploads\/2023\/04\/altavoces-300x159.png 300w\" sizes=\"(max-width: 600px) 100vw, 600px\" \/><\/figure>\n\n\n\n<h3 class=\"wp-block-heading\">El cuerpo ligero pesa s\u00f3lo 6 kg, por lo que es f\u00e1cil de transportar<\/h3>\n\n\n\n<p>Incluso con 88 teclas y altavoces, este piano pesa s\u00f3lo 6,2 kg (m\u00e1s aproximadamente 200 g cuando se instalan seis pilas AA opcionales), por lo que Liano es f\u00e1cil de trasladar y guardar seg\u00fan sea necesario. La ligereza y la alimentaci\u00f3n por pilas opcional de Liano permiten utilizarlo en una gran variedad de entornos, \u00a1tanto en interiores como en exteriores! Adem\u00e1s, existe una funda especial para el Liano.<\/p>\n\n\n\n<figure class=\"wp-block-image aligncenter size-large\"><img decoding=\"async\" loading=\"lazy\" width=\"1024\" height=\"683\" src=\"https:\/\/hablemosdepiano.com\/wp-content\/uploads\/2023\/04\/Korg-Liano-L1-Piano-Digital-11-1024x683.jpg\" alt=\"\" class=\"wp-image-307\" srcset=\"https:\/\/hablemosdepiano.com\/wp-content\/uploads\/2023\/04\/Korg-Liano-L1-Piano-Digital-11-1024x683.jpg 1024w, https:\/\/hablemosdepiano.com\/wp-content\/uploads\/2023\/04\/Korg-Liano-L1-Piano-Digital-11-300x200.jpg 300w, https:\/\/hablemosdepiano.com\/wp-content\/uploads\/2023\/04\/Korg-Liano-L1-Piano-Digital-11-768x512.jpg 768w, https:\/\/hablemosdepiano.com\/wp-content\/uploads\/2023\/04\/Korg-Liano-L1-Piano-Digital-11.jpg 1500w\" sizes=\"(max-width: 1024px) 100vw, 1024px\" \/><\/figure>\n\n\n\n<div style=\"height:26px\" aria-hidden=\"true\" class=\"wp-block-spacer\"><\/div>\n\n\n\n<h3 class=\"wp-block-heading\">Seis pilas AA ofrecen aproximadamente ocho horas de uso continuo<\/h3>\n\n\n\n<p>Incluso con los altavoces incorporados, el Liano puede funcionar con 6 pilas AA, lo que permite una duraci\u00f3n aproximada de ocho horas de funcionamiento. Utiliza Liano en casa, en la escuela o fuera de ella en fiestas, en el escenario o en la calle: hay mucha duraci\u00f3n de las pilas y mucha diversi\u00f3n.<\/p>\n\n\n\n<figure class=\"wp-block-image aligncenter size-large\"><img decoding=\"async\" loading=\"lazy\" width=\"1024\" height=\"503\" src=\"https:\/\/hablemosdepiano.com\/wp-content\/uploads\/2023\/04\/liano-pilas-1024x503.jpg\" alt=\"\" class=\"wp-image-308\" srcset=\"https:\/\/hablemosdepiano.com\/wp-content\/uploads\/2023\/04\/liano-pilas-1024x503.jpg 1024w, https:\/\/hablemosdepiano.com\/wp-content\/uploads\/2023\/04\/liano-pilas-300x147.jpg 300w, https:\/\/hablemosdepiano.com\/wp-content\/uploads\/2023\/04\/liano-pilas-768x377.jpg 768w, https:\/\/hablemosdepiano.com\/wp-content\/uploads\/2023\/04\/liano-pilas-1536x754.jpg 1536w, https:\/\/hablemosdepiano.com\/wp-content\/uploads\/2023\/04\/liano-pilas.jpg 1540w\" sizes=\"(max-width: 1024px) 100vw, 1024px\" \/><\/figure>\n\n\n\n<h5 class=\"wp-block-heading\">Teclado de tacto ligero y f\u00e1cil de tocar<\/h5>\n\n\n\n<p>El Liano utiliza un teclado KORG light touch LS dise\u00f1ado a medida, especialmente recomendado para principiantes, as\u00ed como para los m\u00fasicos a los que no les gusta una acci\u00f3n de tecla pesada.<\/p>\n\n\n\n<h5 class=\"wp-block-heading\">Puerto USB incluido<\/h5>\n\n\n\n<p>Utiliza el Liano por s\u00ed solo o con\u00e9ctalo a un ordenador* y \u00fasalo como teclado maestro para grabar m\u00fasica en tu software DAW, controlar una aplicaci\u00f3n que ofrezca m\u00e1s sonidos de piano o ampliar la funcionalidad de Liano de cualquier otra forma.<\/p>\n\n\n\n<h5 class=\"wp-block-heading\">Software \u00fatil incluido<\/h5>\n\n\n\n<p>El Liano incluye un paquete de software para ayudarte a mejorar tu creaci\u00f3n musical. Estas aplicaciones incluyen \u00abSkoove\u00bb con varios niveles de lecciones de piano; \u00abKORG Module\u00bb y \u00abKORG Gadget 2 Le\u00bb para la producci\u00f3n musical basada en DAW; y un cup\u00f3n de descuento del 50% para \u00abTuneCore\u00bb, una aplicaci\u00f3n que te ayuda a vender tu m\u00fasica al mundo.<\/p>\n\n\n\n<h3 class=\"wp-block-heading\">Liano incluye un pedal de sustain y un atril para las partituras<\/h3>\n\n\n\n<p>El Liano incluye un pedal y un atril para las partituras con los que podr\u00e1s empezar a tocar de inmediato.<\/p>\n\n\n\n<figure class=\"wp-block-image aligncenter size-large\"><img decoding=\"async\" loading=\"lazy\" width=\"1024\" height=\"683\" src=\"https:\/\/hablemosdepiano.com\/wp-content\/uploads\/2023\/04\/Korg-Liano-L1-Piano-Digital-07-1024x683.jpg\" alt=\"\" class=\"wp-image-309\" srcset=\"https:\/\/hablemosdepiano.com\/wp-content\/uploads\/2023\/04\/Korg-Liano-L1-Piano-Digital-07-1024x683.jpg 1024w, https:\/\/hablemosdepiano.com\/wp-content\/uploads\/2023\/04\/Korg-Liano-L1-Piano-Digital-07-300x200.jpg 300w, https:\/\/hablemosdepiano.com\/wp-content\/uploads\/2023\/04\/Korg-Liano-L1-Piano-Digital-07-768x512.jpg 768w, https:\/\/hablemosdepiano.com\/wp-content\/uploads\/2023\/04\/Korg-Liano-L1-Piano-Digital-07.jpg 1500w\" sizes=\"(max-width: 1024px) 100vw, 1024px\" \/><\/figure>\n\n\n\n<div style=\"height:32px\" aria-hidden=\"true\" class=\"wp-block-spacer\"><\/div>\n\n\n\n<h3 class=\"wp-block-heading\">La diversi\u00f3n de tocar el piano, ahora m\u00e1s familiar que nunca<\/h3>\n\n\n\n<p>Con su cuerpo delgado y ligero junto con un brillante sonido de piano de cola italiano, Liano te permite disfrutar tocando cuando y donde quieras.<\/p>\n\n\n\n<h2 class=\"wp-block-heading\">Especificaciones del Piano Digital Korg Liano<\/h2>\n\n\n\n<ul>\n<li>Variaciones de color: Negro (BK), Metallic Blue (MB), Metallic Gray (MG), Metallic Red (MR), Metallic Silver (MS), Pearl White (PW)<\/li>\n\n\n\n<li>Teclado: Teclado LS de 88 teclas (A0-C8) (compatible con la velocidad)<\/li>\n\n\n\n<li>Control de toque: 3 tipos<\/li>\n\n\n\n<li>Afinaci\u00f3n: Transposici\u00f3n, afinaci\u00f3n maestra<\/li>\n\n\n\n<li>Temperamento: Temperamento igual<\/li>\n\n\n\n<li>Generaci\u00f3n de sonido: PCM est\u00e9reo<\/li>\n\n\n\n<li>Polifon\u00eda m\u00e1xima: 120 voces<\/li>\n\n\n\n<li>Sonidos: 8 sonidos<\/li>\n\n\n\n<li>Efectos: Reverb, Chorus<\/li>\n\n\n\n<li>Canciones de demostraci\u00f3n: 8<\/li>\n\n\n\n<li>Metr\u00f3nomo: Tempo, comp\u00e1s, control de volumen<\/li>\n\n\n\n<li>Pedal: Apagador<\/li>\n\n\n\n<li>Conexiones: Toma de auriculares (para salida de auriculares y de l\u00ednea), terminal USB (TIPO B), DAMPER, DC IN<\/li>\n\n\n\n<li>Controles: Encendido, Volumen, Reverberaci\u00f3n, Metr\u00f3nomo, Sonidos<\/li>\n\n\n\n<li>Altavoces: 8cm x 2 (circulares)<\/li>\n\n\n\n<li>Amplificaci\u00f3n: 8W x 2<\/li>\n\n\n\n<li>Fuente de alimentaci\u00f3n: Adaptador de CA (DC 12V, incluido)<\/li>\n\n\n\n<li>Pilas AA: (alcalinas o NiMH) x6 (se venden por separado)<\/li>\n\n\n\n<li>Duraci\u00f3n de las pilas: Aprox. 8 horas (con pilas alcalinas)<\/li>\n\n\n\n<li>Consumo de energ\u00eda: 5W<\/li>\n\n\n\n<li>Dimensiones: (W x D x H) 1,282 x 290 x 73 mm \/ 50.47 x 11.42 x 2.87 inch (Incluyendo proyecciones, excluyendo el atril)<\/li>\n\n\n\n<li>Peso: 6.0 kg (sin incluir las pilas AA ni el atril)<\/li>\n\n\n\n<li>Elementos incluidos: Adaptador de CA, atril, interruptor de pedal (para el apagador): PS-3<\/li>\n\n\n\n<li>Accesorios: Pedal sustain: DS-1H, Interruptor de pedal: PS-1, Funda: SEQUENZ SC-B2N<\/li>\n<\/ul>\n\n\n\n<p><\/p>\n\n\n\n<div style=\"height:31px\" aria-hidden=\"true\" class=\"wp-block-spacer\"><\/div>\n\n\n\n<div class=\"wp-block-buttons is-content-justification-center is-layout-flex wp-container-2\">\n<div class=\"wp-block-button has-custom-font-size is-style-fill has-medium-font-size\"><a class=\"wp-block-button__link has-black-color has-luminous-vivid-amber-background-color has-text-color has-background wp-element-button\" href=\"https:\/\/amzn.to\/3MyrrzN\" style=\"border-radius:0px\" target=\"_blank\" rel=\"https:\/\/amzn.to\/3MpJ8kX noopener\">Comprar en AMAZON<\/a><\/div>\n<\/div>\n","protected":false},"excerpt":{"rendered":"<p>Aporta m\u00e1s diversi\u00f3n al piano con cinco nuevos y llamativos colores, cada uno con su encanto especial. KORG se complace en anunciar cinco nuevos colores para la gama de pianos Liano, un piano digital ligero y compacto con el que es muy f\u00e1cil empezar a tocar. Adem\u00e1s del Liano Negro est\u00e1ndar, \u00a1estos 5 nuevos colores &hellip;<\/p>\n<p class=\"read-more\"> <a class=\"\" href=\"https:\/\/hablemosdepiano.com\/index.php\/resena-korg-liano-l1-piano-digital\/\"> <span class=\"screen-reader-text\">Rese\u00f1a Korg Liano Piano Digital<\/span> Leer m\u00e1s &raquo;<\/a><\/p>\n","protected":false},"author":1,"featured_media":0,"parent":0,"menu_order":0,"comment_status":"closed","ping_status":"closed","template":"","meta":{"site-sidebar-layout":"default","site-content-layout":"default","ast-global-header-display":"","ast-main-header-display":"","ast-hfb-above-header-display":"","ast-hfb-below-header-display":"","ast-hfb-mobile-header-display":"","site-post-title":"","ast-breadcrumbs-content":"","ast-featured-img":"","footer-sml-layout":"","theme-transparent-header-meta":"","adv-header-id-meta":"","stick-header-meta":"","header-above-stick-meta":"","header-main-stick-meta":"","header-below-stick-meta":""},"_links":{"self":[{"href":"https:\/\/hablemosdepiano.com\/index.php\/wp-json\/wp\/v2\/pages\/297"}],"collection":[{"href":"https:\/\/hablemosdepiano.com\/index.php\/wp-json\/wp\/v2\/pages"}],"about":[{"href":"https:\/\/hablemosdepiano.com\/index.php\/wp-json\/wp\/v2\/types\/page"}],"author":[{"embeddable":true,"href":"https:\/\/hablemosdepiano.com\/index.php\/wp-json\/wp\/v2\/users\/1"}],"replies":[{"embeddable":true,"href":"https:\/\/hablemosdepiano.com\/index.php\/wp-json\/wp\/v2\/comments?post=297"}],"version-history":[{"count":5,"href":"https:\/\/hablemosdepiano.com\/index.php\/wp-json\/wp\/v2\/pages\/297\/revisions"}],"predecessor-version":[{"id":301,"href":"https:\/\/hablemosdepiano.com\/index.php\/wp-json\/wp\/v2\/pages\/297\/revisions\/301"}],"wp:attachment":[{"href":"https:\/\/hablemosdepiano.com\/index.php\/wp-json\/wp\/v2\/media?parent=297"}],"curies":[{"name":"wp","href":"https:\/\/api.w.org\/{rel}","templated":true}]}}