{"id":282,"date":"2023-04-12T08:37:38","date_gmt":"2023-04-12T08:37:38","guid":{"rendered":"https:\/\/hablemosdepiano.com\/?page_id=282"},"modified":"2023-04-12T08:53:37","modified_gmt":"2023-04-12T08:53:37","slug":"resena-korg-b2-piano-digital","status":"publish","type":"page","link":"https:\/\/hablemosdepiano.com\/index.php\/resena-korg-b2-piano-digital\/","title":{"rendered":"Rese\u00f1a Korg B2 Piano Digital"},"content":{"rendered":"\n<figure class=\"wp-block-image aligncenter size-large\"><img decoding=\"async\" loading=\"lazy\" width=\"1024\" height=\"502\" src=\"https:\/\/hablemosdepiano.com\/wp-content\/uploads\/2023\/04\/korg-b2-cabecera-1024x502.jpg\" alt=\"\" class=\"wp-image-284\" srcset=\"https:\/\/hablemosdepiano.com\/wp-content\/uploads\/2023\/04\/korg-b2-cabecera-1024x502.jpg 1024w, https:\/\/hablemosdepiano.com\/wp-content\/uploads\/2023\/04\/korg-b2-cabecera-300x147.jpg 300w, https:\/\/hablemosdepiano.com\/wp-content\/uploads\/2023\/04\/korg-b2-cabecera-768x377.jpg 768w, https:\/\/hablemosdepiano.com\/wp-content\/uploads\/2023\/04\/korg-b2-cabecera.jpg 1500w\" sizes=\"(max-width: 1024px) 100vw, 1024px\" \/><\/figure>\n\n\n\n<p>Un piano para nuevos comienzos. Repleto de funciones para principiantes hasta expertos.<\/p>\n\n\n\n<p>El B2 representa una nueva generaci\u00f3n de pianos digitales de KORG, centrados en la accesibilidad y facilidad de uso. Perfecto como un primer piano para un int\u00e9rprete novel, hemos prestado especial atenci\u00f3n a la experiencia de tocar un piano real. El B2 est\u00e1 repleto de sonidos cuidadosamente seleccionados, a partir de legendarios pianos de cola de todo el mundo.<br>Incluye software y varios conectores para una experiencia de piano verdaderamente actual.<\/p>\n\n\n\n<div class=\"wp-block-buttons is-content-justification-center is-layout-flex wp-container-1\">\n<div class=\"wp-block-button has-custom-font-size is-style-fill has-medium-font-size\"><a class=\"wp-block-button__link has-black-color has-luminous-vivid-amber-background-color has-text-color has-background wp-element-button\" href=\"https:\/\/amzn.to\/3GxNenl\" style=\"border-radius:0px\" target=\"_blank\" rel=\"https:\/\/amzn.to\/3MpJ8kX noopener\">Comprar en AMAZON<\/a><\/div>\n<\/div>\n\n\n\n<div style=\"height:31px\" aria-hidden=\"true\" class=\"wp-block-spacer\"><\/div>\n\n\n\n<figure class=\"wp-block-image aligncenter size-large\"><img decoding=\"async\" loading=\"lazy\" width=\"1024\" height=\"296\" src=\"https:\/\/hablemosdepiano.com\/wp-content\/uploads\/2023\/04\/Korg-B2-Piano-Digital-01-1024x296.jpg\" alt=\"\" class=\"wp-image-287\" srcset=\"https:\/\/hablemosdepiano.com\/wp-content\/uploads\/2023\/04\/Korg-B2-Piano-Digital-01-1024x296.jpg 1024w, https:\/\/hablemosdepiano.com\/wp-content\/uploads\/2023\/04\/Korg-B2-Piano-Digital-01-300x87.jpg 300w, https:\/\/hablemosdepiano.com\/wp-content\/uploads\/2023\/04\/Korg-B2-Piano-Digital-01-768x222.jpg 768w, https:\/\/hablemosdepiano.com\/wp-content\/uploads\/2023\/04\/Korg-B2-Piano-Digital-01.jpg 1500w\" sizes=\"(max-width: 1024px) 100vw, 1024px\" \/><\/figure>\n\n\n\n<div style=\"height:37px\" aria-hidden=\"true\" class=\"wp-block-spacer\"><\/div>\n\n\n\n<p>B2 tiene un formato de teclado y puede ser colocado en un soporte, el B2SP dispone de un soporte de f\u00e1cil montaje y una unidad de tres pedales, y el B2N cuenta con un teclado de 88 notas de toque m\u00e1s ligero. Esta gama de tres modelos ofrece a los usuarios la posibilidad de elegir el piano perfecto para sus necesidades. B2 es un piano para cualquier int\u00e9rprete, desde principiantes hasta int\u00e9rpretes experimentados que buscan algo c\u00f3modo para practicar.<\/p>\n\n\n\n<p><a href=\"javascript:void(0);\"><\/a><\/p>\n\n\n\n<h2 class=\"wp-block-heading\">Caracter\u00edsticas del Piano Digital Korg B2<\/h2>\n\n\n\n<figure class=\"wp-block-table\"><table><tbody><tr><td><strong>Marca<\/strong><\/td><td>KORG<\/td><\/tr><tr><td><strong>Color<\/strong><\/td><td>Negro<\/td><\/tr><tr><td><strong>N\u00famero de teclas<\/strong><\/td><td>88<\/td><\/tr><tr><td><strong>Peso del producto<\/strong><\/td><td>11.4 Kilogramos<\/td><\/tr><tr><td><strong>Nombre del modelo<\/strong><\/td><td>KR B2 BK<\/td><\/tr><tr><td><strong>Dimensiones del producto: largo x ancho x alto<\/strong><\/td><td>131.2 x 33.6 x 11.7 cent\u00edmetros<\/td><\/tr><tr><td><strong>Estilo<\/strong><\/td><td>Piano digital<\/td><\/tr><tr><td><strong>Tipo de conector<\/strong><\/td><td>Jack de 6,35 mm<\/td><\/tr><tr><td><strong>Tecnolog\u00eda de conectividad<\/strong><\/td><td>USB<\/td><\/tr><tr><td><strong>Fuente de alimentaci\u00f3n<\/strong><\/td><td>Cable el\u00e9ctrico<\/td><\/tr><\/tbody><\/table><\/figure>\n\n\n\n<div style=\"height:31px\" aria-hidden=\"true\" class=\"wp-block-spacer\"><\/div>\n\n\n\n<figure class=\"wp-block-image aligncenter size-large\"><img decoding=\"async\" loading=\"lazy\" width=\"1024\" height=\"93\" src=\"https:\/\/hablemosdepiano.com\/wp-content\/uploads\/2023\/04\/Korg-B2-Piano-Digital-05-1024x93.jpg\" alt=\"\" class=\"wp-image-289\" srcset=\"https:\/\/hablemosdepiano.com\/wp-content\/uploads\/2023\/04\/Korg-B2-Piano-Digital-05-1024x93.jpg 1024w, https:\/\/hablemosdepiano.com\/wp-content\/uploads\/2023\/04\/Korg-B2-Piano-Digital-05-300x27.jpg 300w, https:\/\/hablemosdepiano.com\/wp-content\/uploads\/2023\/04\/Korg-B2-Piano-Digital-05-768x70.jpg 768w, https:\/\/hablemosdepiano.com\/wp-content\/uploads\/2023\/04\/Korg-B2-Piano-Digital-05.jpg 1500w\" sizes=\"(max-width: 1024px) 100vw, 1024px\" \/><\/figure>\n\n\n\n<div style=\"height:36px\" aria-hidden=\"true\" class=\"wp-block-spacer\"><\/div>\n\n\n\n<h2 class=\"wp-block-heading\">Todas las Ventajas del Piano Digital Korg B2<\/h2>\n\n\n\n<h3 class=\"wp-block-heading\">Nuevo motor de sonido de piano con 12 sonidos cuidadosamente seleccionados.<\/h3>\n\n\n\n<p>El B2 proporciona un total de 12 sonidos que abarcan una amplia gama de g\u00e9neros, empezando con cinco sonidos impecables de piano gracias a su nuevo motor de piano, y tambi\u00e9n disponemos de excelentes y distintivos sonidos de piano el\u00e9ctrico, \u00f3rgano, clavicordio y cuerdas.<\/p>\n\n\n\n<p>Adem\u00e1s de capturar toda la gama de timbres de un piano, los sonidos muestreos meticulosamente para el Piano Digital B2 tambi\u00e9n reproducen las vibraciones de las cuerdas adyacentes y las resonancias que le dan al piano su car\u00e1cter.<\/p>\n\n\n\n<ul>\n<li><strong>Piano Alem\u00e1n<\/strong>: Este piano alem\u00e1n, mundialmente famoso, es codiciado por incontables pianistas por su amplia gama de potencial expresivo. Con su impresionante dinamismo sonoro e intensidad, su paleta va desde agudos brillantes hasta potentes y detallados graves. Los sonidos incluidos son el majestuoso \u201cPiano Alem\u00e1n de Concierto\u201d y un \u201cPiano Cl\u00e1sico\u201d que destaca por su sonido delicado y complejo.<\/li>\n\n\n\n<li><strong>Piano Italiano<\/strong>: Un piano fabricado en Italia con una expresi\u00f3n maravillosamente brillante y atractiva. Pianistas de todo mundo sienten admiraci\u00f3n por su rica resonancia y sensible respuesta. Los sonidos incluidos son el \u201cPiano Italiano de Concierto\u201d, un brillante \u201cPiano Jazz\u201d y \u201cPiano de Balada\u201d exquisitamente resonante.<\/li>\n\n\n\n<li><strong>Piano El\u00e9ctrico<\/strong>: Un piano el\u00e9ctrico que reproduce las diferencias de timbre que surgen de tu interpretaci\u00f3n din\u00e1mica e, incluso, simula el sonido de la tecla al soltarse. Evoca sonidos de piano el\u00e9ctrico que son instant\u00e1neamente reconocibles a trav\u00e9s de d\u00e9cadas de buena m\u00fasica.<\/li>\n\n\n\n<li><strong>\u00d3rgano<\/strong>: Sonidos adecuados para rock y jazz, as\u00ed como el sonido sublime de un \u00f3rgano real de tubos.<\/li>\n<\/ul>\n\n\n\n<h3 class=\"wp-block-heading\">Teclado que reproduce el toque de un piano ac\u00fastico.<\/h3>\n\n\n\n<p>Este instrumento utiliza un Teclado Contrapesado de Acci\u00f3n Natural (NH) que reproduce la misma sensaci\u00f3n de los martillos en un piano ac\u00fastico real, donde la gama grave es m\u00e1s pesada y la gama aguda es m\u00e1s ligera. El teclado es sensible y responde con precisi\u00f3n a los matices de tu interpretaci\u00f3n.<\/p>\n\n\n\n<h3 class=\"wp-block-heading\">Equipado con vers\u00e1tiles entradas y salidas.<\/h3>\n\n\n\n<p>El B2 proporciona conectores que permiten utilizar el instrumento con una variedad de productos musicales de hardware y software. Esto abre nuevas posibilidades para disfrutar de un piano digital que ayuda a los int\u00e9rpretes a crear buena m\u00fasica.<\/p>\n\n\n\n<ul>\n<li><strong>USB MIDI\/AUDIO<\/strong>: Puedes utilizar un cable USB* para conectar el puerto USB de este instrumento a tu smartphone, tablet u ordenador, y usar el B2 como un teclado MIDI para tocar un m\u00f3dulo de sonido externo. Tu interpretaci\u00f3n en el B2 se puede grabar como datos musicales en tu smartphone, y podr\u00e1s escuchar el sonido de tu smartphone a trav\u00e9s de los altavoces del B2.<br>*El cable USB se vende por separado para la conexi\u00f3n a un PC, as\u00ed como el cable USB + adaptador Lightning USB (ambos se venden por separado) para conectar a tu iPhone o iPad.<\/li>\n\n\n\n<li><strong>ENTRADA DE AUDIO<\/strong>: Conectando la salida de auriculares de tu smartphone o reproductor de m\u00fasica, puedes escuchar tu m\u00fasica favorita a trav\u00e9s de los altavoces del B2 y disfrutar tocando junto con la m\u00fasica. Incluso cuando no est\u00e9s tocando el piano, puedes utilizar el B2 como un sistema dom\u00e9stico de altavoces para disfrutar de la m\u00fasica.<\/li>\n<\/ul>\n\n\n\n<figure class=\"wp-block-image aligncenter size-large\"><img decoding=\"async\" loading=\"lazy\" width=\"1024\" height=\"793\" src=\"https:\/\/hablemosdepiano.com\/wp-content\/uploads\/2023\/04\/Korg-B2-Piano-Digital-08-1024x793.jpg\" alt=\"\" class=\"wp-image-293\" srcset=\"https:\/\/hablemosdepiano.com\/wp-content\/uploads\/2023\/04\/Korg-B2-Piano-Digital-08-1024x793.jpg 1024w, https:\/\/hablemosdepiano.com\/wp-content\/uploads\/2023\/04\/Korg-B2-Piano-Digital-08-300x232.jpg 300w, https:\/\/hablemosdepiano.com\/wp-content\/uploads\/2023\/04\/Korg-B2-Piano-Digital-08-768x594.jpg 768w, https:\/\/hablemosdepiano.com\/wp-content\/uploads\/2023\/04\/Korg-B2-Piano-Digital-08.jpg 1500w\" sizes=\"(max-width: 1024px) 100vw, 1024px\" \/><\/figure>\n\n\n\n<div style=\"height:26px\" aria-hidden=\"true\" class=\"wp-block-spacer\"><\/div>\n\n\n\n<h3 class=\"wp-block-heading\">Completo paquete de software para la practicar o realizar trabajos creativos.<\/h3>\n\n\n\n<p>El B2 incluye software que llevar\u00e1 tu m\u00fasica al siguiente nivel, incluyendo \u201cSkoove\u201d que te ayudar\u00e1 a mejorar tus capacidades interpretativas de teclado, la aplicaci\u00f3n de m\u00f3dulo de piano \u201cKORG Module\u201d y la aplicaci\u00f3n DAW &#8216;KORG Gadget 2 Le&#8217; de producci\u00f3n musical.<\/p>\n\n\n\n<h5 class=\"wp-block-heading\">Versi\u00f3n de prueba de tres meses de clases de piano premium online \u201cSkoove\u201d<\/h5>\n\n\n\n<p>Skoove es la plataforma m\u00e1s r\u00e1pida y m\u00e1s difundida para el aprendizaje de la interpretaci\u00f3n de piano. A trav\u00e9s de los tres pasos \u201cescuchar, aprender, interpretar\u201d adquirir\u00e1s habilidades de interpretaci\u00f3n y entrenamiento de tu o\u00eddo musical. Cuenta con m\u00e1s de diez cursos y m\u00e1s de 300 canciones, con nuevas adiciones de forma constante. Skoove ofrece clases que son apropiadas para las necesidades y niveles de habilidad de los que empiezan a tocar el piano, as\u00ed como de aquellos que ya lo pueden interpretar.<\/p>\n\n\n\n<h5 class=\"wp-block-heading\">Aplicaci\u00f3n de m\u00f3dulo de piano \u201cKORG Module\u201d<\/h5>\n\n\n\n<p>Esta es una aplicaci\u00f3n m\u00f3vil de alta calidad que proporciona una biblioteca de sonidos de calidad profesional, que es ideal tanto para la interpretaci\u00f3n como para la producci\u00f3n musical, s\u00f3lo disponible para iOS. Te permite disfrutar de sonidos de piano de cola de alta calidad, as\u00ed como sonidos con calidad de estudio de teclados ampliamente utilizados.<\/p>\n\n\n\n<h5 class=\"wp-block-heading\">Aplicaci\u00f3n de producci\u00f3n musical \u201cKORG Gadget 2 Le\u201d con m\u00f3dulo de sonido incorporado<\/h5>\n\n\n\n<p>Se trata de una aplicaci\u00f3n de producci\u00f3n musical m\u00f3vil para iPad que ofrece sintetizadores mini y cajas de ritmos, llamados \u201cgadgets\u201d y te permite combinarlos libremente para disfrutar de la producci\u00f3n musical con una interfaz intuitiva.<\/p>\n\n\n\n<p><em>*\u201cKORG Module\u201d y \u201cKORG Gadget 2 Le\u201d pueden utilizarse para ampliar la funcionalidad y sonidos cuando est\u00e1n conectados al B2. La conexi\u00f3n a tu PC requiere un cable USB (se vende por separado), y la conexi\u00f3n a tu iPhone o iPad requiere un cable USB + adaptador USB Lightning (ambos se venden por separado).<\/em><\/p>\n\n\n\n<figure class=\"wp-block-image aligncenter size-large\"><img decoding=\"async\" loading=\"lazy\" width=\"1024\" height=\"683\" src=\"https:\/\/hablemosdepiano.com\/wp-content\/uploads\/2023\/04\/Korg-B2-Piano-Digital-09-1024x683.jpg\" alt=\"\" class=\"wp-image-294\" srcset=\"https:\/\/hablemosdepiano.com\/wp-content\/uploads\/2023\/04\/Korg-B2-Piano-Digital-09-1024x683.jpg 1024w, https:\/\/hablemosdepiano.com\/wp-content\/uploads\/2023\/04\/Korg-B2-Piano-Digital-09-300x200.jpg 300w, https:\/\/hablemosdepiano.com\/wp-content\/uploads\/2023\/04\/Korg-B2-Piano-Digital-09-768x512.jpg 768w, https:\/\/hablemosdepiano.com\/wp-content\/uploads\/2023\/04\/Korg-B2-Piano-Digital-09.jpg 1500w\" sizes=\"(max-width: 1024px) 100vw, 1024px\" \/><\/figure>\n\n\n\n<div style=\"height:24px\" aria-hidden=\"true\" class=\"wp-block-spacer\"><\/div>\n\n\n\n<h3 class=\"wp-block-heading\">Comodidad y funcionalidad con la sencillez de un piano real.<\/h3>\n\n\n\n<p>El metr\u00f3nomo puede activarse\/desactivarse con un solo toque. Hay una funci\u00f3n de control de toque que ofrece tres niveles de ajuste que definen la forma en que el sonido se adapta a la din\u00e1mica de tu interpretaci\u00f3n (ligero, normal, fuerte), permitiendo a los usuarios interpretar con una respuesta que se adapte a su propio estilo. Tambi\u00e9n hay ajustes para dos efectos: reverb y chorus.<\/p>\n\n\n\n<h3 class=\"wp-block-heading\">Incluye un atril para partituras y dispositivos m\u00f3viles.<\/h3>\n\n\n\n<p>El atril de partituras extra\u00edble ofrece un dise\u00f1o amplio y espacioso. Hay espacio suficiente para disponer varias hojas de partituras, reduciendo la necesidad de pasar las p\u00e1ginas mientras interpretas. Tambi\u00e9n puedes colocar la partitura al lado de tu iPad o tablet.<\/p>\n\n\n\n<h3 class=\"wp-block-heading\">M\u00faltiples configuraciones de teclado para cubrir tus necesidades.<\/h3>\n\n\n\n<p>El B2 es la plataforma perfecta para la pr\u00e1ctica e interpretaci\u00f3n del piano. Para los int\u00e9rpretes m\u00e1s experimentados, recomendamos el B2SP que incluye un soporte y una unidad de tres pedales. Tambi\u00e9n est\u00e1 disponible el B2N, que est\u00e1 equipado con la misma funcionalidad que el B2 pero cuenta con un teclado con un toque m\u00e1s ligero. Selecciona el modelo que mejor se adapte a tu estilo de interpretaci\u00f3n. Tambi\u00e9n disponemos de una amplia gama de opciones como el soporte dedicado STB1 para B2\/B2N y la unidad de tres pedales PU-2.<\/p>\n\n\n\n<div style=\"height:31px\" aria-hidden=\"true\" class=\"wp-block-spacer\"><\/div>\n\n\n\n<div class=\"wp-block-buttons is-content-justification-center is-layout-flex wp-container-2\">\n<div class=\"wp-block-button has-custom-font-size is-style-fill has-medium-font-size\"><a class=\"wp-block-button__link has-black-color has-luminous-vivid-amber-background-color has-text-color has-background wp-element-button\" href=\"https:\/\/amzn.to\/3GxNenl\" style=\"border-radius:0px\" target=\"_blank\" rel=\"https:\/\/amzn.to\/3MpJ8kX noopener\">Comprar en AMAZON<\/a><\/div>\n<\/div>\n","protected":false},"excerpt":{"rendered":"<p>Un piano para nuevos comienzos. Repleto de funciones para principiantes hasta expertos. El B2 representa una nueva generaci\u00f3n de pianos digitales de KORG, centrados en la accesibilidad y facilidad de uso. Perfecto como un primer piano para un int\u00e9rprete novel, hemos prestado especial atenci\u00f3n a la experiencia de tocar un piano real. El B2 est\u00e1 &hellip;<\/p>\n<p class=\"read-more\"> <a class=\"\" href=\"https:\/\/hablemosdepiano.com\/index.php\/resena-korg-b2-piano-digital\/\"> <span class=\"screen-reader-text\">Rese\u00f1a Korg B2 Piano Digital<\/span> Leer m\u00e1s &raquo;<\/a><\/p>\n","protected":false},"author":1,"featured_media":0,"parent":0,"menu_order":0,"comment_status":"closed","ping_status":"closed","template":"","meta":{"site-sidebar-layout":"default","site-content-layout":"default","ast-global-header-display":"","ast-main-header-display":"","ast-hfb-above-header-display":"","ast-hfb-below-header-display":"","ast-hfb-mobile-header-display":"","site-post-title":"","ast-breadcrumbs-content":"","ast-featured-img":"","footer-sml-layout":"","theme-transparent-header-meta":"","adv-header-id-meta":"","stick-header-meta":"","header-above-stick-meta":"","header-main-stick-meta":"","header-below-stick-meta":""},"_links":{"self":[{"href":"https:\/\/hablemosdepiano.com\/index.php\/wp-json\/wp\/v2\/pages\/282"}],"collection":[{"href":"https:\/\/hablemosdepiano.com\/index.php\/wp-json\/wp\/v2\/pages"}],"about":[{"href":"https:\/\/hablemosdepiano.com\/index.php\/wp-json\/wp\/v2\/types\/page"}],"author":[{"embeddable":true,"href":"https:\/\/hablemosdepiano.com\/index.php\/wp-json\/wp\/v2\/users\/1"}],"replies":[{"embeddable":true,"href":"https:\/\/hablemosdepiano.com\/index.php\/wp-json\/wp\/v2\/comments?post=282"}],"version-history":[{"count":6,"href":"https:\/\/hablemosdepiano.com\/index.php\/wp-json\/wp\/v2\/pages\/282\/revisions"}],"predecessor-version":[{"id":296,"href":"https:\/\/hablemosdepiano.com\/index.php\/wp-json\/wp\/v2\/pages\/282\/revisions\/296"}],"wp:attachment":[{"href":"https:\/\/hablemosdepiano.com\/index.php\/wp-json\/wp\/v2\/media?parent=282"}],"curies":[{"name":"wp","href":"https:\/\/api.w.org\/{rel}","templated":true}]}}