{"id":233,"date":"2023-04-11T22:41:44","date_gmt":"2023-04-11T22:41:44","guid":{"rendered":"https:\/\/hablemosdepiano.com\/?page_id=233"},"modified":"2023-04-11T22:51:18","modified_gmt":"2023-04-11T22:51:18","slug":"resena-yamaha-arius-ydp-144-piano-digital","status":"publish","type":"page","link":"https:\/\/hablemosdepiano.com\/index.php\/resena-yamaha-arius-ydp-144-piano-digital\/","title":{"rendered":"Rese\u00f1a Yamaha Arius YDP-144 Piano Digital"},"content":{"rendered":"\n<figure class=\"wp-block-image aligncenter size-full\"><img decoding=\"async\" loading=\"lazy\" width=\"970\" height=\"300\" src=\"https:\/\/hablemosdepiano.com\/wp-content\/uploads\/2023\/04\/Yamaha-Arius-YDP-144-piano-digital-cabecera.png\" alt=\"\" class=\"wp-image-234\" srcset=\"https:\/\/hablemosdepiano.com\/wp-content\/uploads\/2023\/04\/Yamaha-Arius-YDP-144-piano-digital-cabecera.png 970w, https:\/\/hablemosdepiano.com\/wp-content\/uploads\/2023\/04\/Yamaha-Arius-YDP-144-piano-digital-cabecera-300x93.png 300w, https:\/\/hablemosdepiano.com\/wp-content\/uploads\/2023\/04\/Yamaha-Arius-YDP-144-piano-digital-cabecera-768x238.png 768w\" sizes=\"(max-width: 970px) 100vw, 970px\" \/><\/figure>\n\n\n\n<p>La marca Yamaha es una de la m\u00e1s prestigiosas dentro del mundo de los Instrumentos Musicales. Yamaha Arius YDP-144 es un piano digital cl\u00e1sico y elegante para estudiantes o aficionados, adecuado para cualquier rinc\u00f3n de la casa.<\/p>\n\n\n\n<div class=\"wp-block-buttons is-content-justification-center is-layout-flex wp-container-1\">\n<div class=\"wp-block-button has-custom-font-size is-style-fill has-medium-font-size\"><a class=\"wp-block-button__link has-black-color has-luminous-vivid-amber-background-color has-text-color has-background wp-element-button\" href=\"https:\/\/amzn.to\/3ZVhfVe\" style=\"border-radius:0px\" target=\"_blank\" rel=\"https:\/\/amzn.to\/3MpJ8kX noopener\">Comprar en AMAZON<\/a><\/div>\n<\/div>\n\n\n\n<div style=\"height:31px\" aria-hidden=\"true\" class=\"wp-block-spacer\"><\/div>\n\n\n\n<figure class=\"wp-block-gallery has-nested-images columns-default is-cropped wp-block-gallery-2 is-layout-flex\">\n<figure class=\"wp-block-image size-large\"><img decoding=\"async\" loading=\"lazy\" width=\"1024\" height=\"883\" data-id=\"239\"  src=\"https:\/\/hablemosdepiano.com\/wp-content\/uploads\/2023\/04\/Yamaha-Arius-YDP-144-piano-digital-01-1024x883.jpg\" alt=\"\" class=\"wp-image-239\" srcset=\"https:\/\/hablemosdepiano.com\/wp-content\/uploads\/2023\/04\/Yamaha-Arius-YDP-144-piano-digital-01-1024x883.jpg 1024w, https:\/\/hablemosdepiano.com\/wp-content\/uploads\/2023\/04\/Yamaha-Arius-YDP-144-piano-digital-01-300x259.jpg 300w, https:\/\/hablemosdepiano.com\/wp-content\/uploads\/2023\/04\/Yamaha-Arius-YDP-144-piano-digital-01-768x663.jpg 768w, https:\/\/hablemosdepiano.com\/wp-content\/uploads\/2023\/04\/Yamaha-Arius-YDP-144-piano-digital-01.jpg 1500w\" sizes=\"(max-width: 1024px) 100vw, 1024px\" \/><\/figure>\n\n\n\n<figure class=\"wp-block-image size-large\"><img decoding=\"async\" loading=\"lazy\" width=\"1024\" height=\"757\" data-id=\"238\"  src=\"https:\/\/hablemosdepiano.com\/wp-content\/uploads\/2023\/04\/Yamaha-Arius-YDP-144-piano-digital-02-1024x757.jpg\" alt=\"\" class=\"wp-image-238\" srcset=\"https:\/\/hablemosdepiano.com\/wp-content\/uploads\/2023\/04\/Yamaha-Arius-YDP-144-piano-digital-02-1024x757.jpg 1024w, https:\/\/hablemosdepiano.com\/wp-content\/uploads\/2023\/04\/Yamaha-Arius-YDP-144-piano-digital-02-300x222.jpg 300w, https:\/\/hablemosdepiano.com\/wp-content\/uploads\/2023\/04\/Yamaha-Arius-YDP-144-piano-digital-02-768x568.jpg 768w, https:\/\/hablemosdepiano.com\/wp-content\/uploads\/2023\/04\/Yamaha-Arius-YDP-144-piano-digital-02.jpg 1500w\" sizes=\"(max-width: 1024px) 100vw, 1024px\" \/><\/figure>\n\n\n\n<figure class=\"wp-block-image size-large\"><img decoding=\"async\" loading=\"lazy\" width=\"1024\" height=\"853\" data-id=\"241\"  src=\"https:\/\/hablemosdepiano.com\/wp-content\/uploads\/2023\/04\/Yamaha-Arius-YDP-144-piano-digital-03-1024x853.jpg\" alt=\"\" class=\"wp-image-241\" srcset=\"https:\/\/hablemosdepiano.com\/wp-content\/uploads\/2023\/04\/Yamaha-Arius-YDP-144-piano-digital-03-1024x853.jpg 1024w, https:\/\/hablemosdepiano.com\/wp-content\/uploads\/2023\/04\/Yamaha-Arius-YDP-144-piano-digital-03-300x250.jpg 300w, https:\/\/hablemosdepiano.com\/wp-content\/uploads\/2023\/04\/Yamaha-Arius-YDP-144-piano-digital-03-768x640.jpg 768w, https:\/\/hablemosdepiano.com\/wp-content\/uploads\/2023\/04\/Yamaha-Arius-YDP-144-piano-digital-03.jpg 1500w\" sizes=\"(max-width: 1024px) 100vw, 1024px\" \/><\/figure>\n\n\n\n<figure class=\"wp-block-image size-large\"><img decoding=\"async\" loading=\"lazy\" width=\"1024\" height=\"768\" data-id=\"240\"  src=\"https:\/\/hablemosdepiano.com\/wp-content\/uploads\/2023\/04\/Yamaha-Arius-YDP-144-piano-digital-04-1024x768.jpg\" alt=\"\" class=\"wp-image-240\" srcset=\"https:\/\/hablemosdepiano.com\/wp-content\/uploads\/2023\/04\/Yamaha-Arius-YDP-144-piano-digital-04-1024x768.jpg 1024w, https:\/\/hablemosdepiano.com\/wp-content\/uploads\/2023\/04\/Yamaha-Arius-YDP-144-piano-digital-04-300x225.jpg 300w, https:\/\/hablemosdepiano.com\/wp-content\/uploads\/2023\/04\/Yamaha-Arius-YDP-144-piano-digital-04-768x576.jpg 768w, https:\/\/hablemosdepiano.com\/wp-content\/uploads\/2023\/04\/Yamaha-Arius-YDP-144-piano-digital-04.jpg 1500w\" sizes=\"(max-width: 1024px) 100vw, 1024px\" \/><\/figure>\n<\/figure>\n\n\n\n<div style=\"height:37px\" aria-hidden=\"true\" class=\"wp-block-spacer\"><\/div>\n\n\n\n<h2 class=\"wp-block-heading\">Caracter\u00edsticas del Piano Digital Yamaha Arius YDP-144<\/h2>\n\n\n\n<figure class=\"wp-block-table\"><table><tbody><tr><td><strong>Marca<\/strong><\/td><td>YAMAHA<\/td><\/tr><tr><td><strong>Color<\/strong><\/td><td>Negro<\/td><\/tr><tr><td><strong>N\u00famero de teclas<\/strong><\/td><td>88<\/td><\/tr><tr><td><strong>Funci\u00f3n especial<\/strong><\/td><td>Integraci\u00f3n con aplicaciones iOS, GHS &#8211; Mecanismo de Martillo graduado, Sonido del gran Piano Yamaha CFXIntegraci\u00f3n con aplicaciones iOS, GHS &#8211; Mecanismo de Martillo graduado, Sonido del gran Piano Yamaha CFX<\/td><\/tr><tr><td><strong>Peso del producto<\/strong><\/td><td>1 Kilogramos<\/td><\/tr><tr><td><strong>Nombre del modelo<\/strong><\/td><td>YDP-144<\/td><\/tr><tr><td><strong>Dimensiones del producto: largo x ancho x alto<\/strong><\/td><td>135.7 x 81.5 x 42.2 cent\u00edmetros<\/td><\/tr><tr><td><strong>Estilo<\/strong><\/td><td>YDP-144<\/td><\/tr><tr><td><strong>Tipo de conector<\/strong><\/td><td>MIDI USB<\/td><\/tr><tr><td><strong>Tecnolog\u00eda de conectividad<\/strong><\/td><td>USB<\/td><\/tr><\/tbody><\/table><\/figure>\n\n\n\n<div style=\"height:31px\" aria-hidden=\"true\" class=\"wp-block-spacer\"><\/div>\n\n\n\n<h2 class=\"wp-block-heading\">M\u00e1s sobre el Piano Digital Yamaha Arius YDP-144<\/h2>\n\n\n\n<ul>\n<li>Prep\u00e1rate para una experiencia \u00fanica; un piano para principiantes que combina el dise\u00f1o cl\u00e1sico con la tecnolog\u00eda y versatilidad de un piano digital<\/li>\n\n\n\n<li>Piano electr\u00f3nico de 88 teclas con el potente y cristalino sonido del piano de cola CFX; reproduce fielmente el sonido de un piano ac\u00fastico gracias al teclado de martillos graduados est\u00e1ndar (GHS)<\/li>\n\n\n\n<li>El optimizador ac\u00fastico te permite disfrutar de sonido claro y balanceado sin importar el volumen; el optimizador estereof\u00f3nico te ofrece un sonido natural, a\u00fan con auriculares<\/li>\n\n\n\n<li>Utiliza la Smart Pianist App para crear m\u00fasica m\u00e1s r\u00e1pido: practica con un metr\u00f3nomo, graba tus canciones o escanea tus piezas y tenlas en tu lista de reproducci\u00f3n<\/li>\n\n\n\n<li>Contenido del env\u00edo: Piano digital Yamaha Arius YDP-144, un piano para estudiantes y aficionados, libro de partituras, manual, gu\u00eda de instrucciones<\/li>\n<\/ul>\n\n\n\n<div style=\"height:31px\" aria-hidden=\"true\" class=\"wp-block-spacer\"><\/div>\n\n\n\n<h2 class=\"wp-block-heading\">Todas las Ventajas del Piano Digital Yamaha Arius YDP-144<\/h2>\n\n\n\n<h3 class=\"wp-block-heading\">Dimensiones compactas, gran sonido<\/h3>\n\n\n\n<p>Tener un sonido aut\u00e9ntico y potente en casa no requiere necesariamente de un piano de gran cola: el Yamaha Arius YDP-144 aporta un sonido adecuado para el hogar en su categor\u00eda. Para los que aman la m\u00fasica.<\/p>\n\n\n\n<p>Con tres pedales, muestra de liberaci\u00f3n suave de teclas, polifon\u00eda de 192 voces y optimizador estereof\u00f3nico, el Yamaha Arius YDP-144 ofrece lo que necesitas para disfrutar de una buena experiencia pian\u00edstica para dar tus primeros pasos en el piano, con un dise\u00f1o compacto y moderno.<\/p>\n\n\n\n<h3 class=\"wp-block-heading\">Dise\u00f1o moderno<\/h3>\n\n\n\n<p>En los pisos y apartamentos compartidos hay poco espacio disponible. \u00bfC\u00f3mo vivir sin perder tu pasi\u00f3n por tocar el piano? Este piano el\u00e9ctrico es la soluci\u00f3n para estudiantes y aficionados que no quieren renunciar a hacer m\u00fasica incluso en espacios peque\u00f1os: es extremadamente compacto y, gracias a su aspecto moderno, se adapta con estilo a cualquier lugar.<\/p>\n\n\n\n<h3 class=\"wp-block-heading\">Dise\u00f1o moderno<\/h3>\n\n\n\n<p>En los pisos y apartamentos compartidos hay poco espacio disponible. \u00bfC\u00f3mo vivir sin perder tu pasi\u00f3n por tocar el piano? El YDP-S34B es la soluci\u00f3n para estudiantes y aficionados que no quieren renunciar a hacer m\u00fasica incluso en espacios peque\u00f1os: es extremadamente compacto y, gracias a su aspecto moderno, se adapta con estilo a cualquier lugar.<\/p>\n\n\n\n<h3 class=\"wp-block-heading\">Potente y de calidad<\/h3>\n\n\n\n<p>Gracias al sonido y calidad del piano de conciertos CFX, el YDP-144 tiene un famoso modelo a seguir: sonidos potentes, agudos claros y brillantes, y graves penetrantes llenan toda una sala de conciertos. El Yamaha Arius YDP-144 tambi\u00e9n crea una recrea ese sonido en tu casa &#8211; con la muestra del Yamaha CFX y un teclado GHS (Graded Hammer Standard) realista.<\/p>\n\n\n\n<h3 class=\"wp-block-heading\">Experiencia sonora agradable y natural<\/h3>\n\n\n\n<p>A veces no se puede tocar a todo volumen: gracias al Sistema de Control Ac\u00fastico Inteligente (IAC), los graves y los agudos se van equilibrando a cualquier volumen y sin perder calidad sonora. El uso de auriculares no significa comprometer la calidad del sonido: gracias a Optimizador Estereof\u00f3nico, el sonido suena como si viniera directamente del cuerpo del instrumento.<\/p>\n\n\n\n<h3 class=\"wp-block-heading\">Manejo intuitivo<\/h3>\n\n\n\n<p>El complemento musical ideal: simplemente descarga la aplicaci\u00f3n \u00abSmart Pianist\u00bb de Yamaha en tu Smartphone o Tablet, y disfruta de nuevas posibilidades con tu YDP-144. La aplicaci\u00f3n est\u00e1 dise\u00f1ada para el manejo intuitivo del piano digital y enriquece la pr\u00e1ctica del piano con sus numerosas funciones.<\/p>\n\n\n\n<h3 class=\"wp-block-heading\">Sum\u00e9rgete en el mundo de los sonidos<\/h3>\n\n\n\n<p>Deja que tus dedos floten sobre sus 88 teclas y sum\u00e9rgete en tu mundo: el teclado GHS (Graded Hammer Standard), con cubiertas mate en sus teclas negras, emulan la diferencia de peso de un piano de cola: m\u00e1s pesadas en la gama de graves y m\u00e1s ligeras en los agudos.<\/p>\n\n\n\n<p>El Yamaha YDP-144 es el referente en su categor\u00eda por su sonido, calidad y meticulosa fabricaci\u00f3n, desde las teclas hasta los pedales. Los aficionados a la m\u00fasica tambi\u00e9n merecen instrumentos que les den la oportunidad \u00fanica de expresarse musicalmente<\/p>\n\n\n\n<h3 class=\"wp-block-heading\">Flowkey inclu\u00eddo<\/h3>\n\n\n\n<p>\u00bfSiempre has so\u00f1ado con tocar el piano o el teclado? Apr\u00e9ndelo a tu propio ritmo y con tu m\u00fasica favorita gracias a Yamaha y flowkey, una de las aplicaciones m\u00e1s populares para aprender a tocar el piano de forma intuitiva.<\/p>\n\n\n\n<p>Cuando compras un piano o teclado digital Yamaha, obtienes durante tres meses acceso premium a flowkey con todas las canciones y tutoriales de forma gratuita. Todo lo que necesitas hacer despu\u00e9s de la compra, es registrar tu instrumento en la p\u00e1gina web de Yamaha. No se requiere informaci\u00f3n de pago para registrarse.<\/p>\n\n\n\n<div style=\"height:38px\" aria-hidden=\"true\" class=\"wp-block-spacer\"><\/div>\n\n\n\n<h2 class=\"wp-block-heading\">Comparativa con otros Pianos Digitales de Yamaha<\/h2>\n\n\n\n<figure class=\"wp-block-table\"><table><tbody><tr><th><\/th><th>Yamaha YDP-144<br><img decoding=\"async\" loading=\"lazy\" width=\"150\" height=\"300\" class=\"wp-image-182\" style=\"width: 150px;\" src=\"https:\/\/hablemosdepiano.com\/wp-content\/uploads\/2023\/04\/Yamaha-YDP-144B.jpg\" alt=\"\"><\/th><th><a href=\"https:\/\/hablemosdepiano.com\/index.php\/resena-yamaha-arius-ydp-s34-piano-digital\/\">Yamaha YDP-S34<\/a><br><a href=\"https:\/\/hablemosdepiano.com\/index.php\/resena-yamaha-arius-ydp-s34-piano-digital\/\"><img decoding=\"async\" loading=\"lazy\" width=\"150\" height=\"300\" class=\"wp-image-183\" style=\"width: 150px;\" src=\"https:\/\/hablemosdepiano.com\/wp-content\/uploads\/2023\/04\/Yamaha-YDP-S34B.png\" alt=\"\"><\/a><\/th><th><a href=\"https:\/\/hablemosdepiano.com\/index.php\/resena-yamaha-p-125b-piano-digital\/\">Yamaha P-125<\/a><br><a href=\"https:\/\/hablemosdepiano.com\/index.php\/resena-yamaha-p-125b-piano-digital\/\"><img decoding=\"async\" loading=\"lazy\" width=\"150\" height=\"300\" class=\"wp-image-181\" style=\"width: 150px;\" src=\"https:\/\/hablemosdepiano.com\/wp-content\/uploads\/2023\/04\/yamaha-p125.jpg\" alt=\"\"><\/a><\/th><th><a href=\"https:\/\/hablemosdepiano.com\/index.php\/resena-yamaha-p-45-piano-digital\/\">Yamaha P-45<\/a><br><a href=\"https:\/\/hablemosdepiano.com\/index.php\/resena-yamaha-p-45-piano-digital\/\"><img decoding=\"async\" loading=\"lazy\" width=\"150\" height=\"300\" class=\"wp-image-179\" style=\"width: 150px;\" src=\"https:\/\/hablemosdepiano.com\/wp-content\/uploads\/2023\/04\/yamaha-p45.jpg\" alt=\"\"><\/a><\/th><th><strong><a href=\"https:\/\/hablemosdepiano.com\/index.php\/resena-yamaha-p-121b-piano-digital\/\">Yamaha P-121<\/a><\/strong><br><a href=\"https:\/\/hablemosdepiano.com\/index.php\/resena-yamaha-p-121b-piano-digital\/\"><img decoding=\"async\" loading=\"lazy\" width=\"150\" height=\"300\" class=\"wp-image-180\" style=\"width: 150px;\" src=\"https:\/\/hablemosdepiano.com\/wp-content\/uploads\/2023\/04\/yamaha-p121.jpg\" alt=\"\"><\/a><\/th><\/tr><tr><th>Teclado<\/th><td>88 Teclas GHS (Graded Hammer Standard); Sensible a la pulsaci\u00f3n<\/td><td>88 Teclas GHS (Graded Hammer Standard); Sensible a la pulsaci\u00f3n<\/td><td>88 Teclas GHS (Graded Hammer Standard); Sensible a la pulsaci\u00f3n<\/td><td>88 Teclas GHS (Graded Hammer Standard); Sensible a la pulsaci\u00f3n<\/td><td>88 Teclas GHS (Martillo Graduado Est\u00e1ndar); Sensible a la Pulsaci\u00f3n<\/td><\/tr><tr><th>Voces<\/th><td>10 incl. Yamaha CFX; Dual, D\u00fao<\/td><td>10 incl. Yamaha CFX; Dual, D\u00fao<\/td><td>24; Dual, Split, Duo<\/td><td>10; Dual, D\u00fao<\/td><td>24; Dual, Divisi\u00f3n, D\u00fao<\/td><\/tr><tr><th>Estilos de Acompa\u00f1amiento<\/th><td>&#8211;<\/td><td>&#8211;<\/td><td>20 Rhythmen<\/td><td>&#8211;<\/td><td>20 ritmos<\/td><\/tr><tr><th>Canciones y funci\u00f3n de grabaci\u00f3n<\/th><td>50 Canciones Cl\u00e1sicas + 10 Demostraciones de Voces; Grabaci\u00f3n: 2 Pistas (MIDI; 1 Canci\u00f3n)<\/td><td>50 Canciones cl\u00e1sicas + 21 Demostraciones de voces; Grabaci\u00f3n: 2 Pistas (MIDI; 5 Canciones)<\/td><td>50 Canciones Cl\u00e1sicas + 10 Demostraciones de Voces; Grabaci\u00f3n: 2 Pistas (MIDI; 1 Canci\u00f3n)<\/td><td>10 Canciones de Piano + 10 Demostraciones de Voces<\/td><td>50 Canciones Cl\u00e1sicas + 21 Demostraciones de Voces; Grabaci\u00f3n: 2 Pistas (MIDI; 1 Canci\u00f3n)<\/td><\/tr><tr><th>Efectos<\/th><td>Reverb, Control Ac\u00fastico Inteligente (IAC), Optimizador Estereof\u00f3nico<\/td><td>Reverberaci\u00f3n, control ac\u00fastico inteligente, optimizador estereof\u00f3nico<\/td><td>Control Ac\u00fastico Inteligente (IAC)<\/td><td>Reverb<\/td><td>Control Ac\u00fastico Inteligente (IAC)<\/td><\/tr><tr><th>Otras funciones<\/th><td>Pedal con funci\u00f3n de medio pedal, resonancia de apagadores, resonancia de cuerdas, Muestras de Liberaci\u00f3n de Tecla; Conexi\u00f3n a la App \u00abSmart Pianist\u00bb<\/td><td>Pedal con efecto de medio pedal, resonancia de apagadores, resonancia de cuerdas, liberaci\u00f3n de tecla; conexi\u00f3n a la App \u00abSmart Pianist\u00bb<\/td><td>Resonancia de apagadores, resonancia de cuerdas, Muestras de Liberaci\u00f3n de Tecla; Conexi\u00f3n a la App \u00abSmart Pianist\u00bb<\/td><td>&#8211;<\/td><td>Resonancia de apagadores, resonancia de cuerdas, Muestras de Liberaci\u00f3n de Tecla; Conexi\u00f3n a la App \u00abSmart Pianist\u00bb<\/td><\/tr><tr><th>Altavoces y amplificaci\u00f3n<\/th><td>8W x 2; 12cm x 2<\/td><td>8W x 2; 12cm x 2<\/td><td>7W x 2; 12cm x 2 + 4cm x 2<\/td><td>6W x 2; 12cm x 2<\/td><td>7W x 2; 12cm x 2 + 4cm x 2<\/td><\/tr><tr><th>Conexiones<\/th><td>2 auriculares, Pedalera, USB-to-Host<\/td><td>2 Auriculares, Pedalera, USB-to-Host<\/td><td>2 auriculares, Pedalera, USB-to-Host<\/td><td>Auriculares, USB-to-Host<\/td><td>2 auriculares, Salida Auxiliar, Pedalera (opcional), USB-to-Host<\/td><\/tr><tr><th>Dimensiones y peso<\/th><td>1.357 x 422 x 815 mm; 38 kg<\/td><td>1.353 x 296 x 792 mm (con la tapa abierta: 976 mm); 35,9 kg<\/td><td>1.326 x 295 x 166 mm; 11,8 kg<\/td><td>1.326 x 295 x 166 mm; 11,5 kg<\/td><td>1.326 x 295 x 166 mm; 11,8 kg<\/td><\/tr><\/tbody><\/table><\/figure>\n\n\n\n<div class=\"wp-block-buttons is-content-justification-center is-layout-flex wp-container-4\">\n<div class=\"wp-block-button has-custom-font-size is-style-fill has-medium-font-size\"><a class=\"wp-block-button__link has-black-color has-luminous-vivid-amber-background-color has-text-color has-background wp-element-button\" href=\"https:\/\/amzn.to\/3ZVhfVe\" style=\"border-radius:0px\" target=\"_blank\" rel=\"https:\/\/amzn.to\/3MpJ8kX noopener\">Comprar en AMAZON<\/a><\/div>\n<\/div>\n","protected":false},"excerpt":{"rendered":"<p>La marca Yamaha es una de la m\u00e1s prestigiosas dentro del mundo de los Instrumentos Musicales. Yamaha Arius YDP-144 es un piano digital cl\u00e1sico y elegante para estudiantes o aficionados, adecuado para cualquier rinc\u00f3n de la casa. Caracter\u00edsticas del Piano Digital Yamaha Arius YDP-144 Marca YAMAHA Color Negro N\u00famero de teclas 88 Funci\u00f3n especial Integraci\u00f3n &hellip;<\/p>\n<p class=\"read-more\"> <a class=\"\" href=\"https:\/\/hablemosdepiano.com\/index.php\/resena-yamaha-arius-ydp-144-piano-digital\/\"> <span class=\"screen-reader-text\">Rese\u00f1a Yamaha Arius YDP-144 Piano Digital<\/span> Leer m\u00e1s &raquo;<\/a><\/p>\n","protected":false},"author":1,"featured_media":0,"parent":0,"menu_order":0,"comment_status":"closed","ping_status":"closed","template":"","meta":{"site-sidebar-layout":"default","site-content-layout":"default","ast-global-header-display":"","ast-main-header-display":"","ast-hfb-above-header-display":"","ast-hfb-below-header-display":"","ast-hfb-mobile-header-display":"","site-post-title":"","ast-breadcrumbs-content":"","ast-featured-img":"","footer-sml-layout":"","theme-transparent-header-meta":"","adv-header-id-meta":"","stick-header-meta":"","header-above-stick-meta":"","header-main-stick-meta":"","header-below-stick-meta":""},"_links":{"self":[{"href":"https:\/\/hablemosdepiano.com\/index.php\/wp-json\/wp\/v2\/pages\/233"}],"collection":[{"href":"https:\/\/hablemosdepiano.com\/index.php\/wp-json\/wp\/v2\/pages"}],"about":[{"href":"https:\/\/hablemosdepiano.com\/index.php\/wp-json\/wp\/v2\/types\/page"}],"author":[{"embeddable":true,"href":"https:\/\/hablemosdepiano.com\/index.php\/wp-json\/wp\/v2\/users\/1"}],"replies":[{"embeddable":true,"href":"https:\/\/hablemosdepiano.com\/index.php\/wp-json\/wp\/v2\/comments?post=233"}],"version-history":[{"count":9,"href":"https:\/\/hablemosdepiano.com\/index.php\/wp-json\/wp\/v2\/pages\/233\/revisions"}],"predecessor-version":[{"id":247,"href":"https:\/\/hablemosdepiano.com\/index.php\/wp-json\/wp\/v2\/pages\/233\/revisions\/247"}],"wp:attachment":[{"href":"https:\/\/hablemosdepiano.com\/index.php\/wp-json\/wp\/v2\/media?parent=233"}],"curies":[{"name":"wp","href":"https:\/\/api.w.org\/{rel}","templated":true}]}}