{"id":210,"date":"2023-04-11T22:14:49","date_gmt":"2023-04-11T22:14:49","guid":{"rendered":"https:\/\/hablemosdepiano.com\/?page_id=210"},"modified":"2023-04-11T22:53:31","modified_gmt":"2023-04-11T22:53:31","slug":"resena-yamaha-arius-ydp-s34-piano-digital","status":"publish","type":"page","link":"https:\/\/hablemosdepiano.com\/index.php\/resena-yamaha-arius-ydp-s34-piano-digital\/","title":{"rendered":"Rese\u00f1a Yamaha Arius YDP-S34 Piano Digital"},"content":{"rendered":"\n<figure class=\"wp-block-image aligncenter size-full\"><img decoding=\"async\" loading=\"lazy\" width=\"970\" height=\"300\" src=\"https:\/\/hablemosdepiano.com\/wp-content\/uploads\/2023\/04\/Yamaha-Arius-YDP-S34-piano-digital-cabecera.png\" alt=\"\" class=\"wp-image-212\" srcset=\"https:\/\/hablemosdepiano.com\/wp-content\/uploads\/2023\/04\/Yamaha-Arius-YDP-S34-piano-digital-cabecera.png 970w, https:\/\/hablemosdepiano.com\/wp-content\/uploads\/2023\/04\/Yamaha-Arius-YDP-S34-piano-digital-cabecera-300x93.png 300w, https:\/\/hablemosdepiano.com\/wp-content\/uploads\/2023\/04\/Yamaha-Arius-YDP-S34-piano-digital-cabecera-768x238.png 768w\" sizes=\"(max-width: 970px) 100vw, 970px\" \/><\/figure>\n\n\n\n<p>La marca Yamaha es una de la m\u00e1s prestigiosas dentro del mundo de los Instrumentos Musicales. Yamaha Arius YDP-S34 es un piano digital moderno y elegante para estudiantes o aficionados, adecuado para cualquier rinc\u00f3n de la casa.<\/p>\n\n\n\n<div class=\"wp-block-buttons is-content-justification-center is-layout-flex wp-container-1\">\n<div class=\"wp-block-button has-custom-font-size is-style-fill has-medium-font-size\"><a class=\"wp-block-button__link has-black-color has-luminous-vivid-amber-background-color has-text-color has-background wp-element-button\" href=\"https:\/\/amzn.to\/411qnci\" style=\"border-radius:0px\" target=\"_blank\" rel=\"https:\/\/amzn.to\/3MpJ8kX noopener\">Comprar en AMAZON<\/a><\/div>\n<\/div>\n\n\n\n<div style=\"height:31px\" aria-hidden=\"true\" class=\"wp-block-spacer\"><\/div>\n\n\n\n<figure class=\"wp-block-gallery has-nested-images columns-default is-cropped wp-block-gallery-2 is-layout-flex\">\n<figure class=\"wp-block-image size-large\"><img decoding=\"async\" loading=\"lazy\" width=\"1024\" height=\"957\" data-id=\"219\"  src=\"https:\/\/hablemosdepiano.com\/wp-content\/uploads\/2023\/04\/Yamaha-Arius-YDP-S34-piano-digital-01-1024x957.jpg\" alt=\"\" class=\"wp-image-219\" srcset=\"https:\/\/hablemosdepiano.com\/wp-content\/uploads\/2023\/04\/Yamaha-Arius-YDP-S34-piano-digital-01-1024x957.jpg 1024w, https:\/\/hablemosdepiano.com\/wp-content\/uploads\/2023\/04\/Yamaha-Arius-YDP-S34-piano-digital-01-300x280.jpg 300w, https:\/\/hablemosdepiano.com\/wp-content\/uploads\/2023\/04\/Yamaha-Arius-YDP-S34-piano-digital-01-768x718.jpg 768w, https:\/\/hablemosdepiano.com\/wp-content\/uploads\/2023\/04\/Yamaha-Arius-YDP-S34-piano-digital-01.jpg 1500w\" sizes=\"(max-width: 1024px) 100vw, 1024px\" \/><\/figure>\n\n\n\n<figure class=\"wp-block-image size-large\"><img decoding=\"async\" loading=\"lazy\" width=\"1024\" height=\"647\" data-id=\"220\"  src=\"https:\/\/hablemosdepiano.com\/wp-content\/uploads\/2023\/04\/Yamaha-Arius-YDP-S34-piano-digital-02-1024x647.jpg\" alt=\"\" class=\"wp-image-220\" srcset=\"https:\/\/hablemosdepiano.com\/wp-content\/uploads\/2023\/04\/Yamaha-Arius-YDP-S34-piano-digital-02-1024x647.jpg 1024w, https:\/\/hablemosdepiano.com\/wp-content\/uploads\/2023\/04\/Yamaha-Arius-YDP-S34-piano-digital-02-300x190.jpg 300w, https:\/\/hablemosdepiano.com\/wp-content\/uploads\/2023\/04\/Yamaha-Arius-YDP-S34-piano-digital-02-768x485.jpg 768w, https:\/\/hablemosdepiano.com\/wp-content\/uploads\/2023\/04\/Yamaha-Arius-YDP-S34-piano-digital-02.jpg 1500w\" sizes=\"(max-width: 1024px) 100vw, 1024px\" \/><\/figure>\n\n\n\n<figure class=\"wp-block-image size-large\"><img decoding=\"async\" loading=\"lazy\" width=\"285\" height=\"1024\" data-id=\"217\"  src=\"https:\/\/hablemosdepiano.com\/wp-content\/uploads\/2023\/04\/Yamaha-Arius-YDP-S34-piano-digital-03-285x1024.jpg\" alt=\"\" class=\"wp-image-217\" srcset=\"https:\/\/hablemosdepiano.com\/wp-content\/uploads\/2023\/04\/Yamaha-Arius-YDP-S34-piano-digital-03-285x1024.jpg 285w, https:\/\/hablemosdepiano.com\/wp-content\/uploads\/2023\/04\/Yamaha-Arius-YDP-S34-piano-digital-03.jpg 418w\" sizes=\"(max-width: 285px) 100vw, 285px\" \/><\/figure>\n\n\n\n<figure class=\"wp-block-image size-large\"><img decoding=\"async\" loading=\"lazy\" width=\"1024\" height=\"933\" data-id=\"221\"  src=\"https:\/\/hablemosdepiano.com\/wp-content\/uploads\/2023\/04\/Yamaha-Arius-YDP-S34-piano-digital-04-1024x933.jpg\" alt=\"\" class=\"wp-image-221\" srcset=\"https:\/\/hablemosdepiano.com\/wp-content\/uploads\/2023\/04\/Yamaha-Arius-YDP-S34-piano-digital-04-1024x933.jpg 1024w, https:\/\/hablemosdepiano.com\/wp-content\/uploads\/2023\/04\/Yamaha-Arius-YDP-S34-piano-digital-04-300x273.jpg 300w, https:\/\/hablemosdepiano.com\/wp-content\/uploads\/2023\/04\/Yamaha-Arius-YDP-S34-piano-digital-04-768x699.jpg 768w, https:\/\/hablemosdepiano.com\/wp-content\/uploads\/2023\/04\/Yamaha-Arius-YDP-S34-piano-digital-04.jpg 1500w\" sizes=\"(max-width: 1024px) 100vw, 1024px\" \/><\/figure>\n\n\n\n<figure class=\"wp-block-image size-large\"><img decoding=\"async\" loading=\"lazy\" width=\"1024\" height=\"934\" data-id=\"216\"  src=\"https:\/\/hablemosdepiano.com\/wp-content\/uploads\/2023\/04\/Yamaha-Arius-YDP-S34-piano-digital-05-1024x934.jpg\" alt=\"\" class=\"wp-image-216\" srcset=\"https:\/\/hablemosdepiano.com\/wp-content\/uploads\/2023\/04\/Yamaha-Arius-YDP-S34-piano-digital-05-1024x934.jpg 1024w, https:\/\/hablemosdepiano.com\/wp-content\/uploads\/2023\/04\/Yamaha-Arius-YDP-S34-piano-digital-05-300x274.jpg 300w, https:\/\/hablemosdepiano.com\/wp-content\/uploads\/2023\/04\/Yamaha-Arius-YDP-S34-piano-digital-05-768x700.jpg 768w, https:\/\/hablemosdepiano.com\/wp-content\/uploads\/2023\/04\/Yamaha-Arius-YDP-S34-piano-digital-05.jpg 1500w\" sizes=\"(max-width: 1024px) 100vw, 1024px\" \/><\/figure>\n\n\n\n<figure class=\"wp-block-image size-large\"><img decoding=\"async\" loading=\"lazy\" width=\"1000\" height=\"754\" data-id=\"218\"  src=\"https:\/\/hablemosdepiano.com\/wp-content\/uploads\/2023\/04\/Yamaha-Arius-YDP-S34-piano-digital-06.jpg\" alt=\"\" class=\"wp-image-218\" srcset=\"https:\/\/hablemosdepiano.com\/wp-content\/uploads\/2023\/04\/Yamaha-Arius-YDP-S34-piano-digital-06.jpg 1000w, https:\/\/hablemosdepiano.com\/wp-content\/uploads\/2023\/04\/Yamaha-Arius-YDP-S34-piano-digital-06-300x226.jpg 300w, https:\/\/hablemosdepiano.com\/wp-content\/uploads\/2023\/04\/Yamaha-Arius-YDP-S34-piano-digital-06-768x579.jpg 768w\" sizes=\"(max-width: 1000px) 100vw, 1000px\" \/><\/figure>\n<\/figure>\n\n\n\n<div style=\"height:37px\" aria-hidden=\"true\" class=\"wp-block-spacer\"><\/div>\n\n\n\n<h2 class=\"wp-block-heading\">Caracter\u00edsticas del Piano Digital Yamaha Arius YDP-S34<\/h2>\n\n\n\n<figure class=\"wp-block-table\"><table><tbody><tr><th class=\"has-text-align-left\" data-align=\"left\">Dimensiones del paquete<\/th><td>\u200e145 x 52 x 43 cm; 35.9 kilogramos<\/td><\/tr><tr><th class=\"has-text-align-left\" data-align=\"left\">N\u00famero de modelo del producto<\/th><td>\u200eYDP-S34B<\/td><\/tr><tr><th class=\"has-text-align-left\" data-align=\"left\">Color<\/th><td>\u200eNegro<\/td><\/tr><tr><th class=\"has-text-align-left\" data-align=\"left\">Tecnolog\u00eda de conectividad0<\/th><td>USB<\/td><\/tr><tr><th class=\"has-text-align-left\" data-align=\"left\">N\u00famero de teclas<\/th><td>\u200e88<\/td><\/tr><tr><th class=\"has-text-align-left\" data-align=\"left\">Peso del producto<\/th><td>\u200e35.9 kg<\/td><\/tr><\/tbody><\/table><\/figure>\n\n\n\n<div style=\"height:31px\" aria-hidden=\"true\" class=\"wp-block-spacer\"><\/div>\n\n\n\n<h2 class=\"wp-block-heading\">M\u00e1s sobre el Piano Digital Yamaha Arius YDP-S34<\/h2>\n\n\n\n<ul>\n<li>Una experiencia pian\u00edstica \u00fanica: Arius YDP-S34 ofrece un dise\u00f1o moderno y estilizado para dar un extra de elegancia a cualquier habitaci\u00f3n a la vez que proporcionar un sonido de calidad<\/li>\n\n\n\n<li>Piano electr\u00f3nico de 88 teclas con el potente y cristalino sonido del piano de cola CFX; reproduce fielmente el sonido de un piano ac\u00fastico gracias al teclado de martillos graduados est\u00e1ndar (GHS)<\/li>\n\n\n\n<li>El optimizador ac\u00fastico te permite disfrutar de sonido claro y balanceado sin importar el volumen; el optimizador estereof\u00f3nico te ofrece un sonido natural, a\u00fan con auriculares<\/li>\n\n\n\n<li>Utiliza la Smart Pianist App para crear m\u00fasica m\u00e1s r\u00e1pido: practica con un metr\u00f3nomo, graba tus canciones o escanea tus piezas y tenlas en tu lista de reproducci\u00f3n; incluye 3 pedales<\/li>\n\n\n\n<li>Contenido de env\u00edo: piano digital Yamaha Arius YDP-S34, un piano para estudiantes y aficionados, libro de partituras, manual, gu\u00eda de instrucciones<\/li>\n<\/ul>\n\n\n\n<div style=\"height:31px\" aria-hidden=\"true\" class=\"wp-block-spacer\"><\/div>\n\n\n\n<h2 class=\"wp-block-heading\">Todas las Ventajas del Piano Digital Yamaha Arius YDP-S34<\/h2>\n\n\n\n<h3 class=\"wp-block-heading\">Moderno y con estilo<\/h3>\n\n\n\n<p>Piano compacto con gran sonido: el Yamaha Arius YDP-S34 combina el sonido de un piano aut\u00e9ntico con el dise\u00f1o compacto de un piano digital. El aspecto moderno y elegante de la YDP-S34 puede integrarse en cualquier hogar, \u00a1sin importar lo peque\u00f1o que sea! \u00a1Un piano de calidad no tiene por qu\u00e9 ser enorme!<\/p>\n\n\n\n<h3 class=\"wp-block-heading\">Caracter\u00edsticas sin precedentes<\/h3>\n\n\n\n<p>Teclado de 88 teclas Graded Hammer Standard (GHS) sensible a la pulsaci\u00f3n. El moderno dise\u00f1o y tres pedales de calidad proporcionan una experiencia pian\u00edstica singular ensu categor\u00eda.<\/p>\n\n\n\n<h3 class=\"wp-block-heading\">Dise\u00f1o moderno<\/h3>\n\n\n\n<p>En los pisos y apartamentos compartidos hay poco espacio disponible. \u00bfC\u00f3mo vivir sin perder tu pasi\u00f3n por tocar el piano? El YDP-S34B es la soluci\u00f3n para estudiantes y aficionados que no quieren renunciar a hacer m\u00fasica incluso en espacios peque\u00f1os: es extremadamente compacto y, gracias a su aspecto moderno, se adapta con estilo a cualquier lugar.<\/p>\n\n\n\n<h3 class=\"wp-block-heading\">Manejo intuitivo<\/h3>\n\n\n\n<p>El complemento musical para tu piano digital:simplemente descarga la aplicaci\u00f3n \u00abSmart Pianist\u00bb de Yamaha en tu Smartphone o Tablet, y disfruta de nuevas posibilidades con tu YDP-S34B. La aplicaci\u00f3n est\u00e1 dise\u00f1ada para disfrutar de un manejo intuitivo del piano digital y enriquece la pr\u00e1ctica del piano con sus numerosas funciones.<\/p>\n\n\n\n<h3 class=\"wp-block-heading\">Potente y de calidad<\/h3>\n\n\n\n<p>Gracias al sonido y calidad del piano de conciertos CFX, el YDP-S34B tiene un famoso modelo a seguir: con su potente sonido, sus agudos claros y brillantes, y sus graves penetrantes que llenan toda una sala de conciertos. El Yamaha Arius YDP-S34B recrea esa experiencia de piano incluso en casa- con la muestra del Yamaha CFX y un teclado GHS (Graded Hammer Standard) realista.<\/p>\n\n\n\n<h3 class=\"wp-block-heading\">Numerosas posibilidades<\/h3>\n\n\n\n<p>Sum\u00e9rgete en el mundo de la m\u00fasica: con 10 voces de calidad, 10 canciones de demostraci\u00f3n y 50 canciones de piano, incluyendo un libro de partituras, \u00a1deja volar tu creatividad! Con la funci\u00f3n de grabaci\u00f3n, puedes guardar y reproducir tus interpretaciones. Disfruta de la agradable sensaci\u00f3n de tocar con la calidad de fabricaci\u00f3n y de sonido de primera del YDP-S34 &#8211; \u00a1Un piano pensado para ti!<\/p>\n\n\n\n<h3 class=\"wp-block-heading\">Sum\u00e9rgete en la m\u00fasica con flowkey<\/h3>\n\n\n\n<p>\u00bfSiempre has so\u00f1ado con tocar el piano o el teclado? Apr\u00e9ndelo a tu propio ritmo y con tu m\u00fasica favorita gracias a Yamaha y flowkey, una de las aplicaciones m\u00e1s populares para aprender a tocar el piano de forma intuitiva.<\/p>\n\n\n\n<p>Al comprar un teclado o un piano digital Yamaha, recibir\u00e1s acceso a la aplicaci\u00f3n flowkey con todas las canciones y tutoriales durante tres meses. Todo lo que tienes que hacer es registrar tu instrumento en el sitio web de Yamaha.<\/p>\n\n\n\n<h2 class=\"wp-block-heading\">Comparativa con otros Pianos Digitales de Yamaha<\/h2>\n\n\n\n<figure class=\"wp-block-table\"><table><tbody><tr><th><\/th><th>Yamaha YDP-S34<br><img decoding=\"async\" loading=\"lazy\" width=\"150\" height=\"300\" class=\"wp-image-183\" style=\"width: 150px;\" src=\"https:\/\/hablemosdepiano.com\/wp-content\/uploads\/2023\/04\/Yamaha-YDP-S34B.png\" alt=\"\"><\/th><th><a href=\"https:\/\/hablemosdepiano.com\/index.php\/resena-yamaha-arius-ydp-144-piano-digital\/\">Yamaha YDP-144<\/a><br><a href=\"https:\/\/hablemosdepiano.com\/index.php\/resena-yamaha-arius-ydp-144-piano-digital\/\"><img decoding=\"async\" loading=\"lazy\" width=\"150\" height=\"300\" class=\"wp-image-182\" style=\"width: 150px;\" src=\"https:\/\/hablemosdepiano.com\/wp-content\/uploads\/2023\/04\/Yamaha-YDP-144B.jpg\" alt=\"\"><\/a><\/th><th><a href=\"https:\/\/hablemosdepiano.com\/index.php\/resena-yamaha-p-125b-piano-digital\/\">Yamaha P-125<\/a><br><a href=\"https:\/\/hablemosdepiano.com\/index.php\/resena-yamaha-p-125b-piano-digital\/\"><img decoding=\"async\" loading=\"lazy\" width=\"150\" height=\"300\" class=\"wp-image-181\" style=\"width: 150px;\" src=\"https:\/\/hablemosdepiano.com\/wp-content\/uploads\/2023\/04\/yamaha-p125.jpg\" alt=\"\"><\/a><\/th><th><a href=\"https:\/\/hablemosdepiano.com\/index.php\/resena-yamaha-p-45-piano-digital\/\">Yamaha P-45<\/a><br><a href=\"https:\/\/hablemosdepiano.com\/index.php\/resena-yamaha-p-45-piano-digital\/\"><img decoding=\"async\" loading=\"lazy\" width=\"150\" height=\"300\" class=\"wp-image-179\" style=\"width: 150px;\" src=\"https:\/\/hablemosdepiano.com\/wp-content\/uploads\/2023\/04\/yamaha-p45.jpg\" alt=\"\"><\/a><\/th><th><strong><a href=\"https:\/\/hablemosdepiano.com\/index.php\/resena-yamaha-p-121b-piano-digital\/\">Yamaha P-121<\/a><\/strong><br><a href=\"https:\/\/hablemosdepiano.com\/index.php\/resena-yamaha-p-121b-piano-digital\/\"><img decoding=\"async\" loading=\"lazy\" width=\"150\" height=\"300\" class=\"wp-image-180\" style=\"width: 150px;\" src=\"https:\/\/hablemosdepiano.com\/wp-content\/uploads\/2023\/04\/yamaha-p121.jpg\" alt=\"\"><\/a><\/th><\/tr><tr><th>Teclado<\/th><td>88 Teclas GHS (Graded Hammer Standard); Sensible a la pulsaci\u00f3n<\/td><td>88 Teclas GHS (Graded Hammer Standard); Sensible a la pulsaci\u00f3n<\/td><td>88 Teclas GHS (Graded Hammer Standard); Sensible a la pulsaci\u00f3n<\/td><td>88 Teclas GHS (Graded Hammer Standard); Sensible a la pulsaci\u00f3n<\/td><td>88 Teclas GHS (Martillo Graduado Est\u00e1ndar); Sensible a la Pulsaci\u00f3n<\/td><\/tr><tr><th>Voces<\/th><td>10 incl. Yamaha CFX; Dual, D\u00fao<\/td><td>10 incl. Yamaha CFX; Dual, D\u00fao<\/td><td>24; Dual, Split, Duo<\/td><td>10; Dual, D\u00fao<\/td><td>24; Dual, Divisi\u00f3n, D\u00fao<\/td><\/tr><tr><th>Estilos de Acompa\u00f1amiento<\/th><td>&#8211;<\/td><td>&#8211;<\/td><td>20 Rhythmen<\/td><td>&#8211;<\/td><td>20 ritmos<\/td><\/tr><tr><th>Canciones y funci\u00f3n de grabaci\u00f3n<\/th><td>50 Canciones cl\u00e1sicas + 21 Demostraciones de voces; Grabaci\u00f3n: 2 Pistas (MIDI; 5 Canciones)<\/td><td>50 Canciones Cl\u00e1sicas + 10 Demostraciones de Voces; Grabaci\u00f3n: 2 Pistas (MIDI; 1 Canci\u00f3n)<\/td><td>50 Canciones Cl\u00e1sicas + 10 Demostraciones de Voces; Grabaci\u00f3n: 2 Pistas (MIDI; 1 Canci\u00f3n)<\/td><td>10 Canciones de Piano + 10 Demostraciones de Voces<\/td><td>50 Canciones Cl\u00e1sicas + 21 Demostraciones de Voces; Grabaci\u00f3n: 2 Pistas (MIDI; 1 Canci\u00f3n)<\/td><\/tr><tr><th>Efectos<\/th><td>Reverberaci\u00f3n, control ac\u00fastico inteligente, optimizador estereof\u00f3nico<\/td><td>Reverb, Control Ac\u00fastico Inteligente (IAC), Optimizador Estereof\u00f3nico<\/td><td>Control Ac\u00fastico Inteligente (IAC)<\/td><td>Reverb<\/td><td>Control Ac\u00fastico Inteligente (IAC)<\/td><\/tr><tr><th>Otras funciones<\/th><td>Pedal con efecto de medio pedal, resonancia de apagadores, resonancia de cuerdas, liberaci\u00f3n de tecla; conexi\u00f3n a la App \u00abSmart Pianist\u00bb<\/td><td>Pedal con funci\u00f3n de medio pedal, resonancia de apagadores, resonancia de cuerdas, Muestras de Liberaci\u00f3n de Tecla; Conexi\u00f3n a la App \u00abSmart Pianist\u00bb<\/td><td>Resonancia de apagadores, resonancia de cuerdas, Muestras de Liberaci\u00f3n de Tecla; Conexi\u00f3n a la App \u00abSmart Pianist\u00bb<\/td><td>&#8211;<\/td><td>Resonancia de apagadores, resonancia de cuerdas, Muestras de Liberaci\u00f3n de Tecla; Conexi\u00f3n a la App \u00abSmart Pianist\u00bb<\/td><\/tr><tr><th>Altavoces y amplificaci\u00f3n<\/th><td>8W x 2; 12cm x 2<\/td><td>8W x 2; 12cm x 2<\/td><td>7W x 2; 12cm x 2 + 4cm x 2<\/td><td>6W x 2; 12cm x 2<\/td><td>7W x 2; 12cm x 2 + 4cm x 2<\/td><\/tr><tr><th>Conexiones<\/th><td>2 Auriculares, Pedalera, USB-to-Host<\/td><td>2 auriculares, Pedalera, USB-to-Host<\/td><td>2 auriculares, Pedalera, USB-to-Host<\/td><td>Auriculares, USB-to-Host<\/td><td>2 auriculares, Salida Auxiliar, Pedalera (opcional), USB-to-Host<\/td><\/tr><tr><th>Dimensiones y peso<\/th><td>1.353 x 296 x 792 mm (con la tapa abierta: 976 mm); 35,9 kg<\/td><td>1.357 x 422 x 815 mm; 38 kg<\/td><td>1.326 x 295 x 166 mm; 11,8 kg<\/td><td>1.326 x 295 x 166 mm; 11,5 kg<\/td><td>1.326 x 295 x 166 mm; 11,8 kg<\/td><\/tr><\/tbody><\/table><\/figure>\n\n\n\n<div class=\"wp-block-buttons is-content-justification-center is-layout-flex wp-container-4\">\n<div class=\"wp-block-button has-custom-font-size is-style-fill has-medium-font-size\"><a class=\"wp-block-button__link has-black-color has-luminous-vivid-amber-background-color has-text-color has-background wp-element-button\" href=\"https:\/\/amzn.to\/411qnci\" style=\"border-radius:0px\" target=\"_blank\" rel=\"https:\/\/amzn.to\/3MpJ8kX noopener\">Comprar en AMAZON<\/a><\/div>\n<\/div>\n","protected":false},"excerpt":{"rendered":"<p>La marca Yamaha es una de la m\u00e1s prestigiosas dentro del mundo de los Instrumentos Musicales. Yamaha Arius YDP-S34 es un piano digital moderno y elegante para estudiantes o aficionados, adecuado para cualquier rinc\u00f3n de la casa. Caracter\u00edsticas del Piano Digital Yamaha Arius YDP-S34 Dimensiones del paquete \u200e145 x 52 x 43 cm; 35.9 kilogramos &hellip;<\/p>\n<p class=\"read-more\"> <a class=\"\" href=\"https:\/\/hablemosdepiano.com\/index.php\/resena-yamaha-arius-ydp-s34-piano-digital\/\"> <span class=\"screen-reader-text\">Rese\u00f1a Yamaha Arius YDP-S34 Piano Digital<\/span> Leer m\u00e1s &raquo;<\/a><\/p>\n","protected":false},"author":1,"featured_media":0,"parent":0,"menu_order":0,"comment_status":"closed","ping_status":"closed","template":"","meta":{"site-sidebar-layout":"default","site-content-layout":"default","ast-global-header-display":"","ast-main-header-display":"","ast-hfb-above-header-display":"","ast-hfb-below-header-display":"","ast-hfb-mobile-header-display":"","site-post-title":"","ast-breadcrumbs-content":"","ast-featured-img":"","footer-sml-layout":"","theme-transparent-header-meta":"","adv-header-id-meta":"","stick-header-meta":"","header-above-stick-meta":"","header-main-stick-meta":"","header-below-stick-meta":""},"_links":{"self":[{"href":"https:\/\/hablemosdepiano.com\/index.php\/wp-json\/wp\/v2\/pages\/210"}],"collection":[{"href":"https:\/\/hablemosdepiano.com\/index.php\/wp-json\/wp\/v2\/pages"}],"about":[{"href":"https:\/\/hablemosdepiano.com\/index.php\/wp-json\/wp\/v2\/types\/page"}],"author":[{"embeddable":true,"href":"https:\/\/hablemosdepiano.com\/index.php\/wp-json\/wp\/v2\/users\/1"}],"replies":[{"embeddable":true,"href":"https:\/\/hablemosdepiano.com\/index.php\/wp-json\/wp\/v2\/comments?post=210"}],"version-history":[{"count":10,"href":"https:\/\/hablemosdepiano.com\/index.php\/wp-json\/wp\/v2\/pages\/210\/revisions"}],"predecessor-version":[{"id":251,"href":"https:\/\/hablemosdepiano.com\/index.php\/wp-json\/wp\/v2\/pages\/210\/revisions\/251"}],"wp:attachment":[{"href":"https:\/\/hablemosdepiano.com\/index.php\/wp-json\/wp\/v2\/media?parent=210"}],"curies":[{"name":"wp","href":"https:\/\/api.w.org\/{rel}","templated":true}]}}