{"id":190,"date":"2023-04-11T21:43:35","date_gmt":"2023-04-11T21:43:35","guid":{"rendered":"https:\/\/hablemosdepiano.com\/?page_id=190"},"modified":"2023-04-11T22:53:06","modified_gmt":"2023-04-11T22:53:06","slug":"resena-yamaha-p-121b-piano-digital","status":"publish","type":"page","link":"https:\/\/hablemosdepiano.com\/index.php\/resena-yamaha-p-121b-piano-digital\/","title":{"rendered":"Rese\u00f1a Yamaha P-121B Piano Digital"},"content":{"rendered":"\n<figure class=\"wp-block-image aligncenter size-full\"><img decoding=\"async\" loading=\"lazy\" width=\"970\" height=\"300\" src=\"https:\/\/hablemosdepiano.com\/wp-content\/uploads\/2023\/04\/yamaha-p121B-ppiano-digital-04.jpg\" alt=\"\" class=\"wp-image-199\" srcset=\"https:\/\/hablemosdepiano.com\/wp-content\/uploads\/2023\/04\/yamaha-p121B-ppiano-digital-04.jpg 970w, https:\/\/hablemosdepiano.com\/wp-content\/uploads\/2023\/04\/yamaha-p121B-ppiano-digital-04-300x93.jpg 300w, https:\/\/hablemosdepiano.com\/wp-content\/uploads\/2023\/04\/yamaha-p121B-ppiano-digital-04-768x238.jpg 768w\" sizes=\"(max-width: 970px) 100vw, 970px\" \/><\/figure>\n\n\n\n<p>La marca Yamaha es una de la m\u00e1s prestigiosas dentro del mundo de los Instrumentos Musicales. Su Piano Digital Yamaha P-121B es uno de los m\u00e1s vendidos a los principiantes en el piano.<\/p>\n\n\n\n<div class=\"wp-block-buttons is-content-justification-center is-layout-flex wp-container-1\">\n<div class=\"wp-block-button has-custom-font-size is-style-fill has-medium-font-size\"><a class=\"wp-block-button__link has-black-color has-luminous-vivid-amber-background-color has-text-color has-background wp-element-button\" href=\"https:\/\/amzn.to\/3zSG21I\" style=\"border-radius:0px\" target=\"_blank\" rel=\"https:\/\/amzn.to\/3MpJ8kX noopener\">Comprar en AMAZON<\/a><\/div>\n<\/div>\n\n\n\n<div style=\"height:31px\" aria-hidden=\"true\" class=\"wp-block-spacer\"><\/div>\n\n\n\n<div style=\"height:37px\" aria-hidden=\"true\" class=\"wp-block-spacer\"><\/div>\n\n\n\n<h2 class=\"wp-block-heading\">Caracter\u00edsticas del Piano Digital Yamaha P-121B<\/h2>\n\n\n\n<figure class=\"wp-block-table\"><table><tbody><tr><td><strong>Marca<\/strong><\/td><td>YAMAHA<\/td><\/tr><tr><td><strong>Color<\/strong><\/td><td>Negro<\/td><\/tr><tr><td><strong>N\u00famero de teclas<\/strong><\/td><td>73<\/td><\/tr><tr><td><strong>Peso del producto<\/strong><\/td><td>15.4 Kilogramos<\/td><\/tr><tr><td><strong>Nombre del modelo<\/strong><\/td><td>P-121B<\/td><\/tr><tr><td><strong>Dimensiones del producto: largo x ancho x alto<\/strong><\/td><td>111.4 x 29.5 x 16.6 cent\u00edmetros<\/td><\/tr><tr><td><strong>Estilo<\/strong><\/td><td>Piano digital<\/td><\/tr><tr><td><strong>Tecnolog\u00eda de conectividad<\/strong><\/td><td>USB, Auxiliar<\/td><\/tr><tr><td><strong>Instrumento<\/strong><\/td><td>Piano digital<\/td><\/tr><\/tbody><\/table><\/figure>\n\n\n\n<div style=\"height:31px\" aria-hidden=\"true\" class=\"wp-block-spacer\"><\/div>\n\n\n\n<figure class=\"wp-block-image aligncenter size-large\"><img decoding=\"async\" loading=\"lazy\" width=\"1024\" height=\"229\" src=\"https:\/\/hablemosdepiano.com\/wp-content\/uploads\/2023\/04\/yamaha-p121B-ppiano-digital-01-1024x229.jpg\" alt=\"\" class=\"wp-image-194\" srcset=\"https:\/\/hablemosdepiano.com\/wp-content\/uploads\/2023\/04\/yamaha-p121B-ppiano-digital-01-1024x229.jpg 1024w, https:\/\/hablemosdepiano.com\/wp-content\/uploads\/2023\/04\/yamaha-p121B-ppiano-digital-01-300x67.jpg 300w, https:\/\/hablemosdepiano.com\/wp-content\/uploads\/2023\/04\/yamaha-p121B-ppiano-digital-01-768x172.jpg 768w, https:\/\/hablemosdepiano.com\/wp-content\/uploads\/2023\/04\/yamaha-p121B-ppiano-digital-01.jpg 1500w\" sizes=\"(max-width: 1024px) 100vw, 1024px\" \/><\/figure>\n\n\n\n<div style=\"height:29px\" aria-hidden=\"true\" class=\"wp-block-spacer\"><\/div>\n\n\n\n<h2 class=\"wp-block-heading\">M\u00e1s sobre el Piano Digital Yamaha P-121B<\/h2>\n\n\n\n<ul>\n<li>Una sensaci\u00f3n pian\u00edstica cl\u00e1sica el piano digital P-121 es a la vez compacto y moderno. Destaca por un sonido de calidad y por sus teclas sensibles a la pulsaci\u00f3n<\/li>\n\n\n\n<li>Vers\u00e1til adem\u00e1s de las 24 voces de instrumentos y de los 20 ritmos incluidos, de la funci\u00f3n dual, los 4 tipos de reverb y la funci\u00f3n de grabaci\u00f3n, es posible utilizar otras funciones por medio de la aplicaci\u00f3n<\/li>\n\n\n\n<li>El piano digital posee un sistema de altavoces de dos v\u00edas, convence por su sonido de calidad y, gracias a sus 73 teclas contrapesadas, puedes disfrutar de una sensaci\u00f3n pian\u00edstica de calidad<\/li>\n\n\n\n<li>Dise\u00f1o compacto f\u00e1cil y c\u00f3modo de usar, este instrumento dotado de 73 teclas posee un tama\u00f1o pr\u00e1ctico y es muy f\u00e1cil de transportar<\/li>\n\n\n\n<li>Contenido de env\u00edo Yamaha piano digital P-121, adaptador AC, manual de instrucciones. Conexi\u00f3n para auriculares, pedal y pedalera, USB-to-Host y salida AUX. Compatible con aplicaci\u00f3n Smart Pianist.<\/li>\n<\/ul>\n\n\n\n<div style=\"height:31px\" aria-hidden=\"true\" class=\"wp-block-spacer\"><\/div>\n\n\n\n<figure class=\"wp-block-image aligncenter size-large\"><img decoding=\"async\" loading=\"lazy\" width=\"1024\" height=\"276\" src=\"https:\/\/hablemosdepiano.com\/wp-content\/uploads\/2023\/04\/yamaha-p121B-ppiano-digital-03-1-1024x276.jpg\" alt=\"\" class=\"wp-image-200\" srcset=\"https:\/\/hablemosdepiano.com\/wp-content\/uploads\/2023\/04\/yamaha-p121B-ppiano-digital-03-1-1024x276.jpg 1024w, https:\/\/hablemosdepiano.com\/wp-content\/uploads\/2023\/04\/yamaha-p121B-ppiano-digital-03-1-300x81.jpg 300w, https:\/\/hablemosdepiano.com\/wp-content\/uploads\/2023\/04\/yamaha-p121B-ppiano-digital-03-1-768x207.jpg 768w, https:\/\/hablemosdepiano.com\/wp-content\/uploads\/2023\/04\/yamaha-p121B-ppiano-digital-03-1.jpg 1327w\" sizes=\"(max-width: 1024px) 100vw, 1024px\" \/><\/figure>\n\n\n\n<div style=\"height:35px\" aria-hidden=\"true\" class=\"wp-block-spacer\"><\/div>\n\n\n\n<h2 class=\"wp-block-heading\">Todas las Ventajas del Piano Digital Yamaha P-121B<\/h2>\n\n\n\n<h5 class=\"wp-block-heading\">Compacto, din\u00e1mico y potente<\/h5>\n\n\n\n<p>El piano digital Yamaha P-121WH es la opci\u00f3n adecuada para los m\u00fasicos con espacio limitado: gracias a sus dimensiones compactas, con 73 teclas, y a su dise\u00f1o minimalista, puede integrarse adecuadamente en cualquier hogar. Adem\u00e1s, el instrumento convence por su calidad de sonido: el P-121B se caracteriza por un sonido de calidad y una capacidad de ejecuci\u00f3n apropiada.<\/p>\n\n\n\n<h3 class=\"wp-block-heading\">Funcionamiento intuitivo<\/h3>\n\n\n\n<p>El piano digital compacto es f\u00e1cil y c\u00f3modo de manejar, tanto a trav\u00e9s de la intuitiva interfaz de usuario como con la ayuda de la aplicaci\u00f3n \u00abSmartPianist\u00bb, que resulta atractiva para principiantes y profesionales.<\/p>\n\n\n\n<h3 class=\"wp-block-heading\">C\u00f3gelo y ll\u00e9vatelo contigo<\/h3>\n\n\n\n<p>\u00bfPara obtener un gran sonido se necesita un gran piano? El P-121B demuestra lo contrario. Aqu\u00ed, la calidad de sonido se esconde en un piano digital compacto que tambi\u00e9n es f\u00e1cil de transportar.<\/p>\n\n\n\n<h3 class=\"wp-block-heading\">Una experencia musical de calidad<\/h3>\n\n\n\n<p>Las 88 teclas hacen que tocar el piano sea toda una experiencia. La tecnolog\u00eda de altavoces de 2 v\u00edas o la toma de auriculares, gracias al optimizador estereof\u00f3nico, proporcionan siempre un sonido distintivo durante la reproducci\u00f3n: \u00a1para sumergirte en el mundo de la m\u00fasica!<\/p>\n\n\n\n<h3 class=\"wp-block-heading\">M\u00fasica para tu tiempo libre<\/h3>\n\n\n\n<p>La m\u00fasica hace la vida m\u00e1s bonita. \u00a1El P-121B aporta alegr\u00eda a la vida cotidiana! La aplicaci\u00f3n \u201cSmart Pianist\u201d es la extensi\u00f3n digital para el P-121B: puedes conectar el piano a un iPhone, uniPad o a determinados dispositivos Android, y podr\u00e1s controlar el piano desde tu dispositivo, cargar partituras o grabar tu interpretaci\u00f3n.<\/p>\n\n\n\n<p>Puedes completar tu piano digital a\u00f1adiendo el soporte para piano L-121 y la pedalera LP-1, disponiblespor separado.<\/p>\n\n\n\n<h3 class=\"wp-block-heading\">App Flowkey<\/h3>\n\n\n\n<p>\u00bfSiempre has so\u00f1ado con tocar el piano o el teclado? Aprende a tu propio ritmo y con tu m\u00fasica favorita gracias a Yamaha y flowkey, una de las aplicaciones m\u00e1s populares para aprender a tocar el piano de forma intuitiva.<\/p>\n\n\n\n<p>Al comprar un teclado o un piano digital Yamaha, recibir\u00e1s acceso a la aplicaci\u00f3n flowkey con todas las canciones y tutoriales durante tres meses. Todo lo que tienes que hacer es registrar tu instrumento en el sitio web de Yamaha.<\/p>\n\n\n\n<figure class=\"wp-block-image aligncenter size-large\"><img decoding=\"async\" loading=\"lazy\" width=\"1024\" height=\"154\" src=\"https:\/\/hablemosdepiano.com\/wp-content\/uploads\/2023\/04\/yamaha-p121B-ppiano-digital-02-1024x154.jpg\" alt=\"\" class=\"wp-image-195\" srcset=\"https:\/\/hablemosdepiano.com\/wp-content\/uploads\/2023\/04\/yamaha-p121B-ppiano-digital-02-1024x154.jpg 1024w, https:\/\/hablemosdepiano.com\/wp-content\/uploads\/2023\/04\/yamaha-p121B-ppiano-digital-02-300x45.jpg 300w, https:\/\/hablemosdepiano.com\/wp-content\/uploads\/2023\/04\/yamaha-p121B-ppiano-digital-02-768x115.jpg 768w, https:\/\/hablemosdepiano.com\/wp-content\/uploads\/2023\/04\/yamaha-p121B-ppiano-digital-02.jpg 1500w\" sizes=\"(max-width: 1024px) 100vw, 1024px\" \/><\/figure>\n\n\n\n<div style=\"height:37px\" aria-hidden=\"true\" class=\"wp-block-spacer\"><\/div>\n\n\n\n<h2 class=\"wp-block-heading\">Comparativa con otros Pianos Digitales de Yamaha<\/h2>\n\n\n\n<figure class=\"wp-block-table\"><table><tbody><tr><th><\/th><th>Yamaha P-121<br><img decoding=\"async\" loading=\"lazy\" width=\"150\" height=\"300\" class=\"wp-image-180\" style=\"width: 150px;\" src=\"https:\/\/hablemosdepiano.com\/wp-content\/uploads\/2023\/04\/yamaha-p121.jpg\" alt=\"\"><\/th><th><a href=\"https:\/\/hablemosdepiano.com\/index.php\/resena-yamaha-p-125b-piano-digital\/\">Yamaha P-125<\/a><br><a href=\"https:\/\/hablemosdepiano.com\/index.php\/resena-yamaha-p-125b-piano-digital\/\"><img decoding=\"async\" loading=\"lazy\" width=\"150\" height=\"300\" class=\"wp-image-181\" style=\"width: 150px;\" src=\"https:\/\/hablemosdepiano.com\/wp-content\/uploads\/2023\/04\/yamaha-p125.jpg\" alt=\"\"><\/a><\/th><th><a href=\"https:\/\/hablemosdepiano.com\/index.php\/resena-yamaha-p-45-piano-digital\/\">Yamaha P-45<\/a><br><a href=\"https:\/\/hablemosdepiano.com\/index.php\/resena-yamaha-p-45-piano-digital\/\"><img decoding=\"async\" loading=\"lazy\" width=\"150\" height=\"300\" class=\"wp-image-179\" style=\"width: 150px;\" src=\"https:\/\/hablemosdepiano.com\/wp-content\/uploads\/2023\/04\/yamaha-p45.jpg\" alt=\"\"><\/a><\/th><th><a href=\"https:\/\/hablemosdepiano.com\/index.php\/resena-yamaha-arius-ydp-s34-piano-digital\/\">Yamaha YDP-S34<\/a><br><a href=\"https:\/\/hablemosdepiano.com\/index.php\/resena-yamaha-arius-ydp-s34-piano-digital\/\"><img decoding=\"async\" loading=\"lazy\" width=\"150\" height=\"300\" class=\"wp-image-183\" style=\"width: 150px;\" src=\"https:\/\/hablemosdepiano.com\/wp-content\/uploads\/2023\/04\/Yamaha-YDP-S34B.png\" alt=\"\"><\/a><\/th><th><a href=\"https:\/\/hablemosdepiano.com\/index.php\/resena-yamaha-arius-ydp-144-piano-digital\/\">Yamaha YDP-144<\/a><br><a href=\"https:\/\/hablemosdepiano.com\/index.php\/resena-yamaha-arius-ydp-144-piano-digital\/\"><img decoding=\"async\" loading=\"lazy\" width=\"150\" height=\"300\" class=\"wp-image-182\" style=\"width: 150px;\" src=\"https:\/\/hablemosdepiano.com\/wp-content\/uploads\/2023\/04\/Yamaha-YDP-144B.jpg\" alt=\"\"><\/a><\/th><\/tr><tr><th>Teclado<\/th><td>88 Teclas GHS (Martillo Graduado Est\u00e1ndar); Sensible a la Pulsaci\u00f3n<\/td><td>88 Teclas GHS 88 Teclas GHS (Graded Hammer Standard); Sensible a la Pulsaci\u00f3n<\/td><td>88 Teclas GHS 88 Teclas GHS (Graded Hammer Standard); Sensible a la Pulsaci\u00f3n<\/td><td>88 Teclas GHS (Martillo Graduado Est\u00e1ndar); Sensible a la Pulsaci\u00f3n<\/td><td>88 Teclas GHS (Martillo Graduado Est\u00e1ndar); Sensible a la Pulsaci\u00f3n<\/td><\/tr><tr><th>Voces<\/th><td>24; Dual, Divisi\u00f3n, D\u00fao<\/td><td>24; Dual, Divisi\u00f3n, D\u00fao<\/td><td>10; Dual, D\u00fao<\/td><td>10 incl. Yamaha CFX; Dual, D\u00fao<\/td><td>10 incl. Yamaha CFX; Dual, D\u00fao<\/td><\/tr><tr><th>Estilos de acompa\u00f1amiento<\/th><td>20 ritmos<\/td><td>20 ritmos<\/td><td>&#8211;<\/td><td>&#8211;<\/td><td>&#8211;<\/td><\/tr><tr><th>Canciones y funci\u00f3n de grabaci\u00f3n<\/th><td>50 Canciones Cl\u00e1sicas + 21 Demostraciones de Voces; Grabaci\u00f3n: 2 Pistas (MIDI; 1 Canci\u00f3n)<\/td><td>50 Canciones Cl\u00e1sicas + 21 Demostraciones de Voces; Grabaci\u00f3n: 2 Pistas (MIDI; 1 Canci\u00f3n)<\/td><td>10 Canciones de Piano + 10 Demostraciones de Voces<\/td><td>50 Canciones Cl\u00e1sicas + 10 Demostraciones de Voces; Grabaci\u00f3n: 2 Pistas (MIDI; 1 Canci\u00f3n)<\/td><td>Reverb, Control Ac\u00fastico Inteligente (IAC), Optimizador Estereof\u00f3nico<\/td><\/tr><tr><th>Efectos<\/th><td>Control Ac\u00fastico Inteligente (IAC)<\/td><td>Control Ac\u00fastico Inteligente (IAC)<\/td><td>Reverb<\/td><td>Reverb, Control Ac\u00fastico Inteligente (IAC), Optimizador Estereof\u00f3nico<\/td><td>Reverb, Chorus, Harmon\u00eda, EQ M\u00e1ster<\/td><\/tr><tr><th>Otras funciones<\/th><td>Resonancia de apagadores, resonancia de cuerdas, Muestras de Liberaci\u00f3n de Tecla; Conexi\u00f3n a la App \u00abSmart Pianist\u00bb<\/td><td>Resonancia de apagadores, resonancia de cuerdas, Muestras de Liberaci\u00f3n de Tecla; Conexi\u00f3n a la App \u00abSmart Pianist\u00bb<\/td><td>&#8211;<\/td><td>Pedal con funci\u00f3n de medio pedal, resonancia de apagadores, resonancia de cuerdas, Muestras de Liberaci\u00f3n de Tecla; Conexi\u00f3n a la App \u00abSmart Pianist\u00bb<\/td><td>Pedal con funci\u00f3n de medio pedal, resonancia de apagadores, resonancia de cuerdas, Muestras de Liberaci\u00f3n de Tecla; Conexi\u00f3n a la App \u00abSmart Pianist\u00bb<\/td><\/tr><tr><th>Altavoces y amplificaci\u00f3n<\/th><td>7W x 2; 12cm x 2 + 4cm x 2<\/td><td>7W x 2; 12cm x 2 + 4cm x 2<\/td><td>6W x 2; 12cm x 2<\/td><td>8W x 2; 12cm x 2<\/td><td>8W x 2; 12cm x 2<\/td><\/tr><tr><th>Conexiones<\/th><td>2 auriculares, Salida Auxiliar, Pedalera (opcional), USB-to-Host<\/td><td>2 auriculares, Salida Auxiliar, Pedalera (opcional), USB-to-Host<\/td><td>Auriculares, USB-to-Host<\/td><td>2 auriculares, Pedalera, USB-to-Host<\/td><td>2 auriculares, Pedalera, USB-to-Host<\/td><\/tr><tr><th>Dimensiones y peso<\/th><td>1.326 x 295 x 166 mm; 11,8 kg<\/td><td>1.326 x 295 x 166 mm; 11,8 kg<\/td><td>1.326 x 295 x 166 mm; 11,5 kg<\/td><td>1.353 x 296 x 792 mm (con la tapa abierta: 976 mm); 35,9 kg<\/td><td>1.353 x 296 x 792 mm (abierto: 976 mm); 35,9 kg<\/td><\/tr><\/tbody><\/table><\/figure>\n\n\n\n<div class=\"wp-block-buttons is-content-justification-center is-layout-flex wp-container-2\">\n<div class=\"wp-block-button has-custom-font-size is-style-fill has-medium-font-size\"><a class=\"wp-block-button__link has-black-color has-luminous-vivid-amber-background-color has-text-color has-background wp-element-button\" href=\"https:\/\/amzn.to\/3zSG21I\" style=\"border-radius:0px\" target=\"_blank\" rel=\"https:\/\/amzn.to\/3MpJ8kX noopener\">Comprar en AMAZON<\/a><\/div>\n<\/div>\n","protected":false},"excerpt":{"rendered":"<p>La marca Yamaha es una de la m\u00e1s prestigiosas dentro del mundo de los Instrumentos Musicales. Su Piano Digital Yamaha P-121B es uno de los m\u00e1s vendidos a los principiantes en el piano. Caracter\u00edsticas del Piano Digital Yamaha P-121B Marca YAMAHA Color Negro N\u00famero de teclas 73 Peso del producto 15.4 Kilogramos Nombre del modelo &hellip;<\/p>\n<p class=\"read-more\"> <a class=\"\" href=\"https:\/\/hablemosdepiano.com\/index.php\/resena-yamaha-p-121b-piano-digital\/\"> <span class=\"screen-reader-text\">Rese\u00f1a Yamaha P-121B Piano Digital<\/span> Leer m\u00e1s &raquo;<\/a><\/p>\n","protected":false},"author":1,"featured_media":0,"parent":0,"menu_order":0,"comment_status":"closed","ping_status":"closed","template":"","meta":{"site-sidebar-layout":"default","site-content-layout":"default","ast-global-header-display":"","ast-main-header-display":"","ast-hfb-above-header-display":"","ast-hfb-below-header-display":"","ast-hfb-mobile-header-display":"","site-post-title":"","ast-breadcrumbs-content":"","ast-featured-img":"","footer-sml-layout":"","theme-transparent-header-meta":"","adv-header-id-meta":"","stick-header-meta":"","header-above-stick-meta":"","header-main-stick-meta":"","header-below-stick-meta":""},"_links":{"self":[{"href":"https:\/\/hablemosdepiano.com\/index.php\/wp-json\/wp\/v2\/pages\/190"}],"collection":[{"href":"https:\/\/hablemosdepiano.com\/index.php\/wp-json\/wp\/v2\/pages"}],"about":[{"href":"https:\/\/hablemosdepiano.com\/index.php\/wp-json\/wp\/v2\/types\/page"}],"author":[{"embeddable":true,"href":"https:\/\/hablemosdepiano.com\/index.php\/wp-json\/wp\/v2\/users\/1"}],"replies":[{"embeddable":true,"href":"https:\/\/hablemosdepiano.com\/index.php\/wp-json\/wp\/v2\/comments?post=190"}],"version-history":[{"count":9,"href":"https:\/\/hablemosdepiano.com\/index.php\/wp-json\/wp\/v2\/pages\/190\/revisions"}],"predecessor-version":[{"id":250,"href":"https:\/\/hablemosdepiano.com\/index.php\/wp-json\/wp\/v2\/pages\/190\/revisions\/250"}],"wp:attachment":[{"href":"https:\/\/hablemosdepiano.com\/index.php\/wp-json\/wp\/v2\/media?parent=190"}],"curies":[{"name":"wp","href":"https:\/\/api.w.org\/{rel}","templated":true}]}}