{"id":15,"date":"2023-04-07T08:41:06","date_gmt":"2023-04-07T08:41:06","guid":{"rendered":"https:\/\/hablemosdepiano.com\/?page_id=15"},"modified":"2023-04-07T09:40:53","modified_gmt":"2023-04-07T09:40:53","slug":"piano-digital-para-que-sirve","status":"publish","type":"page","link":"https:\/\/hablemosdepiano.com\/index.php\/piano-digital-para-que-sirve\/","title":{"rendered":"Piano Digital: \u00bfPara qu\u00e9 sirve?"},"content":{"rendered":"\n<p>Es posible que te hayan recomendado alguna vez aprender piano usando un piano digital. Pero, exactamente, \u00bfel piano digital para qu\u00e9 sirve y quienes pueden utilizarlo? Perm\u00edtenos ayudarte sobre esta cuesti\u00f3n.<\/p>\n\n\n\n<div style=\"height:38px\" aria-hidden=\"true\" class=\"wp-block-spacer\"><\/div>\n\n\n\n<h2 class=\"wp-block-heading\">\u00bfPara qu\u00e9 sirve un piano digital?<\/h2>\n\n\n\n<p>Un piano electr\u00f3nico es un instrumento musical que se utiliza como alternativa a un piano ac\u00fastico tradicional. Adem\u00e1s de ofrecer una <strong>experiencia similar a la de un piano ac\u00fastico <\/strong>en t\u00e9rminos de sonido y sensaci\u00f3n de tecla, un piano electr\u00f3nico tiene una serie de <strong>ventajas adicionales<\/strong>. Por ejemplo, un piano electr\u00f3nico puede <strong>ajustarse en volumen<\/strong>, lo que permite practicar sin molestar a los vecinos. Tambi\u00e9n <strong>puede conectarse a un ordenador <\/strong>o dispositivo m\u00f3vil para acceder a herramientas educativas, <strong>grabar y producir m\u00fasica<\/strong>, o simplemente tocar con diferentes instrumentos virtuales.<\/p>\n\n\n\n<p>En definitiva, un piano electr\u00f3nico es una <strong>herramienta muy vers\u00e1til <\/strong>que se adapta a las necesidades de <strong>cualquier m\u00fasico<\/strong>, ya sea principiante o profesional.<\/p>\n\n\n\n<figure class=\"wp-block-image aligncenter size-full\"><img decoding=\"async\" loading=\"lazy\" width=\"910\" height=\"607\" src=\"https:\/\/hablemosdepiano.com\/wp-content\/uploads\/2023\/04\/piano-digital.jpg\" alt=\"\" class=\"wp-image-17\" srcset=\"https:\/\/hablemosdepiano.com\/wp-content\/uploads\/2023\/04\/piano-digital.jpg 910w, https:\/\/hablemosdepiano.com\/wp-content\/uploads\/2023\/04\/piano-digital-300x200.jpg 300w, https:\/\/hablemosdepiano.com\/wp-content\/uploads\/2023\/04\/piano-digital-768x512.jpg 768w\" sizes=\"(max-width: 910px) 100vw, 910px\" \/><\/figure>\n\n\n\n<div style=\"height:34px\" aria-hidden=\"true\" class=\"wp-block-spacer\"><\/div>\n\n\n\n<h2 class=\"wp-block-heading\">\u00bfQu\u00e9 restricciones tiene un piano digital frente a un piano ac\u00fastico?<\/h2>\n\n\n\n<p>Un piano digital, aunque puede ofrecer una excelente experiencia de interpretaci\u00f3n, tiene algunas restricciones en comparaci\u00f3n con un piano ac\u00fastico.<\/p>\n\n\n\n<p>En primer lugar, la acci\u00f3n de teclado en un piano digital puede no ser tan sensible y realista como la de un piano ac\u00fastico. Los pianos digitales intentan imitar la acci\u00f3n de un piano ac\u00fastico, pero debido a que la respuesta del teclado est\u00e1 controlada por sensores y circuitos electr\u00f3nicos, puede que no sean tan precisos o naturales como los de un piano ac\u00fastico.<\/p>\n\n\n\n<p>En segundo lugar, el sonido de un piano digital puede ser menos rico y complejo que el de un piano ac\u00fastico. Aunque los pianos digitales ofrecen sonidos de alta calidad, los pianos ac\u00fasticos tienen una resonancia y una profundidad \u00fanicas que pueden ser dif\u00edciles de imitar en un piano digital. Si bien hay que hacer notar que los mejores pianos digitales emulan muy muy bien todas estas cuestiones, y ni siquiera un o\u00eddo muy bien entrenado va a ser capaz de distinguir entre ambos instrumentos.<\/p>\n\n\n\n<p>Por \u00faltimo, un piano digital no puede ofrecer la misma sensaci\u00f3n t\u00e1ctil y de respuesta que un piano ac\u00fastico. La vibraci\u00f3n de las cuerdas en un piano ac\u00fastico es una parte importante de la experiencia de interpretaci\u00f3n, y esa vibraci\u00f3n no se puede imitar completamente en un piano digital.<\/p>\n\n\n\n<p>A pesar de estas restricciones, los pianos digitales son una excelente opci\u00f3n para aquellos que buscan un instrumento m\u00e1s port\u00e1til, m\u00e1s asequible o m\u00e1s vers\u00e1til que un piano ac\u00fastico.<\/p>\n\n\n\n<p><\/p>\n\n\n\n<h2 class=\"wp-block-heading\">&nbsp;<\/h2>\n","protected":false},"excerpt":{"rendered":"<p>Es posible que te hayan recomendado alguna vez aprender piano usando un piano digital. Pero, exactamente, \u00bfel piano digital para qu\u00e9 sirve y quienes pueden utilizarlo? Perm\u00edtenos ayudarte sobre esta cuesti\u00f3n. \u00bfPara qu\u00e9 sirve un piano digital? Un piano electr\u00f3nico es un instrumento musical que se utiliza como alternativa a un piano ac\u00fastico tradicional. Adem\u00e1s &hellip;<\/p>\n<p class=\"read-more\"> <a class=\"\" href=\"https:\/\/hablemosdepiano.com\/index.php\/piano-digital-para-que-sirve\/\"> <span class=\"screen-reader-text\">Piano Digital: \u00bfPara qu\u00e9 sirve?<\/span> Leer m\u00e1s &raquo;<\/a><\/p>\n","protected":false},"author":1,"featured_media":0,"parent":0,"menu_order":0,"comment_status":"closed","ping_status":"closed","template":"","meta":{"site-sidebar-layout":"default","site-content-layout":"default","ast-global-header-display":"","ast-main-header-display":"","ast-hfb-above-header-display":"","ast-hfb-below-header-display":"","ast-hfb-mobile-header-display":"","site-post-title":"","ast-breadcrumbs-content":"","ast-featured-img":"","footer-sml-layout":"","theme-transparent-header-meta":"","adv-header-id-meta":"","stick-header-meta":"","header-above-stick-meta":"","header-main-stick-meta":"","header-below-stick-meta":""},"_links":{"self":[{"href":"https:\/\/hablemosdepiano.com\/index.php\/wp-json\/wp\/v2\/pages\/15"}],"collection":[{"href":"https:\/\/hablemosdepiano.com\/index.php\/wp-json\/wp\/v2\/pages"}],"about":[{"href":"https:\/\/hablemosdepiano.com\/index.php\/wp-json\/wp\/v2\/types\/page"}],"author":[{"embeddable":true,"href":"https:\/\/hablemosdepiano.com\/index.php\/wp-json\/wp\/v2\/users\/1"}],"replies":[{"embeddable":true,"href":"https:\/\/hablemosdepiano.com\/index.php\/wp-json\/wp\/v2\/comments?post=15"}],"version-history":[{"count":3,"href":"https:\/\/hablemosdepiano.com\/index.php\/wp-json\/wp\/v2\/pages\/15\/revisions"}],"predecessor-version":[{"id":34,"href":"https:\/\/hablemosdepiano.com\/index.php\/wp-json\/wp\/v2\/pages\/15\/revisions\/34"}],"wp:attachment":[{"href":"https:\/\/hablemosdepiano.com\/index.php\/wp-json\/wp\/v2\/media?parent=15"}],"curies":[{"name":"wp","href":"https:\/\/api.w.org\/{rel}","templated":true}]}}