{"id":138,"date":"2023-04-08T22:21:45","date_gmt":"2023-04-08T22:21:45","guid":{"rendered":"https:\/\/hablemosdepiano.com\/?page_id=138"},"modified":"2023-04-09T08:28:38","modified_gmt":"2023-04-09T08:28:38","slug":"resena-alesis-prestige-artist-piano-digital","status":"publish","type":"page","link":"https:\/\/hablemosdepiano.com\/index.php\/resena-alesis-prestige-artist-piano-digital\/","title":{"rendered":"Rese\u00f1a Alesis Prestige Artist Piano Digital"},"content":{"rendered":"\n<figure class=\"wp-block-image aligncenter size-large\"><img decoding=\"async\" loading=\"lazy\" width=\"1024\" height=\"962\" src=\"https:\/\/hablemosdepiano.com\/wp-content\/uploads\/2023\/04\/Alesis-Prestige-Artist-Piano-Digital-09-1024x962.jpg\" alt=\"\" class=\"wp-image-141\" srcset=\"https:\/\/hablemosdepiano.com\/wp-content\/uploads\/2023\/04\/Alesis-Prestige-Artist-Piano-Digital-09-1024x962.jpg 1024w, https:\/\/hablemosdepiano.com\/wp-content\/uploads\/2023\/04\/Alesis-Prestige-Artist-Piano-Digital-09-300x282.jpg 300w, https:\/\/hablemosdepiano.com\/wp-content\/uploads\/2023\/04\/Alesis-Prestige-Artist-Piano-Digital-09-768x721.jpg 768w, https:\/\/hablemosdepiano.com\/wp-content\/uploads\/2023\/04\/Alesis-Prestige-Artist-Piano-Digital-09.jpg 1500w\" sizes=\"(max-width: 1024px) 100vw, 1024px\" \/><\/figure>\n\n\n\n<p>Alesis Recital Grand &#8211; Piano el\u00e9ctrico digital de 88 teclas contrapesadas con acci\u00f3n de martillo, teclado piano con pedal piano y altavoces es el piano que est\u00e1 haciendo estragos en Amazon. Sus usuarios lo describen como el mejor piano para los principiantes, y est\u00e1 repleto de caracter\u00edsticas interesantes.<\/p>\n\n\n\n<div class=\"wp-block-buttons is-content-justification-center is-layout-flex wp-container-1\">\n<div class=\"wp-block-button has-custom-font-size is-style-fill has-medium-font-size\"><a class=\"wp-block-button__link has-black-color has-luminous-vivid-amber-background-color has-text-color has-background wp-element-button\" href=\"https:\/\/amzn.to\/3MsP6BB\" style=\"border-radius:0px\" target=\"_blank\" rel=\"https:\/\/amzn.to\/3MpJ8kX noopener\">Comprar en AMAZON<\/a><\/div>\n<\/div>\n\n\n\n<div style=\"height:31px\" aria-hidden=\"true\" class=\"wp-block-spacer\"><\/div>\n\n\n\n<figure class=\"wp-block-gallery has-nested-images columns-default is-cropped wp-block-gallery-2 is-layout-flex\">\n<figure class=\"wp-block-image size-large\"><img decoding=\"async\" loading=\"lazy\" width=\"1024\" height=\"504\" data-id=\"143\"  src=\"https:\/\/hablemosdepiano.com\/wp-content\/uploads\/2023\/04\/Alesis-Prestige-Artist-Piano-Digital-01-1024x504.jpg\" alt=\"\" class=\"wp-image-143\" srcset=\"https:\/\/hablemosdepiano.com\/wp-content\/uploads\/2023\/04\/Alesis-Prestige-Artist-Piano-Digital-01-1024x504.jpg 1024w, https:\/\/hablemosdepiano.com\/wp-content\/uploads\/2023\/04\/Alesis-Prestige-Artist-Piano-Digital-01-300x148.jpg 300w, https:\/\/hablemosdepiano.com\/wp-content\/uploads\/2023\/04\/Alesis-Prestige-Artist-Piano-Digital-01-768x378.jpg 768w, https:\/\/hablemosdepiano.com\/wp-content\/uploads\/2023\/04\/Alesis-Prestige-Artist-Piano-Digital-01.jpg 1500w\" sizes=\"(max-width: 1024px) 100vw, 1024px\" \/><\/figure>\n\n\n\n<figure class=\"wp-block-image size-large\"><img decoding=\"async\" loading=\"lazy\" width=\"1024\" height=\"993\" data-id=\"146\"  src=\"https:\/\/hablemosdepiano.com\/wp-content\/uploads\/2023\/04\/Alesis-Prestige-Artist-Piano-Digital-02-1024x993.jpg\" alt=\"\" class=\"wp-image-146\" srcset=\"https:\/\/hablemosdepiano.com\/wp-content\/uploads\/2023\/04\/Alesis-Prestige-Artist-Piano-Digital-02-1024x993.jpg 1024w, https:\/\/hablemosdepiano.com\/wp-content\/uploads\/2023\/04\/Alesis-Prestige-Artist-Piano-Digital-02-300x291.jpg 300w, https:\/\/hablemosdepiano.com\/wp-content\/uploads\/2023\/04\/Alesis-Prestige-Artist-Piano-Digital-02-768x744.jpg 768w, https:\/\/hablemosdepiano.com\/wp-content\/uploads\/2023\/04\/Alesis-Prestige-Artist-Piano-Digital-02.jpg 1500w\" sizes=\"(max-width: 1024px) 100vw, 1024px\" \/><\/figure>\n\n\n\n<figure class=\"wp-block-image size-large\"><img decoding=\"async\" loading=\"lazy\" width=\"1024\" height=\"973\" data-id=\"149\"  src=\"https:\/\/hablemosdepiano.com\/wp-content\/uploads\/2023\/04\/Alesis-Prestige-Artist-Piano-Digital-03-1024x973.jpg\" alt=\"\" class=\"wp-image-149\" srcset=\"https:\/\/hablemosdepiano.com\/wp-content\/uploads\/2023\/04\/Alesis-Prestige-Artist-Piano-Digital-03-1024x973.jpg 1024w, https:\/\/hablemosdepiano.com\/wp-content\/uploads\/2023\/04\/Alesis-Prestige-Artist-Piano-Digital-03-300x285.jpg 300w, https:\/\/hablemosdepiano.com\/wp-content\/uploads\/2023\/04\/Alesis-Prestige-Artist-Piano-Digital-03-768x730.jpg 768w, https:\/\/hablemosdepiano.com\/wp-content\/uploads\/2023\/04\/Alesis-Prestige-Artist-Piano-Digital-03.jpg 1500w\" sizes=\"(max-width: 1024px) 100vw, 1024px\" \/><\/figure>\n\n\n\n<figure class=\"wp-block-image size-large\"><img decoding=\"async\" loading=\"lazy\" width=\"1024\" height=\"985\" data-id=\"148\"  src=\"https:\/\/hablemosdepiano.com\/wp-content\/uploads\/2023\/04\/Alesis-Prestige-Artist-Piano-Digital-04-1024x985.jpg\" alt=\"\" class=\"wp-image-148\" srcset=\"https:\/\/hablemosdepiano.com\/wp-content\/uploads\/2023\/04\/Alesis-Prestige-Artist-Piano-Digital-04-1024x985.jpg 1024w, https:\/\/hablemosdepiano.com\/wp-content\/uploads\/2023\/04\/Alesis-Prestige-Artist-Piano-Digital-04-300x289.jpg 300w, https:\/\/hablemosdepiano.com\/wp-content\/uploads\/2023\/04\/Alesis-Prestige-Artist-Piano-Digital-04-768x739.jpg 768w, https:\/\/hablemosdepiano.com\/wp-content\/uploads\/2023\/04\/Alesis-Prestige-Artist-Piano-Digital-04.jpg 1500w\" sizes=\"(max-width: 1024px) 100vw, 1024px\" \/><\/figure>\n\n\n\n<figure class=\"wp-block-image size-large\"><img decoding=\"async\" loading=\"lazy\" width=\"1024\" height=\"971\" data-id=\"145\"  src=\"https:\/\/hablemosdepiano.com\/wp-content\/uploads\/2023\/04\/Alesis-Prestige-Artist-Piano-Digital-05-1024x971.jpg\" alt=\"\" class=\"wp-image-145\" srcset=\"https:\/\/hablemosdepiano.com\/wp-content\/uploads\/2023\/04\/Alesis-Prestige-Artist-Piano-Digital-05-1024x971.jpg 1024w, https:\/\/hablemosdepiano.com\/wp-content\/uploads\/2023\/04\/Alesis-Prestige-Artist-Piano-Digital-05-300x285.jpg 300w, https:\/\/hablemosdepiano.com\/wp-content\/uploads\/2023\/04\/Alesis-Prestige-Artist-Piano-Digital-05-768x729.jpg 768w, https:\/\/hablemosdepiano.com\/wp-content\/uploads\/2023\/04\/Alesis-Prestige-Artist-Piano-Digital-05.jpg 1500w\" sizes=\"(max-width: 1024px) 100vw, 1024px\" \/><\/figure>\n\n\n\n<figure class=\"wp-block-image size-large\"><img decoding=\"async\" loading=\"lazy\" width=\"1024\" height=\"939\" data-id=\"150\"  src=\"https:\/\/hablemosdepiano.com\/wp-content\/uploads\/2023\/04\/Alesis-Prestige-Artist-Piano-Digital-06-1024x939.jpg\" alt=\"\" class=\"wp-image-150\" srcset=\"https:\/\/hablemosdepiano.com\/wp-content\/uploads\/2023\/04\/Alesis-Prestige-Artist-Piano-Digital-06-1024x939.jpg 1024w, https:\/\/hablemosdepiano.com\/wp-content\/uploads\/2023\/04\/Alesis-Prestige-Artist-Piano-Digital-06-300x275.jpg 300w, https:\/\/hablemosdepiano.com\/wp-content\/uploads\/2023\/04\/Alesis-Prestige-Artist-Piano-Digital-06-768x705.jpg 768w, https:\/\/hablemosdepiano.com\/wp-content\/uploads\/2023\/04\/Alesis-Prestige-Artist-Piano-Digital-06.jpg 1500w\" sizes=\"(max-width: 1024px) 100vw, 1024px\" \/><\/figure>\n\n\n\n<figure class=\"wp-block-image size-large\"><img decoding=\"async\" loading=\"lazy\" width=\"1024\" height=\"999\" data-id=\"147\"  src=\"https:\/\/hablemosdepiano.com\/wp-content\/uploads\/2023\/04\/Alesis-Prestige-Artist-Piano-Digital-07-1024x999.jpg\" alt=\"\" class=\"wp-image-147\" srcset=\"https:\/\/hablemosdepiano.com\/wp-content\/uploads\/2023\/04\/Alesis-Prestige-Artist-Piano-Digital-07-1024x999.jpg 1024w, https:\/\/hablemosdepiano.com\/wp-content\/uploads\/2023\/04\/Alesis-Prestige-Artist-Piano-Digital-07-300x293.jpg 300w, https:\/\/hablemosdepiano.com\/wp-content\/uploads\/2023\/04\/Alesis-Prestige-Artist-Piano-Digital-07-768x749.jpg 768w, https:\/\/hablemosdepiano.com\/wp-content\/uploads\/2023\/04\/Alesis-Prestige-Artist-Piano-Digital-07.jpg 1500w\" sizes=\"(max-width: 1024px) 100vw, 1024px\" \/><\/figure>\n\n\n\n<figure class=\"wp-block-image size-large\"><img decoding=\"async\" loading=\"lazy\" width=\"1024\" height=\"973\" data-id=\"144\"  src=\"https:\/\/hablemosdepiano.com\/wp-content\/uploads\/2023\/04\/Alesis-Prestige-Artist-Piano-Digital-08-1024x973.jpg\" alt=\"\" class=\"wp-image-144\" srcset=\"https:\/\/hablemosdepiano.com\/wp-content\/uploads\/2023\/04\/Alesis-Prestige-Artist-Piano-Digital-08-1024x973.jpg 1024w, https:\/\/hablemosdepiano.com\/wp-content\/uploads\/2023\/04\/Alesis-Prestige-Artist-Piano-Digital-08-300x285.jpg 300w, https:\/\/hablemosdepiano.com\/wp-content\/uploads\/2023\/04\/Alesis-Prestige-Artist-Piano-Digital-08-768x730.jpg 768w, https:\/\/hablemosdepiano.com\/wp-content\/uploads\/2023\/04\/Alesis-Prestige-Artist-Piano-Digital-08.jpg 1500w\" sizes=\"(max-width: 1024px) 100vw, 1024px\" \/><\/figure>\n<\/figure>\n\n\n\n<div style=\"height:37px\" aria-hidden=\"true\" class=\"wp-block-spacer\"><\/div>\n\n\n\n<h2 class=\"wp-block-heading\">Caracter\u00edsticas del Piano Digital Alesis Prestige Artist<\/h2>\n\n\n\n<figure class=\"wp-block-table\"><table><tbody><tr><td><strong>Marca<\/strong><\/td><td>Alesis<\/td><\/tr><tr><td><strong>Color<\/strong><\/td><td>Black<\/td><\/tr><tr><td><strong>N\u00famero de teclas<\/strong><\/td><td>88<\/td><\/tr><tr><td><strong>Peso del producto<\/strong><\/td><td>12.8 Kilogramos<\/td><\/tr><tr><td><strong>Nombre del modelo<\/strong><\/td><td>Prestige Artist<\/td><\/tr><tr><td><strong>Dimensiones del producto: largo x ancho x alto<\/strong><\/td><td>132.2 x 29.7 x 14.9 cent\u00edmetros<\/td><\/tr><tr><td><strong>Estilo<\/strong><\/td><td>Prestige Artist<\/td><\/tr><tr><td><strong>Tipo de conector<\/strong><\/td><td>MIDI USB<\/td><\/tr><tr><td><strong>Tecnolog\u00eda de conectividad<\/strong><\/td><td>USB<\/td><\/tr><\/tbody><\/table><\/figure>\n\n\n\n<div style=\"height:31px\" aria-hidden=\"true\" class=\"wp-block-spacer\"><\/div>\n\n\n\n<h2 class=\"wp-block-heading\">M\u00e1s sobre el Piano Digital Alesis Prestige Artist<\/h2>\n\n\n\n<ul>\n<li>Teclado con 88 teclas, acci\u00f3n de martillo graduado y respuesta t\u00e1ctil ajustable para sensaciones naturales al piano, para principiantes y niveles intermedio y avanzado<\/li>\n\n\n\n<li>Repleto de sonidos: 30 voces multisampleadas &#8211; gran piano, piano el\u00e9ctrico, \u00f3rgano y sintetizadores; modos Split y Layer simult\u00e1neos, arpegiador integrado, 5 efectos reverberaci\u00f3n ajustables<\/li>\n\n\n\n<li>Aut\u00e9ntica experiencia de ejecuci\u00f3n: polifon\u00eda m\u00e1xima de 256 voces para una incre\u00edble experiencia al piano de 88 teclas: sistema de altavoces microarray de 50W: alto, claro y realista dondequiera<\/li>\n\n\n\n<li>Lo esencial para escenarios: pantalla OLED de control intuitivo; salidas est\u00e9reo de 6,5mm; salidas de auriculares de 6,5mm y 3,5mm; salida USB-MIDI para software educativo o sintetizadores virtuales<\/li>\n\n\n\n<li>Experiencia de piano con teclas de tama\u00f1o completo: pedal de sostenido tipo piano, atril y adaptador; modos Lecci\u00f3n y Grabaci\u00f3n para desarrollar tus habilidades con piano de teclado el\u00e9ctrico<\/li>\n<\/ul>\n\n\n\n<div style=\"height:31px\" aria-hidden=\"true\" class=\"wp-block-spacer\"><\/div>\n\n\n\n<h2 class=\"wp-block-heading\">Todas las Ventajas del Piano Digital Alesis Prestige Artist<\/h2>\n\n\n\n<h3 class=\"wp-block-heading\">Sobre Alesis<\/h3>\n\n\n\n<p>Establecida en 1984, Alesis se ha convertido en uno de los principales fabricantes de procesadores de se\u00f1al, bater\u00edas electr\u00f3nicas, sintetizadores y equipos de estudio. Ha revolucionado la industria de la m\u00fasica con sus innovadores equipos de grabaci\u00f3n, percusi\u00f3n, teclados y equipos de sonido. Alesis se compromete a ofrecer el equipo de audio profesional m\u00e1s innovador e inspirador para m\u00fasicos, productores e ingenieros de todos los niveles.<\/p>\n\n\n\n<h3 class=\"wp-block-heading\">Voces multisampleadas para un realismo incomparable<\/h3>\n\n\n\n<p>Los pianistas expertos conocen la importancia de la emoci\u00f3n y los matices en una interpretaci\u00f3n. Por eso, el Prestige Artist usa la tecnolog\u00eda de multisampleo para ofrecer una experiencia de ejecuci\u00f3n realista que responde al tacto como un piano ac\u00fastico. Las 30 voces selectas, junto con la polifon\u00eda m\u00e1xima de 256 voces y un sistema de altavoces de 50W de gran nitidez, brindan una experiencia sonora incomparable con cualquier otro piano el\u00e9ctrico.<\/p>\n\n\n\n<h3 class=\"wp-block-heading\">Saca tu mejor sonido<\/h3>\n\n\n\n<p>El sistema de altavoces microarray de 50W del Prestige Artist proyecta potencia y claridad, sobre cualquier superficie y en cualquier posici\u00f3n, as\u00ed tu m\u00fasica sonar\u00e1 impecable dondequiera que act\u00faes.<\/p>\n\n\n\n<h3 class=\"wp-block-heading\">Modo Lecci\u00f3n<\/h3>\n\n\n\n<p>El modo Lecci\u00f3n del Recital Grand divide el teclado en dos zonas con el mismo tono y voz; ideal para que los alumnos sigan a su profesor de piano o hagan un dueto con otro int\u00e9rprete.<\/p>\n\n\n\n<h3 class=\"wp-block-heading\">Modo Grabaci\u00f3n<\/h3>\n\n\n\n<p>\u00bfQuieres saber c\u00f3mo est\u00e1s tocando? El modo Grabaci\u00f3n te permite grabar y luego escuchar tu interpretaci\u00f3n, mientras el metr\u00f3nomo integrado te mantiene el comp\u00e1s.<\/p>\n\n\n\n<h3 class=\"wp-block-heading\">Conectividad para cualquier entorno<\/h3>\n\n\n\n<p>Las salidas est\u00e9reo de 6,35mm se conectan muy bien a mezcladores, amplis, etc.; las salidas frontales de auriculares de 6,35mm y 3,5mm y la conectividad USB-MIDI te lo dan todo para cualquier entorno.<\/p>\n\n\n\n<h3 class=\"wp-block-heading\">Todo lo que necesitas<\/h3>\n\n\n\n<p>Prestige Artist viene ya con todo lo necesario para brindar un potencial de interpretaci\u00f3n inmediato, con un pedal de sostenido tipo piano, un atril y un adaptador de corriente incluidos.<\/p>\n\n\n\n<h3 class=\"wp-block-heading\">Cuida y desarrolla tus habilidades al Piano<\/h3>\n\n\n\n<p>Con 60 lecciones gratuitas basadas en la app de <strong>Melodics<\/strong>, una suscripci\u00f3n de 3 meses a <strong>Skoove <\/strong>y 2 meses de lecciones en directo incluidas con el Recital Grand, lo tienes todo para dominar tu piano.<\/p>\n\n\n\n<h2 class=\"wp-block-heading\">Comparativa con otros Pianos Digitales Alesis<\/h2>\n\n\n\n<figure class=\"wp-block-table\"><table><tbody><tr><td><\/td><td class=\"has-text-align-center\" data-align=\"center\"><img decoding=\"async\" loading=\"lazy\" width=\"200\" height=\"225\" class=\"wp-image-85\" style=\"width: 150px;\" src=\"https:\/\/hablemosdepiano.com\/wp-content\/uploads\/2023\/04\/prestige-artist.jpg\" alt=\"\"><\/td><td class=\"has-text-align-center\" data-align=\"center\"><a href=\"https:\/\/hablemosdepiano.com\/index.php\/resena-alesis-recital-grand-piano-digital\/\"><img decoding=\"async\" loading=\"lazy\" width=\"200\" height=\"225\" class=\"wp-image-84\" style=\"width: 150px;\" src=\"https:\/\/hablemosdepiano.com\/wp-content\/uploads\/2023\/04\/recital-grand.jpg\" alt=\"\"><\/a><\/td><td class=\"has-text-align-center\" data-align=\"center\"><a href=\"https:\/\/hablemosdepiano.com\/index.php\/resena-alesis-recital-pro-piano-digital\/\"><img decoding=\"async\" loading=\"lazy\" width=\"200\" height=\"225\" class=\"wp-image-86\" style=\"width: 150px;\" src=\"https:\/\/hablemosdepiano.com\/wp-content\/uploads\/2023\/04\/recital-pro.jpg\" alt=\"\"><\/a><\/td><td class=\"has-text-align-center\" data-align=\"center\"><a href=\"https:\/\/hablemosdepiano.com\/index.php\/resena-alesis-recital-piano-digital\/\"><img decoding=\"async\" loading=\"lazy\" width=\"200\" height=\"225\" class=\"wp-image-87\" style=\"width: 150px;\" src=\"https:\/\/hablemosdepiano.com\/wp-content\/uploads\/2023\/04\/recital.jpg\" alt=\"\"><\/a><\/td><\/tr><tr><td><strong>Tipo de teclas<\/strong><\/td><td class=\"has-text-align-center\" data-align=\"center\">Martillo graduado<\/td><td class=\"has-text-align-center\" data-align=\"center\">Martillo graduado<\/td><td class=\"has-text-align-center\" data-align=\"center\">Acci\u00f3n martillo<\/td><td class=\"has-text-align-center\" data-align=\"center\">Semi-contrapesadas<\/td><\/tr><tr><td><strong>N\u00famero de teclas<\/strong><\/td><td class=\"has-text-align-center\" data-align=\"center\">88<\/td><td class=\"has-text-align-center\" data-align=\"center\">88<\/td><td class=\"has-text-align-center\" data-align=\"center\">88<\/td><td class=\"has-text-align-center\" data-align=\"center\">88<\/td><\/tr><tr><td><strong>N\u00famero de voces<\/strong><\/td><td class=\"has-text-align-center\" data-align=\"center\">30<\/td><td class=\"has-text-align-center\" data-align=\"center\">16<\/td><td class=\"has-text-align-center\" data-align=\"center\">12<\/td><td class=\"has-text-align-center\" data-align=\"center\">5<\/td><\/tr><tr><td><strong>Polifon\u00eda<\/strong><\/td><td class=\"has-text-align-center\" data-align=\"center\">256<\/td><td class=\"has-text-align-center\" data-align=\"center\">128<\/td><td class=\"has-text-align-center\" data-align=\"center\">128<\/td><td class=\"has-text-align-center\" data-align=\"center\">128<\/td><\/tr><tr><td><strong>Arpegiador<\/strong><\/td><td class=\"has-text-align-center\" data-align=\"center\">\u2714<\/td><td class=\"has-text-align-center\" data-align=\"center\">\u2718<\/td><td class=\"has-text-align-center\" data-align=\"center\">\u2718<\/td><td class=\"has-text-align-center\" data-align=\"center\">\u2718<\/td><\/tr><tr><td><strong>Pantalla<\/strong><\/td><td class=\"has-text-align-center\" data-align=\"center\">\u2714<\/td><td class=\"has-text-align-center\" data-align=\"center\">\u2718<\/td><td class=\"has-text-align-center\" data-align=\"center\">\u2714<\/td><td class=\"has-text-align-center\" data-align=\"center\">\u2718<\/td><\/tr><tr><td><strong>Modo Lecci\u00f3n<\/strong><\/td><td class=\"has-text-align-center\" data-align=\"center\">\u2714<\/td><td class=\"has-text-align-center\" data-align=\"center\">\u2714<\/td><td class=\"has-text-align-center\" data-align=\"center\">\u2714<\/td><td class=\"has-text-align-center\" data-align=\"center\">\u2714<\/td><\/tr><tr><td><strong>Modo Grabaci\u00f3n<\/strong><\/td><td class=\"has-text-align-center\" data-align=\"center\">\u2714<\/td><td class=\"has-text-align-center\" data-align=\"center\">\u2714<\/td><td class=\"has-text-align-center\" data-align=\"center\">\u2714<\/td><td class=\"has-text-align-center\" data-align=\"center\">\u2718<\/td><\/tr><tr><td><strong>Pedal de Sostenido<\/strong><\/td><td class=\"has-text-align-center\" data-align=\"center\">\u2714<\/td><td class=\"has-text-align-center\" data-align=\"center\">\u2714<\/td><td class=\"has-text-align-center\" data-align=\"center\">\u2718<\/td><td class=\"has-text-align-center\" data-align=\"center\">\u2718<\/td><\/tr><tr><td><strong>Salida USB MIDI<\/strong><\/td><td class=\"has-text-align-center\" data-align=\"center\">\u2714<\/td><td class=\"has-text-align-center\" data-align=\"center\">\u2714<\/td><td class=\"has-text-align-center\" data-align=\"center\">\u2714<\/td><td class=\"has-text-align-center\" data-align=\"center\">\u2714<\/td><\/tr><tr><td><strong>Color<\/strong><\/td><td class=\"has-text-align-center\" data-align=\"center\">Negro<\/td><td class=\"has-text-align-center\" data-align=\"center\">Negro<\/td><td class=\"has-text-align-center\" data-align=\"center\">Negro<\/td><td class=\"has-text-align-center\" data-align=\"center\">Negro\/Blanco<\/td><\/tr><\/tbody><\/table><\/figure>\n\n\n\n<div class=\"wp-block-buttons is-content-justification-center is-layout-flex wp-container-4\">\n<div class=\"wp-block-button has-custom-font-size is-style-fill has-medium-font-size\"><a class=\"wp-block-button__link has-black-color has-luminous-vivid-amber-background-color has-text-color has-background wp-element-button\" href=\"https:\/\/amzn.to\/3MsP6BB\" style=\"border-radius:0px\" target=\"_blank\" rel=\"https:\/\/amzn.to\/3MpJ8kX noopener\">Comprar en AMAZON<\/a><\/div>\n<\/div>\n","protected":false},"excerpt":{"rendered":"<p>Alesis Recital Grand &#8211; Piano el\u00e9ctrico digital de 88 teclas contrapesadas con acci\u00f3n de martillo, teclado piano con pedal piano y altavoces es el piano que est\u00e1 haciendo estragos en Amazon. Sus usuarios lo describen como el mejor piano para los principiantes, y est\u00e1 repleto de caracter\u00edsticas interesantes. Caracter\u00edsticas del Piano Digital Alesis Prestige Artist &hellip;<\/p>\n<p class=\"read-more\"> <a class=\"\" href=\"https:\/\/hablemosdepiano.com\/index.php\/resena-alesis-prestige-artist-piano-digital\/\"> <span class=\"screen-reader-text\">Rese\u00f1a Alesis Prestige Artist Piano Digital<\/span> Leer m\u00e1s &raquo;<\/a><\/p>\n","protected":false},"author":1,"featured_media":0,"parent":0,"menu_order":0,"comment_status":"closed","ping_status":"closed","template":"","meta":{"site-sidebar-layout":"default","site-content-layout":"default","ast-global-header-display":"","ast-main-header-display":"","ast-hfb-above-header-display":"","ast-hfb-below-header-display":"","ast-hfb-mobile-header-display":"","site-post-title":"","ast-breadcrumbs-content":"","ast-featured-img":"","footer-sml-layout":"","theme-transparent-header-meta":"","adv-header-id-meta":"","stick-header-meta":"","header-above-stick-meta":"","header-main-stick-meta":"","header-below-stick-meta":""},"_links":{"self":[{"href":"https:\/\/hablemosdepiano.com\/index.php\/wp-json\/wp\/v2\/pages\/138"}],"collection":[{"href":"https:\/\/hablemosdepiano.com\/index.php\/wp-json\/wp\/v2\/pages"}],"about":[{"href":"https:\/\/hablemosdepiano.com\/index.php\/wp-json\/wp\/v2\/types\/page"}],"author":[{"embeddable":true,"href":"https:\/\/hablemosdepiano.com\/index.php\/wp-json\/wp\/v2\/users\/1"}],"replies":[{"embeddable":true,"href":"https:\/\/hablemosdepiano.com\/index.php\/wp-json\/wp\/v2\/comments?post=138"}],"version-history":[{"count":8,"href":"https:\/\/hablemosdepiano.com\/index.php\/wp-json\/wp\/v2\/pages\/138\/revisions"}],"predecessor-version":[{"id":175,"href":"https:\/\/hablemosdepiano.com\/index.php\/wp-json\/wp\/v2\/pages\/138\/revisions\/175"}],"wp:attachment":[{"href":"https:\/\/hablemosdepiano.com\/index.php\/wp-json\/wp\/v2\/media?parent=138"}],"curies":[{"name":"wp","href":"https:\/\/api.w.org\/{rel}","templated":true}]}}