{"id":120,"date":"2023-04-08T15:29:59","date_gmt":"2023-04-08T15:29:59","guid":{"rendered":"https:\/\/hablemosdepiano.com\/?page_id=120"},"modified":"2023-04-09T08:29:25","modified_gmt":"2023-04-09T08:29:25","slug":"resena-alesis-recital-piano-digital","status":"publish","type":"page","link":"https:\/\/hablemosdepiano.com\/index.php\/resena-alesis-recital-piano-digital\/","title":{"rendered":"Rese\u00f1a Alesis Recital Piano Digital"},"content":{"rendered":"\n<figure class=\"wp-block-image aligncenter size-large\"><img decoding=\"async\" loading=\"lazy\" width=\"1024\" height=\"986\" src=\"https:\/\/hablemosdepiano.com\/wp-content\/uploads\/2023\/04\/Alesis-Recital-Piano-Digital-02-1024x986.jpg\" alt=\"\" class=\"wp-image-123\" srcset=\"https:\/\/hablemosdepiano.com\/wp-content\/uploads\/2023\/04\/Alesis-Recital-Piano-Digital-02-1024x986.jpg 1024w, https:\/\/hablemosdepiano.com\/wp-content\/uploads\/2023\/04\/Alesis-Recital-Piano-Digital-02-300x289.jpg 300w, https:\/\/hablemosdepiano.com\/wp-content\/uploads\/2023\/04\/Alesis-Recital-Piano-Digital-02-768x740.jpg 768w, https:\/\/hablemosdepiano.com\/wp-content\/uploads\/2023\/04\/Alesis-Recital-Piano-Digital-02.jpg 1500w\" sizes=\"(max-width: 1024px) 100vw, 1024px\" \/><\/figure>\n\n\n\n<div style=\"height:26px\" aria-hidden=\"true\" class=\"wp-block-spacer\"><\/div>\n\n\n\n<p>Alesis Recital &#8211; Teclado de Piano Digital El\u00e9ctrico con 88 Teclas semi-contrapesadas de Tama\u00f1o Completo, Fuente de Alimentaci\u00f3n, Altavoces Incorporados y 5 voces es un piano electr\u00f3nico que est\u00e1 triunfando por su relaci\u00f3n calidad-precio en Amazon. En esta ficha te describimos todas sus caracter\u00edsticas y lo comparamos con otros pianos digitales de la misma marca.<\/p>\n\n\n\n<div class=\"wp-block-buttons is-content-justification-center is-layout-flex wp-container-1\">\n<div class=\"wp-block-button has-custom-font-size is-style-fill has-medium-font-size\"><a class=\"wp-block-button__link has-black-color has-luminous-vivid-amber-background-color has-text-color has-background wp-element-button\" href=\"https:\/\/amzn.to\/3KIWRlP\" style=\"border-radius:0px\" target=\"_blank\" rel=\"https:\/\/amzn.to\/3MpJ8kX noopener\">Comprar en AMAZON<\/a><\/div>\n<\/div>\n\n\n\n<div style=\"height:31px\" aria-hidden=\"true\" class=\"wp-block-spacer\"><\/div>\n\n\n\n<figure class=\"wp-block-gallery has-nested-images columns-default is-cropped wp-block-gallery-2 is-layout-flex\">\n<figure class=\"wp-block-image size-large\"><img decoding=\"async\" loading=\"lazy\" width=\"1024\" height=\"311\" data-id=\"124\"  src=\"https:\/\/hablemosdepiano.com\/wp-content\/uploads\/2023\/04\/Alesis-Recital-Piano-Digital-01-1024x311.jpg\" alt=\"\" class=\"wp-image-124\" srcset=\"https:\/\/hablemosdepiano.com\/wp-content\/uploads\/2023\/04\/Alesis-Recital-Piano-Digital-01-1024x311.jpg 1024w, https:\/\/hablemosdepiano.com\/wp-content\/uploads\/2023\/04\/Alesis-Recital-Piano-Digital-01-300x91.jpg 300w, https:\/\/hablemosdepiano.com\/wp-content\/uploads\/2023\/04\/Alesis-Recital-Piano-Digital-01-768x233.jpg 768w, https:\/\/hablemosdepiano.com\/wp-content\/uploads\/2023\/04\/Alesis-Recital-Piano-Digital-01.jpg 1500w\" sizes=\"(max-width: 1024px) 100vw, 1024px\" \/><\/figure>\n\n\n\n<figure class=\"wp-block-image size-large\"><img decoding=\"async\" loading=\"lazy\" width=\"1024\" height=\"986\" data-id=\"128\"  src=\"https:\/\/hablemosdepiano.com\/wp-content\/uploads\/2023\/04\/Alesis-Recital-Piano-Digital-02-1-1024x986.jpg\" alt=\"\" class=\"wp-image-128\" srcset=\"https:\/\/hablemosdepiano.com\/wp-content\/uploads\/2023\/04\/Alesis-Recital-Piano-Digital-02-1-1024x986.jpg 1024w, https:\/\/hablemosdepiano.com\/wp-content\/uploads\/2023\/04\/Alesis-Recital-Piano-Digital-02-1-300x289.jpg 300w, https:\/\/hablemosdepiano.com\/wp-content\/uploads\/2023\/04\/Alesis-Recital-Piano-Digital-02-1-768x740.jpg 768w, https:\/\/hablemosdepiano.com\/wp-content\/uploads\/2023\/04\/Alesis-Recital-Piano-Digital-02-1.jpg 1500w\" sizes=\"(max-width: 1024px) 100vw, 1024px\" \/><\/figure>\n\n\n\n<figure class=\"wp-block-image size-large\"><img decoding=\"async\" loading=\"lazy\" width=\"1024\" height=\"980\" data-id=\"129\"  src=\"https:\/\/hablemosdepiano.com\/wp-content\/uploads\/2023\/04\/Alesis-Recital-Piano-Digital-03-1024x980.jpg\" alt=\"\" class=\"wp-image-129\" srcset=\"https:\/\/hablemosdepiano.com\/wp-content\/uploads\/2023\/04\/Alesis-Recital-Piano-Digital-03-1024x980.jpg 1024w, https:\/\/hablemosdepiano.com\/wp-content\/uploads\/2023\/04\/Alesis-Recital-Piano-Digital-03-300x287.jpg 300w, https:\/\/hablemosdepiano.com\/wp-content\/uploads\/2023\/04\/Alesis-Recital-Piano-Digital-03-768x735.jpg 768w, https:\/\/hablemosdepiano.com\/wp-content\/uploads\/2023\/04\/Alesis-Recital-Piano-Digital-03.jpg 1500w\" sizes=\"(max-width: 1024px) 100vw, 1024px\" \/><\/figure>\n\n\n\n<figure class=\"wp-block-image size-large\"><img decoding=\"async\" loading=\"lazy\" width=\"1024\" height=\"1019\" data-id=\"125\"  src=\"https:\/\/hablemosdepiano.com\/wp-content\/uploads\/2023\/04\/Alesis-Recital-Piano-Digital-04-1024x1019.jpg\" alt=\"\" class=\"wp-image-125\" srcset=\"https:\/\/hablemosdepiano.com\/wp-content\/uploads\/2023\/04\/Alesis-Recital-Piano-Digital-04-1024x1019.jpg 1024w, https:\/\/hablemosdepiano.com\/wp-content\/uploads\/2023\/04\/Alesis-Recital-Piano-Digital-04-300x298.jpg 300w, https:\/\/hablemosdepiano.com\/wp-content\/uploads\/2023\/04\/Alesis-Recital-Piano-Digital-04-150x150.jpg 150w, https:\/\/hablemosdepiano.com\/wp-content\/uploads\/2023\/04\/Alesis-Recital-Piano-Digital-04-768x764.jpg 768w, https:\/\/hablemosdepiano.com\/wp-content\/uploads\/2023\/04\/Alesis-Recital-Piano-Digital-04.jpg 1500w\" sizes=\"(max-width: 1024px) 100vw, 1024px\" \/><\/figure>\n\n\n\n<figure class=\"wp-block-image size-large\"><img decoding=\"async\" loading=\"lazy\" width=\"1024\" height=\"981\" data-id=\"130\"  src=\"https:\/\/hablemosdepiano.com\/wp-content\/uploads\/2023\/04\/Alesis-Recital-Piano-Digital-05-1024x981.jpg\" alt=\"\" class=\"wp-image-130\" srcset=\"https:\/\/hablemosdepiano.com\/wp-content\/uploads\/2023\/04\/Alesis-Recital-Piano-Digital-05-1024x981.jpg 1024w, https:\/\/hablemosdepiano.com\/wp-content\/uploads\/2023\/04\/Alesis-Recital-Piano-Digital-05-300x287.jpg 300w, https:\/\/hablemosdepiano.com\/wp-content\/uploads\/2023\/04\/Alesis-Recital-Piano-Digital-05-768x736.jpg 768w, https:\/\/hablemosdepiano.com\/wp-content\/uploads\/2023\/04\/Alesis-Recital-Piano-Digital-05.jpg 1500w\" sizes=\"(max-width: 1024px) 100vw, 1024px\" \/><\/figure>\n\n\n\n<figure class=\"wp-block-image size-large\"><img decoding=\"async\" loading=\"lazy\" width=\"1024\" height=\"1013\" data-id=\"127\"  src=\"https:\/\/hablemosdepiano.com\/wp-content\/uploads\/2023\/04\/Alesis-Recital-Piano-Digital-06-1024x1013.jpg\" alt=\"\" class=\"wp-image-127\" srcset=\"https:\/\/hablemosdepiano.com\/wp-content\/uploads\/2023\/04\/Alesis-Recital-Piano-Digital-06-1024x1013.jpg 1024w, https:\/\/hablemosdepiano.com\/wp-content\/uploads\/2023\/04\/Alesis-Recital-Piano-Digital-06-300x297.jpg 300w, https:\/\/hablemosdepiano.com\/wp-content\/uploads\/2023\/04\/Alesis-Recital-Piano-Digital-06-768x760.jpg 768w, https:\/\/hablemosdepiano.com\/wp-content\/uploads\/2023\/04\/Alesis-Recital-Piano-Digital-06.jpg 1500w\" sizes=\"(max-width: 1024px) 100vw, 1024px\" \/><\/figure>\n\n\n\n<figure class=\"wp-block-image size-large\"><img decoding=\"async\" loading=\"lazy\" width=\"1024\" height=\"950\" data-id=\"126\"  src=\"https:\/\/hablemosdepiano.com\/wp-content\/uploads\/2023\/04\/Alesis-Recital-Piano-Digital-07-1024x950.jpg\" alt=\"\" class=\"wp-image-126\" srcset=\"https:\/\/hablemosdepiano.com\/wp-content\/uploads\/2023\/04\/Alesis-Recital-Piano-Digital-07-1024x950.jpg 1024w, https:\/\/hablemosdepiano.com\/wp-content\/uploads\/2023\/04\/Alesis-Recital-Piano-Digital-07-300x278.jpg 300w, https:\/\/hablemosdepiano.com\/wp-content\/uploads\/2023\/04\/Alesis-Recital-Piano-Digital-07-768x713.jpg 768w, https:\/\/hablemosdepiano.com\/wp-content\/uploads\/2023\/04\/Alesis-Recital-Piano-Digital-07.jpg 1500w\" sizes=\"(max-width: 1024px) 100vw, 1024px\" \/><\/figure>\n<\/figure>\n\n\n\n<div style=\"height:37px\" aria-hidden=\"true\" class=\"wp-block-spacer\"><\/div>\n\n\n\n<h2 class=\"wp-block-heading\">Caracter\u00edsticas del Piano Digital Alesis Recital<\/h2>\n\n\n\n<figure class=\"wp-block-table\"><table><tbody><tr><td><strong>Marca<\/strong><\/td><td>Alesis<\/td><\/tr><tr><td><strong>Color<\/strong><\/td><td>Negro<\/td><\/tr><tr><td><strong>N\u00famero de teclas<\/strong><\/td><td>88<\/td><\/tr><tr><td><strong>Nivel de competencia<\/strong><\/td><td>Principiante a Profesionista<\/td><\/tr><tr><td><strong>Tama\u00f1o<\/strong><\/td><td>88 teclas<\/td><\/tr><tr><td><strong>Peso del producto<\/strong><\/td><td>7,1 Kg<\/td><\/tr><tr><td><strong>Nombre del modelo<\/strong><\/td><td>Recital<\/td><\/tr><tr><td><strong>Dimensiones del producto: largo x ancho x alto<\/strong><\/td><td>127 x 30.5 x 10.2 cent\u00edmetros<\/td><\/tr><tr><td><strong>Estilo<\/strong><\/td><td>Piano Digital<\/td><\/tr><tr><td><strong>Tipo de conector<\/strong><\/td><td>\/<\/td><\/tr><\/tbody><\/table><\/figure>\n\n\n\n<div style=\"height:31px\" aria-hidden=\"true\" class=\"wp-block-spacer\"><\/div>\n\n\n\n<h2 class=\"wp-block-heading\">M\u00e1s sobre el Piano Digital Alesis Recital<\/h2>\n\n\n\n<ul>\n<li>Piano digital lleno de funciones: Teclado electr\u00f3nico con 88 teclas semi-contrapesadas de primera calidad y tama\u00f1o completo con respuesta t\u00e1ctil ajustable para adaptarse a tu estilo<\/li>\n\n\n\n<li>Sonidos de alta calidad: 5 voces (Piano ac\u00fastico, Piano el\u00e9ctrico, \u00d3rgano, sintetizador y bajo), efectos incorporados: coro y reverberaci\u00f3n y altavoces incorporados para un sonido muy potente<\/li>\n\n\n\n<li>Entrada de pedal de sustain 6.35 mm (pedal no incluido), toma de auriculares de 6.35 mm, salidas RCA est\u00e9reo para conectar a altavoces \/ amplificadores<\/li>\n\n\n\n<li>Lleva el piano siempre contigo: Alimentado por un adaptador de corriente (incluido) o con 6 bater\u00edas tipo D (no incluidas) podr\u00e1s practicar dondequiera que vayas<\/li>\n\n\n\n<li>Modos Est\u00e1ndar, Divisi\u00f3n, Capa y de Lecci\u00f3n con polifon\u00eda m\u00e1xima de 128 notas y suscripci\u00f3n de 3 meses en Skoove para lecciones expertas de piano en l\u00ednea<\/li>\n\n\n\n<li>Clases de piano interactivas incluidas: 60 lecciones virtuales de Melodics gratis para que perfecciones tus virtudes en cualquier g\u00e9nero o t\u00e9cnica que quieras dominar<\/li>\n<\/ul>\n\n\n\n<div style=\"height:31px\" aria-hidden=\"true\" class=\"wp-block-spacer\"><\/div>\n\n\n\n<h2 class=\"wp-block-heading\">Todas las Ventajas del Piano Digital Alesis Recital<\/h2>\n\n\n\n<h3 class=\"wp-block-heading\">Sobre Alesis<\/h3>\n\n\n\n<p>Establecida en 1984, Alesis se ha convertido en uno de los principales fabricantes de procesadores de se\u00f1al, bater\u00edas electr\u00f3nicas, sintetizadores y equipos de estudio. Ha revolucionado la industria de la m\u00fasica con sus innovadores equipos de grabaci\u00f3n, percusi\u00f3n, teclados y equipos de sonido. Alesis se compromete a ofrecer el equipo de audio profesional m\u00e1s innovador e inspirador para m\u00fasicos, productores e ingenieros de todos los niveles.<\/p>\n\n\n\n<figure class=\"wp-block-image aligncenter size-large\"><img decoding=\"async\" loading=\"lazy\" width=\"1024\" height=\"420\" src=\"https:\/\/hablemosdepiano.com\/wp-content\/uploads\/2023\/04\/Alesis-Recital-Piano-Digital-08-1024x420.jpg\" alt=\"\" class=\"wp-image-132\" srcset=\"https:\/\/hablemosdepiano.com\/wp-content\/uploads\/2023\/04\/Alesis-Recital-Piano-Digital-08-1024x420.jpg 1024w, https:\/\/hablemosdepiano.com\/wp-content\/uploads\/2023\/04\/Alesis-Recital-Piano-Digital-08-300x123.jpg 300w, https:\/\/hablemosdepiano.com\/wp-content\/uploads\/2023\/04\/Alesis-Recital-Piano-Digital-08-768x315.jpg 768w, https:\/\/hablemosdepiano.com\/wp-content\/uploads\/2023\/04\/Alesis-Recital-Piano-Digital-08.jpg 1464w\" sizes=\"(max-width: 1024px) 100vw, 1024px\" \/><\/figure>\n\n\n\n<h3 class=\"wp-block-heading\">Tacto perfecto, Sonido de primera calidad<\/h3>\n\n\n\n<p>El Piano Digital Alesis Recital tiene 88 teclas semi-contrapesadas de tama\u00f1o completo, 5 voces real\u00edsticas, funciones Reverb y Chorus ajustables para personalizar su sonido y potentes altavoces de 20 vatios.<\/p>\n\n\n\n<p>Alesis Recital ofrece un sonido de primera calidad y una excelente experiencia de interpretaci\u00f3n.<\/p>\n\n\n\n<h3 class=\"wp-block-heading\">Incluye Skoove Premium<\/h3>\n\n\n\n<p>Skoove es el modo m\u00e1s sencillo de aprender a tocar el piano y ofrece cursos detallados en l\u00ednea que se adaptan a ti y te informan sobre tu progreso.<\/p>\n\n\n\n<p>Desarrolla tu repertorio cuando prefieras y a tu ritmo con un cat\u00e1logo seleccionado, que ofrece desde temas actuales populares hasta m\u00fasica cl\u00e1sica.<\/p>\n\n\n\n<p>\u00bfNecesitas ayuda? El equipo experto de m\u00fasicos de Skoove est\u00e1 a tu alcance para ofrecerte soporte personalizado y responder a tus preguntas.<\/p>\n\n\n\n<figure class=\"wp-block-image aligncenter size-large\"><img decoding=\"async\" loading=\"lazy\" width=\"1024\" height=\"420\" src=\"https:\/\/hablemosdepiano.com\/wp-content\/uploads\/2023\/04\/Alesis-Recital-Piano-Digital-09-1024x420.jpg\" alt=\"\" class=\"wp-image-133\" srcset=\"https:\/\/hablemosdepiano.com\/wp-content\/uploads\/2023\/04\/Alesis-Recital-Piano-Digital-09-1024x420.jpg 1024w, https:\/\/hablemosdepiano.com\/wp-content\/uploads\/2023\/04\/Alesis-Recital-Piano-Digital-09-300x123.jpg 300w, https:\/\/hablemosdepiano.com\/wp-content\/uploads\/2023\/04\/Alesis-Recital-Piano-Digital-09-768x315.jpg 768w, https:\/\/hablemosdepiano.com\/wp-content\/uploads\/2023\/04\/Alesis-Recital-Piano-Digital-09.jpg 1464w\" sizes=\"(max-width: 1024px) 100vw, 1024px\" \/><\/figure>\n\n\n\n<h3 class=\"wp-block-heading\">Potentes funciones educativas<\/h3>\n\n\n\n<p>Recital cuenta con un metr\u00f3nomo totalmente ajustable y un innovador modo de lecciones, que permite que el estudiante y el profesor se observen mutuamente con facilidad y toquen juntos.<\/p>\n\n\n\n<h3 class=\"wp-block-heading\">Altavoces integrados<\/h3>\n\n\n\n<p>Con potentes altavoces integrados de 20 W y una polifon\u00eda m\u00e1xima de 128 notas para ofrecer el sonido de m\u00e1xima calidad que deseas para que consigas una interpretaci\u00f3n perfecta.<\/p>\n\n\n\n<h3 class=\"wp-block-heading\">Todas las conexiones adecuadas<\/h3>\n\n\n\n<p>Practica en privado con la salida de auriculares de 1\/4&#8243;, a\u00f1ade sostenuto con la entrada de pedal de sostenimiento o con\u00e9ctate a cualquier grabadora, mezclador etc a trav\u00e9s de las salidas RCA.<\/p>\n\n\n\n<h3 class=\"wp-block-heading\">Sonidos profesionales y multitud de prestaciones<\/h3>\n\n\n\n<p>Practica e interpreta con 5 voces, personaliza esas voces combinando dos de ellas a la vez en el modo de capas o asigna voces solo a la mano derecha o izquierda con el modo de divisi\u00f3n.<\/p>\n\n\n\n<h2 class=\"wp-block-heading\">Comparativa con otros Pianos Digitales Alesis<\/h2>\n\n\n\n<figure class=\"wp-block-table\"><table><tbody><tr><td><\/td><td class=\"has-text-align-center\" data-align=\"center\"><img decoding=\"async\" loading=\"lazy\" width=\"200\" height=\"225\" class=\"wp-image-87\" style=\"width: 150px;\" src=\"https:\/\/hablemosdepiano.com\/wp-content\/uploads\/2023\/04\/recital.jpg\" alt=\"\"><\/td><td class=\"has-text-align-center\" data-align=\"center\"><a href=\"https:\/\/hablemosdepiano.com\/index.php\/resena-alesis-prestige-artist-piano-digital\/\"><img decoding=\"async\" loading=\"lazy\" width=\"200\" height=\"225\" class=\"wp-image-85\" style=\"width: 150px;\" src=\"https:\/\/hablemosdepiano.com\/wp-content\/uploads\/2023\/04\/prestige-artist.jpg\" alt=\"\"><\/a><\/td><td class=\"has-text-align-center\" data-align=\"center\"><a href=\"https:\/\/hablemosdepiano.com\/index.php\/resena-alesis-recital-pro-piano-digital\/\"><img decoding=\"async\" loading=\"lazy\" width=\"200\" height=\"225\" class=\"wp-image-86\" style=\"width: 150px;\" src=\"https:\/\/hablemosdepiano.com\/wp-content\/uploads\/2023\/04\/recital-pro.jpg\" alt=\"\"><\/a><\/td><td class=\"has-text-align-center\" data-align=\"center\"><a href=\"https:\/\/hablemosdepiano.com\/index.php\/resena-alesis-recital-grand-piano-digital\/\"><img decoding=\"async\" loading=\"lazy\" width=\"200\" height=\"225\" class=\"wp-image-84\" style=\"width: 150px;\" src=\"https:\/\/hablemosdepiano.com\/wp-content\/uploads\/2023\/04\/recital-grand.jpg\" alt=\"\"><\/a><\/td><\/tr><tr><td><strong>Tipo de teclas<\/strong><\/td><td class=\"has-text-align-center\" data-align=\"center\">Semi-contrapesadas<\/td><td class=\"has-text-align-center\" data-align=\"center\">Martillo graduado<\/td><td class=\"has-text-align-center\" data-align=\"center\">Acci\u00f3n martillo<\/td><td class=\"has-text-align-center\" data-align=\"center\">Martillo graduado<\/td><\/tr><tr><td><strong>N\u00famero de teclas<\/strong><\/td><td class=\"has-text-align-center\" data-align=\"center\">88<\/td><td class=\"has-text-align-center\" data-align=\"center\">88<\/td><td class=\"has-text-align-center\" data-align=\"center\">88<\/td><td class=\"has-text-align-center\" data-align=\"center\">88<\/td><\/tr><tr><td><strong>N\u00famero de voces<\/strong><\/td><td class=\"has-text-align-center\" data-align=\"center\">5<\/td><td class=\"has-text-align-center\" data-align=\"center\">30<\/td><td class=\"has-text-align-center\" data-align=\"center\">12<\/td><td class=\"has-text-align-center\" data-align=\"center\">16<\/td><\/tr><tr><td><strong>Polifon\u00eda<\/strong><\/td><td class=\"has-text-align-center\" data-align=\"center\">128<\/td><td class=\"has-text-align-center\" data-align=\"center\">256<\/td><td class=\"has-text-align-center\" data-align=\"center\">128<\/td><td class=\"has-text-align-center\" data-align=\"center\">128<\/td><\/tr><tr><td><strong>Arpegiador<\/strong><\/td><td class=\"has-text-align-center\" data-align=\"center\">\u2718<\/td><td class=\"has-text-align-center\" data-align=\"center\">\u2714<\/td><td class=\"has-text-align-center\" data-align=\"center\">\u2718<\/td><td class=\"has-text-align-center\" data-align=\"center\">\u2718<\/td><\/tr><tr><td><strong>Pantalla<\/strong><\/td><td class=\"has-text-align-center\" data-align=\"center\">\u2718<\/td><td class=\"has-text-align-center\" data-align=\"center\">\u2714<\/td><td class=\"has-text-align-center\" data-align=\"center\">\u2714<\/td><td class=\"has-text-align-center\" data-align=\"center\">\u2718<\/td><\/tr><tr><td><strong>Modo Lecci\u00f3n<\/strong><\/td><td class=\"has-text-align-center\" data-align=\"center\">\u2714<\/td><td class=\"has-text-align-center\" data-align=\"center\">\u2714<\/td><td class=\"has-text-align-center\" data-align=\"center\">\u2714<\/td><td class=\"has-text-align-center\" data-align=\"center\">\u2714<\/td><\/tr><tr><td><strong>Modo Grabaci\u00f3n<\/strong><\/td><td class=\"has-text-align-center\" data-align=\"center\">\u2718<\/td><td class=\"has-text-align-center\" data-align=\"center\">\u2714<\/td><td class=\"has-text-align-center\" data-align=\"center\">\u2714<\/td><td class=\"has-text-align-center\" data-align=\"center\">\u2714<\/td><\/tr><tr><td><strong>Pedal de Sostenido<\/strong><\/td><td class=\"has-text-align-center\" data-align=\"center\">\u2718<\/td><td class=\"has-text-align-center\" data-align=\"center\">\u2714<\/td><td class=\"has-text-align-center\" data-align=\"center\">\u2718<\/td><td class=\"has-text-align-center\" data-align=\"center\">\u2714<\/td><\/tr><tr><td><strong>Salida USB MIDI<\/strong><\/td><td class=\"has-text-align-center\" data-align=\"center\">\u2714<\/td><td class=\"has-text-align-center\" data-align=\"center\">\u2714<\/td><td class=\"has-text-align-center\" data-align=\"center\">\u2714<\/td><td class=\"has-text-align-center\" data-align=\"center\">\u2714<\/td><\/tr><tr><td><strong>Color<\/strong><\/td><td class=\"has-text-align-center\" data-align=\"center\">Negro\/Blanco<\/td><td class=\"has-text-align-center\" data-align=\"center\">Negro<\/td><td class=\"has-text-align-center\" data-align=\"center\">Negro<\/td><td class=\"has-text-align-center\" data-align=\"center\">Negro<\/td><\/tr><\/tbody><\/table><\/figure>\n\n\n\n<div class=\"wp-block-buttons is-content-justification-center is-layout-flex wp-container-4\">\n<div class=\"wp-block-button has-custom-font-size is-style-fill has-medium-font-size\"><a class=\"wp-block-button__link has-black-color has-luminous-vivid-amber-background-color has-text-color has-background wp-element-button\" href=\"https:\/\/amzn.to\/3KIWRlP\" style=\"border-radius:0px\" target=\"_blank\" rel=\"https:\/\/amzn.to\/3MpJ8kX noopener\">Comprar en AMAZON<\/a><\/div>\n<\/div>\n","protected":false},"excerpt":{"rendered":"<p>Alesis Recital &#8211; Teclado de Piano Digital El\u00e9ctrico con 88 Teclas semi-contrapesadas de Tama\u00f1o Completo, Fuente de Alimentaci\u00f3n, Altavoces Incorporados y 5 voces es un piano electr\u00f3nico que est\u00e1 triunfando por su relaci\u00f3n calidad-precio en Amazon. En esta ficha te describimos todas sus caracter\u00edsticas y lo comparamos con otros pianos digitales de la misma marca. &hellip;<\/p>\n<p class=\"read-more\"> <a class=\"\" href=\"https:\/\/hablemosdepiano.com\/index.php\/resena-alesis-recital-piano-digital\/\"> <span class=\"screen-reader-text\">Rese\u00f1a Alesis Recital Piano Digital<\/span> Leer m\u00e1s &raquo;<\/a><\/p>\n","protected":false},"author":1,"featured_media":0,"parent":0,"menu_order":0,"comment_status":"closed","ping_status":"closed","template":"","meta":{"site-sidebar-layout":"default","site-content-layout":"default","ast-global-header-display":"","ast-main-header-display":"","ast-hfb-above-header-display":"","ast-hfb-below-header-display":"","ast-hfb-mobile-header-display":"","site-post-title":"","ast-breadcrumbs-content":"","ast-featured-img":"","footer-sml-layout":"","theme-transparent-header-meta":"","adv-header-id-meta":"","stick-header-meta":"","header-above-stick-meta":"","header-main-stick-meta":"","header-below-stick-meta":""},"_links":{"self":[{"href":"https:\/\/hablemosdepiano.com\/index.php\/wp-json\/wp\/v2\/pages\/120"}],"collection":[{"href":"https:\/\/hablemosdepiano.com\/index.php\/wp-json\/wp\/v2\/pages"}],"about":[{"href":"https:\/\/hablemosdepiano.com\/index.php\/wp-json\/wp\/v2\/types\/page"}],"author":[{"embeddable":true,"href":"https:\/\/hablemosdepiano.com\/index.php\/wp-json\/wp\/v2\/users\/1"}],"replies":[{"embeddable":true,"href":"https:\/\/hablemosdepiano.com\/index.php\/wp-json\/wp\/v2\/comments?post=120"}],"version-history":[{"count":7,"href":"https:\/\/hablemosdepiano.com\/index.php\/wp-json\/wp\/v2\/pages\/120\/revisions"}],"predecessor-version":[{"id":177,"href":"https:\/\/hablemosdepiano.com\/index.php\/wp-json\/wp\/v2\/pages\/120\/revisions\/177"}],"wp:attachment":[{"href":"https:\/\/hablemosdepiano.com\/index.php\/wp-json\/wp\/v2\/media?parent=120"}],"curies":[{"name":"wp","href":"https:\/\/api.w.org\/{rel}","templated":true}]}}